{"id":8362,"date":"2023-06-27T16:00:13","date_gmt":"2023-06-27T19:00:13","guid":{"rendered":"https:\/\/ensvillaguay-ers.infd.edu.ar\/sitio\/?page_id=8362"},"modified":"2026-03-31T19:35:59","modified_gmt":"2026-03-31T22:35:59","slug":"coordinacion-del-campo-de-la-formacion-en-la-practica-profesional-2","status":"publish","type":"page","link":"https:\/\/ensvillaguay-ers.infd.edu.ar\/sitio\/coordinacion-del-campo-de-la-formacion-en-la-practica-profesional-2\/","title":{"rendered":"Campo de la Formaci\u00f3n en la Pr\u00e1ctica Profesional \u00a0"},"content":{"rendered":"\n<figure class=\"wp-block-image size-large\"><img decoding=\"async\" loading=\"lazy\" width=\"1900\" height=\"807\" src=\"https:\/\/ensvillaguay-ers.infd.edu.ar\/sitio\/wp-content\/uploads\/2025\/04\/Propuestas-de-Formacion-Docente-Inicial-1900x807.jpg\" alt=\"\" class=\"wp-image-11455\" srcset=\"https:\/\/ensvillaguay-ers.infd.edu.ar\/sitio\/wp-content\/uploads\/2025\/04\/Propuestas-de-Formacion-Docente-Inicial-1900x807.jpg 1900w, https:\/\/ensvillaguay-ers.infd.edu.ar\/sitio\/wp-content\/uploads\/2025\/04\/Propuestas-de-Formacion-Docente-Inicial-1000x425.jpg 1000w, https:\/\/ensvillaguay-ers.infd.edu.ar\/sitio\/wp-content\/uploads\/2025\/04\/Propuestas-de-Formacion-Docente-Inicial-768x326.jpg 768w, https:\/\/ensvillaguay-ers.infd.edu.ar\/sitio\/wp-content\/uploads\/2025\/04\/Propuestas-de-Formacion-Docente-Inicial-1536x653.jpg 1536w, https:\/\/ensvillaguay-ers.infd.edu.ar\/sitio\/wp-content\/uploads\/2025\/04\/Propuestas-de-Formacion-Docente-Inicial.jpg 1916w\" sizes=\"(max-width: 1900px) 100vw, 1900px\" \/><\/figure>\n\n\n\n<p>El Campo de la Pr\u00e1ctica se presenta acompa\u00f1ando de manera progresiva los dos campos curriculares restantes, Campo de la Formaci\u00f3n General y Campo de la Formaci\u00f3n Espec\u00edfica, que componen la propuesta de la Formaci\u00f3n Docente Inicial. La Resoluci\u00f3n n\u00b0 24\/07 CFE define el campo de la formaci\u00f3n en la pr\u00e1ctica profesional como un campo de sustantiva relevancia, ya que completa la configuraci\u00f3n de la formaci\u00f3n docente.<\/p>\n\n\n\n<p>La Resoluci\u00f3n n\u00b0 3266\/11 CGE hace su encuadre en la Ley de Educaci\u00f3n Nacional n\u00b0 26.206, la Ley de Educaci\u00f3n Provincial n\u00b0 9890, la Resoluci\u00f3n n\u00b0 30\/07 CFE, Resoluci\u00f3n n\u00b0 24\/07 CFE y n\u00b0 72\/08 CFE. Dicho marco expone la necesidad de fortalecer las vinculaciones entre el Nivel Superior y las escuelas asociadas, a trav\u00e9s de una nueva institucionalidad mediante pol\u00edticas de fortalecimiento de las relaciones entre los distintos Niveles y Modalidades del Sistema Educativo Provincial, dando participaci\u00f3n a las comunidades educativas y las particularidades de cada contexto.<\/p>\n\n\n\n<p>La Escuela Normal Superior \u201cMartiniano Leguizam\u00f3n\u201d pretende arbitrar los medios para que los profesores de la Formaci\u00f3n Docente y los maestros\/profesores coformadores participen en el acompa\u00f1amiento, supervisi\u00f3n y evaluaci\u00f3n del proceso y de la pr\u00e1ctica propiamente dicha. La organizaci\u00f3n de las acciones entre ambas instituciones estar\u00e1 a cargo de la Coordinaci\u00f3n y los Docentes del Campo de la Pr\u00e1ctica.<\/p>\n\n\n<h4 style=\"text-align: center;\"><span style=\"color: #ff6600;\"><strong>Formaci\u00f3n Docente Inicial<\/strong><\/span><\/h4>\n\n\n<figure class=\"wp-block-table is-style-stripes\"><table><tbody><tr><td class=\"has-text-align-center\" data-align=\"center\"><strong>Reglamento de Pr\u00e1ctica en el marco de las vinculaciones del Sistema Formador <br>con las escuelas e instituciones asociadas<br>Resoluci\u00f3n n\u00b0 3266\/11 CGE<\/strong><\/td><td class=\"has-text-align-center\" data-align=\"center\"><strong><a rel=\"noreferrer noopener\" href=\"https:\/\/ensvillaguay-ers.infd.edu.ar\/sitio\/normativas-nivel-superior\/upload\/RES_CGE_N_3266_-_Reglamento_de_practicas_en_el_marco_de_las_vinculaciones_del_sistema_formador.pdf\" data-type=\"URL\" data-id=\"https:\/\/ensvillaguay-ers.infd.edu.ar\/sitio\/normativas-nivel-superior\/upload\/RES_CGE_N_3266_-_Reglamento_de_practicas_en_el_marco_de_las_vinculaciones_del_sistema_formador.pdf\" target=\"_blank\">Descargar<\/a><\/strong><br><img decoding=\"async\" loading=\"lazy\" width=\"32\" height=\"32\" class=\"wp-image-10631\" style=\"width: 32px;\" src=\"https:\/\/ensvillaguay-ers.infd.edu.ar\/sitio\/wp-content\/uploads\/2024\/04\/tocar.png\" alt=\"\"><\/td><\/tr><tr><td class=\"has-text-align-center\" data-align=\"center\"><strong>Pautas para la planificaci\u00f3n y desarrollo de las Pr\u00e1cticas Docentes<\/strong><br><strong>Resoluci\u00f3n n\u00b0 1776\/22 CGE<\/strong><\/td><td class=\"has-text-align-center\" data-align=\"center\"><strong><a rel=\"noreferrer noopener\" href=\"https:\/\/drive.google.com\/file\/d\/1h14Z07RAXms6JR9Lb7y5pFdh5H1EnYAM\/view?usp=drive_link\" data-type=\"URL\" data-id=\"https:\/\/drive.google.com\/file\/d\/1h14Z07RAXms6JR9Lb7y5pFdh5H1EnYAM\/view?usp=drive_link\" target=\"_blank\">Descargar<\/a><\/strong><br><img decoding=\"async\" loading=\"lazy\" width=\"32\" height=\"32\" class=\"wp-image-10631\" style=\"width: 32px;\" src=\"https:\/\/ensvillaguay-ers.infd.edu.ar\/sitio\/wp-content\/uploads\/2024\/04\/tocar.png\" alt=\"\"><\/td><\/tr><tr><td class=\"has-text-align-center\" data-align=\"center\"><strong>Acuerdo Marco Unificado para las unidades curriculares<\/strong><br><strong>de<\/strong> <strong>Pr\u00e1ctica Docente I \u2013 II \u2013 III &#8211; IV<\/strong><br><strong>Organizaci\u00f3n y encuadre normativo<\/strong><\/td><td class=\"has-text-align-center\" data-align=\"center\"><strong><a href=\"https:\/\/drive.google.com\/file\/d\/1LDFDepS80kRLGaRPjgGDnRVTo5EbnzSs\/view?usp=sharing\" data-type=\"URL\" data-id=\"https:\/\/drive.google.com\/file\/d\/1LDFDepS80kRLGaRPjgGDnRVTo5EbnzSs\/view?usp=sharing\" target=\"_blank\" rel=\"noreferrer noopener\">Descargar<\/a><\/strong><br><img decoding=\"async\" loading=\"lazy\" width=\"32\" height=\"32\" class=\"wp-image-10631\" style=\"width: 32px;\" src=\"https:\/\/ensvillaguay-ers.infd.edu.ar\/sitio\/wp-content\/uploads\/2024\/04\/tocar.png\" alt=\"\"><\/td><\/tr><tr><td class=\"has-text-align-center\" data-align=\"center\"><strong>Anexo I Profesorado de Educaci\u00f3n Inicial<\/strong><\/td><td class=\"has-text-align-center\" data-align=\"center\"><strong><a href=\"https:\/\/drive.google.com\/file\/d\/1HaNCNEMAD7UDsVatT4a4V-Po4q3dFIEq\/view?usp=sharing\" data-type=\"URL\" data-id=\"https:\/\/drive.google.com\/file\/d\/1HaNCNEMAD7UDsVatT4a4V-Po4q3dFIEq\/view?usp=sharing\" target=\"_blank\" rel=\"noreferrer noopener\">Descargar<\/a><\/strong><br><img decoding=\"async\" loading=\"lazy\" width=\"32\" height=\"32\" class=\"wp-image-10631\" style=\"width: 32px;\" src=\"https:\/\/ensvillaguay-ers.infd.edu.ar\/sitio\/wp-content\/uploads\/2024\/04\/tocar.png\" alt=\"\"><\/td><\/tr><tr><td class=\"has-text-align-center\" data-align=\"center\"><strong>Anexo II Profesorado de Educaci\u00f3n Primaria<\/strong><\/td><td class=\"has-text-align-center\" data-align=\"center\"><strong><a href=\"https:\/\/drive.google.com\/file\/d\/1K9hK4mPM6YxQnaWLFa6OLOz_HdBXUbsd\/view?usp=sharing\" data-type=\"URL\" data-id=\"https:\/\/drive.google.com\/file\/d\/1K9hK4mPM6YxQnaWLFa6OLOz_HdBXUbsd\/view?usp=sharing\" target=\"_blank\" rel=\"noreferrer noopener\">Descargar<\/a><\/strong><br><img decoding=\"async\" loading=\"lazy\" width=\"32\" height=\"32\" class=\"wp-image-10631\" style=\"width: 32px;\" src=\"https:\/\/ensvillaguay-ers.infd.edu.ar\/sitio\/wp-content\/uploads\/2024\/04\/tocar.png\" alt=\"\"><\/td><\/tr><tr><td class=\"has-text-align-center\" data-align=\"center\"><strong>Anexo III Profesorado de Educaci\u00f3n Secundaria<\/strong><\/td><td class=\"has-text-align-center\" data-align=\"center\"><strong><a href=\"https:\/\/drive.google.com\/file\/d\/10dIpt3P0ypJ_rHT0HzOMLv7gfY4m0vjt\/view?usp=sharing\" data-type=\"URL\" data-id=\"https:\/\/drive.google.com\/file\/d\/10dIpt3P0ypJ_rHT0HzOMLv7gfY4m0vjt\/view?usp=sharing\" target=\"_blank\" rel=\"noreferrer noopener\">Descargar<\/a><\/strong><br><img decoding=\"async\" loading=\"lazy\" width=\"32\" height=\"32\" class=\"wp-image-10631\" style=\"width: 32px;\" src=\"https:\/\/ensvillaguay-ers.infd.edu.ar\/sitio\/wp-content\/uploads\/2024\/04\/tocar.png\" alt=\"\"><\/td><\/tr><tr><td class=\"has-text-align-center\" data-align=\"center\"><strong>Documentos para editar<\/strong><\/td><td class=\"has-text-align-center\" data-align=\"center\"><strong><a href=\"https:\/\/drive.google.com\/drive\/folders\/1JHxdCDWXloEJ2QXLrjAac2JeiO_lOKgL?usp=sharing\" data-type=\"URL\" data-id=\"https:\/\/drive.google.com\/drive\/folders\/1JHxdCDWXloEJ2QXLrjAac2JeiO_lOKgL?usp=sharing\" target=\"_blank\" rel=\"noreferrer noopener\">Descargar<\/a><\/strong><br><img decoding=\"async\" loading=\"lazy\" width=\"32\" height=\"32\" class=\"wp-image-10631\" style=\"width: 32px;\" src=\"https:\/\/ensvillaguay-ers.infd.edu.ar\/sitio\/wp-content\/uploads\/2024\/04\/tocar.png\" alt=\"\"><\/td><\/tr><tr><td class=\"has-text-align-center\" data-align=\"center\"><strong>Instituciones Asociadas<br>Vigencia de Actas Acuerdo<\/strong><\/td><td class=\"has-text-align-center\" data-align=\"center\"><strong><a href=\"https:\/\/docs.google.com\/document\/d\/1Ypukwgc5-vZiZ1oxN_jvVC9qAqa6mGRN\/edit?usp=sharing&amp;ouid=103596383969249348830&amp;rtpof=true&amp;sd=true\" data-type=\"URL\" data-id=\"https:\/\/docs.google.com\/document\/d\/1Ypukwgc5-vZiZ1oxN_jvVC9qAqa6mGRN\/edit?usp=sharing&amp;ouid=103596383969249348830&amp;rtpof=true&amp;sd=true\" target=\"_blank\" rel=\"noreferrer noopener\">Descargar<\/a><\/strong><br><img decoding=\"async\" src=\"https:\/\/ensvillaguay-ers.infd.edu.ar\/sitio\/wp-content\/uploads\/2024\/04\/tocar.png\" alt=\"\"><\/td><\/tr><\/tbody><\/table><\/figure>\n\n\n<h4 style=\"text-align: center;\"><span style=\"color: #ff6600;\"><strong>Formaci\u00f3n T\u00e9cnico Pr<span style=\"color: #ff6600;\">ofesi<\/span><\/strong>onal<\/span><\/h4>\n\n\n<figure class=\"wp-block-table is-style-stripes\"><table><tbody><tr><td class=\"has-text-align-center\" data-align=\"center\"><strong>Marco Orientador para las Pr\u00e1cticas Profesionalizantes de la ETP de Nivel Superior<\/strong><br><strong>Resoluci\u00f3n n\u00b0 0686\/23 CGE<\/strong><\/td><td class=\"has-text-align-center\" data-align=\"center\"><strong><a href=\"https:\/\/agmer.org.ar\/index\/wp-content\/uploads\/2023\/07\/resolucion_0686-23_cge.pdf\" data-type=\"URL\" data-id=\"https:\/\/agmer.org.ar\/index\/wp-content\/uploads\/2023\/07\/resolucion_0686-23_cge.pdf\" target=\"_blank\" rel=\"noreferrer noopener\">Descargar<\/a><\/strong><br><img decoding=\"async\" loading=\"lazy\" width=\"32\" height=\"32\" class=\"wp-image-10631\" style=\"width: 32px;\" src=\"https:\/\/ensvillaguay-ers.infd.edu.ar\/sitio\/wp-content\/uploads\/2024\/04\/tocar.png\" alt=\"\"><\/td><\/tr><tr><td class=\"has-text-align-center\" data-align=\"center\"><strong>Instituciones Asociadas <br>Convenio de Pr\u00e1cticas Profesionalizantes<\/strong><\/td><td class=\"has-text-align-center\" data-align=\"center\"><strong><a href=\"https:\/\/docs.google.com\/document\/d\/1T0aeZqDACMMYOEObVsQ4nCpCWyd6C13q\/edit\" data-type=\"URL\" data-id=\"https:\/\/docs.google.com\/document\/d\/1T0aeZqDACMMYOEObVsQ4nCpCWyd6C13q\/edit\" target=\"_blank\" rel=\"noreferrer noopener\">Descargar <\/a><\/strong><br><img decoding=\"async\" loading=\"lazy\" width=\"32\" height=\"32\" class=\"wp-image-10631\" style=\"width: 32px;\" src=\"https:\/\/ensvillaguay-ers.infd.edu.ar\/sitio\/wp-content\/uploads\/2024\/04\/tocar.png\" alt=\"\"><\/td><\/tr><\/tbody><\/table><\/figure>\n","protected":false},"excerpt":{"rendered":"<p>El Campo de la Pr\u00e1ctica se presenta acompa\u00f1ando de manera progresiva los dos campos curriculares restantes, Campo de la Formaci\u00f3n General y Campo de la Formaci\u00f3n Espec\u00edfica, que componen la propuesta de la Formaci\u00f3n Docente Inicial. La Resoluci\u00f3n n\u00b0 24\/07 CFE define el campo de la formaci\u00f3n en la pr\u00e1ctica profesional como un campo de &#8230; <a title=\"Campo de la Formaci\u00f3n en la Pr\u00e1ctica Profesional \u00a0\" class=\"read-more\" href=\"https:\/\/ensvillaguay-ers.infd.edu.ar\/sitio\/coordinacion-del-campo-de-la-formacion-en-la-practica-profesional-2\/\" aria-label=\"More on Campo de la Formaci\u00f3n en la Pr\u00e1ctica Profesional \u00a0\">[+]<\/a><\/p>\n","protected":false},"author":1427,"featured_media":0,"parent":0,"menu_order":0,"comment_status":"closed","ping_status":"closed","template":"","meta":[],"acf":[],"_links":{"self":[{"href":"https:\/\/ensvillaguay-ers.infd.edu.ar\/sitio\/wp-json\/wp\/v2\/pages\/8362"}],"collection":[{"href":"https:\/\/ensvillaguay-ers.infd.edu.ar\/sitio\/wp-json\/wp\/v2\/pages"}],"about":[{"href":"https:\/\/ensvillaguay-ers.infd.edu.ar\/sitio\/wp-json\/wp\/v2\/types\/page"}],"author":[{"embeddable":true,"href":"https:\/\/ensvillaguay-ers.infd.edu.ar\/sitio\/wp-json\/wp\/v2\/users\/1427"}],"replies":[{"embeddable":true,"href":"https:\/\/ensvillaguay-ers.infd.edu.ar\/sitio\/wp-json\/wp\/v2\/comments?post=8362"}],"version-history":[{"count":21,"href":"https:\/\/ensvillaguay-ers.infd.edu.ar\/sitio\/wp-json\/wp\/v2\/pages\/8362\/revisions"}],"predecessor-version":[{"id":12343,"href":"https:\/\/ensvillaguay-ers.infd.edu.ar\/sitio\/wp-json\/wp\/v2\/pages\/8362\/revisions\/12343"}],"wp:attachment":[{"href":"https:\/\/ensvillaguay-ers.infd.edu.ar\/sitio\/wp-json\/wp\/v2\/media?parent=8362"}],"curies":[{"name":"wp","href":"https:\/\/api.w.org\/{rel}","templated":true}]}}