{"id":8440,"date":"2023-08-18T21:41:41","date_gmt":"2023-08-19T00:41:41","guid":{"rendered":"https:\/\/ensvillaguay-ers.infd.edu.ar\/sitio\/?page_id=8440"},"modified":"2023-08-25T12:19:55","modified_gmt":"2023-08-25T15:19:55","slug":"canal-de-youtube-institucional","status":"publish","type":"page","link":"https:\/\/ensvillaguay-ers.infd.edu.ar\/sitio\/canal-de-youtube-institucional\/","title":{"rendered":"Canal de YouTube Institucional"},"content":{"rendered":"\n<figure class=\"wp-block-image size-full\"><img decoding=\"async\" loading=\"lazy\" width=\"1899\" height=\"947\" src=\"https:\/\/ensvillaguay-ers.infd.edu.ar\/sitio\/wp-content\/uploads\/2023\/08\/Propuestas-de-Formacion-Docente-Inicial-1.jpg\" alt=\"\" class=\"wp-image-8493\" srcset=\"https:\/\/ensvillaguay-ers.infd.edu.ar\/sitio\/wp-content\/uploads\/2023\/08\/Propuestas-de-Formacion-Docente-Inicial-1.jpg 1899w, https:\/\/ensvillaguay-ers.infd.edu.ar\/sitio\/wp-content\/uploads\/2023\/08\/Propuestas-de-Formacion-Docente-Inicial-1-1000x499.jpg 1000w, https:\/\/ensvillaguay-ers.infd.edu.ar\/sitio\/wp-content\/uploads\/2023\/08\/Propuestas-de-Formacion-Docente-Inicial-1-768x383.jpg 768w, https:\/\/ensvillaguay-ers.infd.edu.ar\/sitio\/wp-content\/uploads\/2023\/08\/Propuestas-de-Formacion-Docente-Inicial-1-1536x766.jpg 1536w\" sizes=\"(max-width: 1899px) 100vw, 1899px\" \/><\/figure>\n\n\n\n<p><strong><mark style=\"background-color:rgba(0, 0, 0, 0)\" class=\"has-inline-color has-contrast-2-color\">El Canal de Youtube Institucional de la Escuela Normal Superior Martiniano Leguizam\u00f3n, es un espacio mediante el cual, por un lado, compartimos propuestas virtuales en vivo de formaci\u00f3n docente continua. Y por otro, configura un recurso de comunicaci\u00f3n con la comunidad educativa<\/mark><\/strong>.<\/p>\n\n\n\n<p class=\"has-text-align-center\"><img decoding=\"async\" loading=\"lazy\" width=\"512\" height=\"512\" class=\"wp-image-8442\" style=\"width: 100px;\" src=\"https:\/\/ensvillaguay-ers.infd.edu.ar\/sitio\/wp-content\/uploads\/2023\/08\/f2ea1ded4d037633f687ee389a571086-logotipo-de-icono-de-youtube.png\" alt=\"\" srcset=\"https:\/\/ensvillaguay-ers.infd.edu.ar\/sitio\/wp-content\/uploads\/2023\/08\/f2ea1ded4d037633f687ee389a571086-logotipo-de-icono-de-youtube.png 512w, https:\/\/ensvillaguay-ers.infd.edu.ar\/sitio\/wp-content\/uploads\/2023\/08\/f2ea1ded4d037633f687ee389a571086-logotipo-de-icono-de-youtube-500x500.png 500w\" sizes=\"(max-width: 512px) 100vw, 512px\" \/><mark style=\"background-color:rgba(0, 0, 0, 0)\" class=\"has-inline-color has-contrast-2-color\"><strong>Entrado al siguiente link podes acceder a nuestro canal: <a href=\"https:\/\/www.youtube.com\/@escuelanormalsuperiormarti7252\/streams\">https:\/\/www.youtube.com\/@escuelanormalsuperiormarti7252\/streams<\/a><\/strong><\/mark><\/p>\n\n\n<div class=\"wp-block-image\">\n<figure class=\"aligncenter size-full is-resized\"><img decoding=\"async\" loading=\"lazy\" src=\"https:\/\/ensvillaguay-ers.infd.edu.ar\/sitio\/wp-content\/uploads\/2023\/08\/3.png\" alt=\"\" class=\"wp-image-8484\" width=\"573\" height=\"163\"\/><\/figure><\/div>","protected":false},"excerpt":{"rendered":"<p>El Canal de Youtube Institucional de la Escuela Normal Superior Martiniano Leguizam\u00f3n, es un espacio mediante el cual, por un lado, compartimos propuestas virtuales en vivo de formaci\u00f3n docente continua. Y por otro, configura un recurso de comunicaci\u00f3n con la comunidad educativa. Entrado al siguiente link podes acceder a nuestro canal: https:\/\/www.youtube.com\/@escuelanormalsuperiormarti7252\/streams<\/p>\n","protected":false},"author":1427,"featured_media":0,"parent":0,"menu_order":0,"comment_status":"closed","ping_status":"closed","template":"","meta":[],"acf":[],"_links":{"self":[{"href":"https:\/\/ensvillaguay-ers.infd.edu.ar\/sitio\/wp-json\/wp\/v2\/pages\/8440"}],"collection":[{"href":"https:\/\/ensvillaguay-ers.infd.edu.ar\/sitio\/wp-json\/wp\/v2\/pages"}],"about":[{"href":"https:\/\/ensvillaguay-ers.infd.edu.ar\/sitio\/wp-json\/wp\/v2\/types\/page"}],"author":[{"embeddable":true,"href":"https:\/\/ensvillaguay-ers.infd.edu.ar\/sitio\/wp-json\/wp\/v2\/users\/1427"}],"replies":[{"embeddable":true,"href":"https:\/\/ensvillaguay-ers.infd.edu.ar\/sitio\/wp-json\/wp\/v2\/comments?post=8440"}],"version-history":[{"count":5,"href":"https:\/\/ensvillaguay-ers.infd.edu.ar\/sitio\/wp-json\/wp\/v2\/pages\/8440\/revisions"}],"predecessor-version":[{"id":8495,"href":"https:\/\/ensvillaguay-ers.infd.edu.ar\/sitio\/wp-json\/wp\/v2\/pages\/8440\/revisions\/8495"}],"wp:attachment":[{"href":"https:\/\/ensvillaguay-ers.infd.edu.ar\/sitio\/wp-json\/wp\/v2\/media?parent=8440"}],"curies":[{"name":"wp","href":"https:\/\/api.w.org\/{rel}","templated":true}]}}