{"id":8497,"date":"2023-08-25T15:41:12","date_gmt":"2023-08-25T18:41:12","guid":{"rendered":"https:\/\/ensvillaguay-ers.infd.edu.ar\/sitio\/?page_id=8497"},"modified":"2026-03-09T22:12:07","modified_gmt":"2026-03-10T01:12:07","slug":"biblioteca-hebe-morosini","status":"publish","type":"page","link":"https:\/\/ensvillaguay-ers.infd.edu.ar\/sitio\/biblioteca-hebe-morosini\/","title":{"rendered":"Biblioteca \u201cHebe Morosini\u201d"},"content":{"rendered":"\n<figure class=\"wp-block-image size-full\"><img decoding=\"async\" loading=\"lazy\" width=\"1536\" height=\"743\" src=\"https:\/\/ensvillaguay-ers.infd.edu.ar\/sitio\/wp-content\/uploads\/2023\/08\/Propuestas-de-Formacion-Docente-Inicial-9-1536x743-1.jpg\" alt=\"\" class=\"wp-image-8498\" srcset=\"https:\/\/ensvillaguay-ers.infd.edu.ar\/sitio\/wp-content\/uploads\/2023\/08\/Propuestas-de-Formacion-Docente-Inicial-9-1536x743-1.jpg 1536w, https:\/\/ensvillaguay-ers.infd.edu.ar\/sitio\/wp-content\/uploads\/2023\/08\/Propuestas-de-Formacion-Docente-Inicial-9-1536x743-1-1000x484.jpg 1000w, https:\/\/ensvillaguay-ers.infd.edu.ar\/sitio\/wp-content\/uploads\/2023\/08\/Propuestas-de-Formacion-Docente-Inicial-9-1536x743-1-768x372.jpg 768w\" sizes=\"(max-width: 1536px) 100vw, 1536px\" \/><figcaption class=\"wp-element-caption\">                                                                                   <strong>Contacto<\/strong>: bibliotecahebemorossini789@gmail.com<\/figcaption><\/figure>\n\n\n\n<figure class=\"wp-block-table is-style-stripes\"><table><tbody><tr><td class=\"has-text-align-center\" data-align=\"center\"><a><strong>Libros Digitales de Nivel Superior<\/strong><\/a><\/td><td class=\"has-text-align-center\" data-align=\"center\"><a rel=\"noreferrer noopener\" href=\"https:\/\/drive.google.com\/drive\/folders\/1JtVdJGpLoh9JAZWDnPnDV941r_Wo7nD6?usp=share_link\" target=\"_blank\"><strong>Libros Digitales de Nivel Secundario<\/strong><\/a><\/td><td class=\"has-text-align-center\" data-align=\"center\"><a rel=\"noreferrer noopener\" href=\"https:\/\/drive.google.com\/drive\/folders\/16RBR7R28DGUUZFwVbYoy-JPHzfswk_0-?usp=share_link\" target=\"_blank\"><strong>Libros Digitales de Nivel Primario<\/strong><\/a><\/td><\/tr><\/tbody><\/table><\/figure>\n\n\n\n<p><a>                         <\/a><\/p>\n\n\n\n<figure class=\"wp-block-table is-style-stripes\"><table><tbody><tr><td class=\"has-text-align-center\" data-align=\"center\"><strong>Turno Ma\u00f1ana<\/strong><\/td><td class=\"has-text-align-center\" data-align=\"center\"><strong>Turno Tarde<\/strong><\/td><td class=\"has-text-align-center\" data-align=\"center\"><strong>Turno Noche<\/strong><\/td><\/tr><tr><td class=\"has-text-align-center\" data-align=\"center\"><strong>Mar\u00eda de los \u00c1ngeles<\/strong>&nbsp;<strong>Monz\u00f3n<\/strong><\/td><td class=\"has-text-align-center\" data-align=\"center\"><strong>  Mara Brufau  <\/strong>         <\/td><td class=\"has-text-align-center\" data-align=\"center\"><strong>Silvana<\/strong>&nbsp;<strong>Paccor<\/strong><\/td><\/tr><tr><td class=\"has-text-align-center\" data-align=\"center\"><em>Lunes<\/em><br><em>de 07:40 a 10:45 horas<\/em><\/td><td class=\"has-text-align-center\" data-align=\"center\"><em>Lunes a Viernes<\/em><br><em>de 13:00 a 17:00 horas<\/em><\/td><td class=\"has-text-align-center\" data-align=\"center\"><em>Lunes a viernes<\/em><br><em>de 18:30 a 22:30 horas<\/em><\/td><\/tr><tr><td class=\"has-text-align-center\" data-align=\"center\"><em>Martes: cerrado<\/em><\/td><td class=\"has-text-align-center\" data-align=\"center\"><\/td><td class=\"has-text-align-center\" data-align=\"center\"><\/td><\/tr><tr><td class=\"has-text-align-center\" data-align=\"center\">Mi\u00e9rcoles de 07 a las 10:45 horas<\/td><td class=\"has-text-align-center\" data-align=\"center\"><\/td><td class=\"has-text-align-center\" data-align=\"center\"><\/td><\/tr><tr><td class=\"has-text-align-center\" data-align=\"center\"><em>Jueves y&nbsp;Viernes<\/em><br><em>de 07:40 a 12:05 horas<\/em><\/td><td class=\"has-text-align-center\" data-align=\"center\"><\/td><td class=\"has-text-align-center\" data-align=\"center\"><\/td><\/tr><\/tbody><\/table><\/figure>\n\n\n<h2 style=\"text-align: center;\"><span style=\"color: #ff6600;\"><strong data-rich-text-format-boundary=\"true\">Nuestras Instalaciones&nbsp;<\/strong><\/span><\/h2>\n\n\n<figure class=\"wp-block-gallery has-nested-images columns-default is-cropped wp-block-gallery-1 is-layout-flex\">\n<figure class=\"wp-block-image size-large\"><img decoding=\"async\" loading=\"lazy\" width=\"1536\" height=\"864\" data-id=\"8499\"  src=\"https:\/\/ensvillaguay-ers.infd.edu.ar\/sitio\/wp-content\/uploads\/2023\/08\/19-1536x864-1.jpg\" alt=\"\" class=\"wp-image-8499\" srcset=\"https:\/\/ensvillaguay-ers.infd.edu.ar\/sitio\/wp-content\/uploads\/2023\/08\/19-1536x864-1.jpg 1536w, https:\/\/ensvillaguay-ers.infd.edu.ar\/sitio\/wp-content\/uploads\/2023\/08\/19-1536x864-1-1000x563.jpg 1000w, https:\/\/ensvillaguay-ers.infd.edu.ar\/sitio\/wp-content\/uploads\/2023\/08\/19-1536x864-1-768x432.jpg 768w\" sizes=\"(max-width: 1536px) 100vw, 1536px\" \/><\/figure>\n\n\n\n<figure class=\"wp-block-image size-large\"><img decoding=\"async\" loading=\"lazy\" width=\"1536\" height=\"864\" data-id=\"8500\"  src=\"https:\/\/ensvillaguay-ers.infd.edu.ar\/sitio\/wp-content\/uploads\/2023\/08\/21-1536x864-1.jpg\" alt=\"\" class=\"wp-image-8500\" srcset=\"https:\/\/ensvillaguay-ers.infd.edu.ar\/sitio\/wp-content\/uploads\/2023\/08\/21-1536x864-1.jpg 1536w, https:\/\/ensvillaguay-ers.infd.edu.ar\/sitio\/wp-content\/uploads\/2023\/08\/21-1536x864-1-1000x563.jpg 1000w, https:\/\/ensvillaguay-ers.infd.edu.ar\/sitio\/wp-content\/uploads\/2023\/08\/21-1536x864-1-768x432.jpg 768w\" sizes=\"(max-width: 1536px) 100vw, 1536px\" \/><\/figure>\n\n\n\n<figure class=\"wp-block-image size-large\"><img decoding=\"async\" loading=\"lazy\" width=\"1536\" height=\"864\" data-id=\"8501\"  src=\"https:\/\/ensvillaguay-ers.infd.edu.ar\/sitio\/wp-content\/uploads\/2023\/08\/20-1536x864-1.jpg\" alt=\"\" class=\"wp-image-8501\" srcset=\"https:\/\/ensvillaguay-ers.infd.edu.ar\/sitio\/wp-content\/uploads\/2023\/08\/20-1536x864-1.jpg 1536w, https:\/\/ensvillaguay-ers.infd.edu.ar\/sitio\/wp-content\/uploads\/2023\/08\/20-1536x864-1-1000x563.jpg 1000w, https:\/\/ensvillaguay-ers.infd.edu.ar\/sitio\/wp-content\/uploads\/2023\/08\/20-1536x864-1-768x432.jpg 768w\" sizes=\"(max-width: 1536px) 100vw, 1536px\" \/><\/figure>\n<\/figure>\n","protected":false},"excerpt":{"rendered":"<p>Libros Digitales de Nivel Superior Libros Digitales de Nivel Secundario Libros Digitales de Nivel Primario Turno Ma\u00f1ana Turno Tarde Turno Noche Mar\u00eda de los \u00c1ngeles&nbsp;Monz\u00f3n Mara Brufau Silvana&nbsp;Paccor Lunesde 07:40 a 10:45 horas Lunes a Viernesde 13:00 a 17:00 horas Lunes a viernesde 18:30 a 22:30 horas Martes: cerrado Mi\u00e9rcoles de 07 a las 10:45 &#8230; <a title=\"Biblioteca \u201cHebe Morosini\u201d\" class=\"read-more\" href=\"https:\/\/ensvillaguay-ers.infd.edu.ar\/sitio\/biblioteca-hebe-morosini\/\" aria-label=\"More on Biblioteca \u201cHebe Morosini\u201d\">[+]<\/a><\/p>\n","protected":false},"author":1427,"featured_media":0,"parent":0,"menu_order":0,"comment_status":"closed","ping_status":"closed","template":"","meta":[],"acf":[],"_links":{"self":[{"href":"https:\/\/ensvillaguay-ers.infd.edu.ar\/sitio\/wp-json\/wp\/v2\/pages\/8497"}],"collection":[{"href":"https:\/\/ensvillaguay-ers.infd.edu.ar\/sitio\/wp-json\/wp\/v2\/pages"}],"about":[{"href":"https:\/\/ensvillaguay-ers.infd.edu.ar\/sitio\/wp-json\/wp\/v2\/types\/page"}],"author":[{"embeddable":true,"href":"https:\/\/ensvillaguay-ers.infd.edu.ar\/sitio\/wp-json\/wp\/v2\/users\/1427"}],"replies":[{"embeddable":true,"href":"https:\/\/ensvillaguay-ers.infd.edu.ar\/sitio\/wp-json\/wp\/v2\/comments?post=8497"}],"version-history":[{"count":4,"href":"https:\/\/ensvillaguay-ers.infd.edu.ar\/sitio\/wp-json\/wp\/v2\/pages\/8497\/revisions"}],"predecessor-version":[{"id":12273,"href":"https:\/\/ensvillaguay-ers.infd.edu.ar\/sitio\/wp-json\/wp\/v2\/pages\/8497\/revisions\/12273"}],"wp:attachment":[{"href":"https:\/\/ensvillaguay-ers.infd.edu.ar\/sitio\/wp-json\/wp\/v2\/media?parent=8497"}],"curies":[{"name":"wp","href":"https:\/\/api.w.org\/{rel}","templated":true}]}}