{"id":8566,"date":"2023-08-28T15:52:45","date_gmt":"2023-08-28T18:52:45","guid":{"rendered":"https:\/\/ensvillaguay-ers.infd.edu.ar\/sitio\/?page_id=8566"},"modified":"2023-08-28T15:55:04","modified_gmt":"2023-08-28T18:55:04","slug":"funciones-del-preceptor","status":"publish","type":"page","link":"https:\/\/ensvillaguay-ers.infd.edu.ar\/sitio\/funciones-del-preceptor\/","title":{"rendered":"Funciones del Preceptor"},"content":{"rendered":"\n<figure class=\"wp-block-image size-large\"><img decoding=\"async\" loading=\"lazy\" width=\"1900\" height=\"807\" src=\"https:\/\/ensvillaguay-ers.infd.edu.ar\/sitio\/wp-content\/uploads\/2023\/08\/Propuestas-de-Formacion-Docente-Inicial-6-1-1900x807.jpg\" alt=\"\" class=\"wp-image-8567\" srcset=\"https:\/\/ensvillaguay-ers.infd.edu.ar\/sitio\/wp-content\/uploads\/2023\/08\/Propuestas-de-Formacion-Docente-Inicial-6-1-1900x807.jpg 1900w, https:\/\/ensvillaguay-ers.infd.edu.ar\/sitio\/wp-content\/uploads\/2023\/08\/Propuestas-de-Formacion-Docente-Inicial-6-1-1000x425.jpg 1000w, https:\/\/ensvillaguay-ers.infd.edu.ar\/sitio\/wp-content\/uploads\/2023\/08\/Propuestas-de-Formacion-Docente-Inicial-6-1-768x326.jpg 768w, https:\/\/ensvillaguay-ers.infd.edu.ar\/sitio\/wp-content\/uploads\/2023\/08\/Propuestas-de-Formacion-Docente-Inicial-6-1-1536x652.jpg 1536w, https:\/\/ensvillaguay-ers.infd.edu.ar\/sitio\/wp-content\/uploads\/2023\/08\/Propuestas-de-Formacion-Docente-Inicial-6-1.jpg 1919w\" sizes=\"(max-width: 1900px) 100vw, 1900px\" \/><\/figure>\n\n\n\n<p>En este documento queremos recuperar, desde la experiencia de formaci\u00f3n profesional de los preceptores, la propuesta de reconfiguraci\u00f3n de su funci\u00f3n para la educaci\u00f3n de este nuevo siglo. Nuestro punto de partida se basa en una perspectiva compleja del campo educativo y atiende a las nuevas demandas socioculturales y socioeducativas que atraviesan los escenarios escolares en la actualidad.<br>Cuando pensamos el rol de preceptor como un oficio, lo proponemos desde un lugar que se comprende como fuente de identidad profesional, y a su vez, funciona como un mecanismo de protecci\u00f3n institucional. Para Perrenoud (2005) \u201ctener un oficio\u201d implica adherir a una referencia exterior a la organizaci\u00f3n, ya que adquiere sus propias reglas y logra atravesar m\u00faltiples lugares de trabajo.<\/p>\n\n\n\n<figure class=\"wp-block-table is-style-stripes\"><table><tbody><tr><td class=\"has-text-align-center\" data-align=\"center\"><strong>Documento Marco<br>Funciones del Preceptor<\/strong><br><img decoding=\"async\" loading=\"lazy\" width=\"1117\" height=\"965\" class=\"wp-image-8563\" style=\"width: 150px;\" src=\"https:\/\/ensvillaguay-ers.infd.edu.ar\/sitio\/wp-content\/uploads\/2023\/08\/Funciones-del-preceptro-2023_page-0001.jpg\" alt=\"\" srcset=\"https:\/\/ensvillaguay-ers.infd.edu.ar\/sitio\/wp-content\/uploads\/2023\/08\/Funciones-del-preceptro-2023_page-0001.jpg 1117w, https:\/\/ensvillaguay-ers.infd.edu.ar\/sitio\/wp-content\/uploads\/2023\/08\/Funciones-del-preceptro-2023_page-0001-1000x864.jpg 1000w, https:\/\/ensvillaguay-ers.infd.edu.ar\/sitio\/wp-content\/uploads\/2023\/08\/Funciones-del-preceptro-2023_page-0001-768x663.jpg 768w\" sizes=\"(max-width: 1117px) 100vw, 1117px\" \/><\/td><td class=\"has-text-align-center\" data-align=\"center\"><strong><a href=\"https:\/\/drive.google.com\/file\/d\/19WSsP6OpjyyhC0x60VASDXmi4O4DFBgz\/view\" data-type=\"URL\" data-id=\"https:\/\/drive.google.com\/file\/d\/19WSsP6OpjyyhC0x60VASDXmi4O4DFBgz\/view\" target=\"_blank\" rel=\"noreferrer noopener\">Descargar<\/a><\/strong><br><img decoding=\"async\" loading=\"lazy\" width=\"32\" height=\"32\" class=\"wp-image-8542\" style=\"width: 32px;\" src=\"https:\/\/ensvillaguay-ers.infd.edu.ar\/sitio\/wp-content\/uploads\/2023\/08\/tocar.png\" alt=\"\"><\/td><\/tr><\/tbody><\/table><\/figure>\n","protected":false},"excerpt":{"rendered":"<p>En este documento queremos recuperar, desde la experiencia de formaci\u00f3n profesional de los preceptores, la propuesta de reconfiguraci\u00f3n de su funci\u00f3n para la educaci\u00f3n de este nuevo siglo. Nuestro punto de partida se basa en una perspectiva compleja del campo educativo y atiende a las nuevas demandas socioculturales y socioeducativas que atraviesan los escenarios escolares &#8230; <a title=\"Funciones del Preceptor\" class=\"read-more\" href=\"https:\/\/ensvillaguay-ers.infd.edu.ar\/sitio\/funciones-del-preceptor\/\" aria-label=\"More on Funciones del Preceptor\">[+]<\/a><\/p>\n","protected":false},"author":1427,"featured_media":0,"parent":0,"menu_order":0,"comment_status":"closed","ping_status":"closed","template":"","meta":[],"acf":[],"_links":{"self":[{"href":"https:\/\/ensvillaguay-ers.infd.edu.ar\/sitio\/wp-json\/wp\/v2\/pages\/8566"}],"collection":[{"href":"https:\/\/ensvillaguay-ers.infd.edu.ar\/sitio\/wp-json\/wp\/v2\/pages"}],"about":[{"href":"https:\/\/ensvillaguay-ers.infd.edu.ar\/sitio\/wp-json\/wp\/v2\/types\/page"}],"author":[{"embeddable":true,"href":"https:\/\/ensvillaguay-ers.infd.edu.ar\/sitio\/wp-json\/wp\/v2\/users\/1427"}],"replies":[{"embeddable":true,"href":"https:\/\/ensvillaguay-ers.infd.edu.ar\/sitio\/wp-json\/wp\/v2\/comments?post=8566"}],"version-history":[{"count":2,"href":"https:\/\/ensvillaguay-ers.infd.edu.ar\/sitio\/wp-json\/wp\/v2\/pages\/8566\/revisions"}],"predecessor-version":[{"id":8572,"href":"https:\/\/ensvillaguay-ers.infd.edu.ar\/sitio\/wp-json\/wp\/v2\/pages\/8566\/revisions\/8572"}],"wp:attachment":[{"href":"https:\/\/ensvillaguay-ers.infd.edu.ar\/sitio\/wp-json\/wp\/v2\/media?parent=8566"}],"curies":[{"name":"wp","href":"https:\/\/api.w.org\/{rel}","templated":true}]}}