{"id":8579,"date":"2023-08-28T16:16:06","date_gmt":"2023-08-28T19:16:06","guid":{"rendered":"https:\/\/ensvillaguay-ers.infd.edu.ar\/sitio\/?page_id=8579"},"modified":"2023-08-28T16:16:07","modified_gmt":"2023-08-28T19:16:07","slug":"videoteca","status":"publish","type":"page","link":"https:\/\/ensvillaguay-ers.infd.edu.ar\/sitio\/videoteca\/","title":{"rendered":"Videoteca"},"content":{"rendered":"\n<figure class=\"wp-block-image size-large\"><img decoding=\"async\" loading=\"lazy\" width=\"1900\" height=\"763\" src=\"https:\/\/ensvillaguay-ers.infd.edu.ar\/sitio\/wp-content\/uploads\/2023\/08\/Propuestas-de-Formacion-Docente-Inicial-7-1-1900x763.jpg\" alt=\"\" class=\"wp-image-8580\" srcset=\"https:\/\/ensvillaguay-ers.infd.edu.ar\/sitio\/wp-content\/uploads\/2023\/08\/Propuestas-de-Formacion-Docente-Inicial-7-1-1900x763.jpg 1900w, https:\/\/ensvillaguay-ers.infd.edu.ar\/sitio\/wp-content\/uploads\/2023\/08\/Propuestas-de-Formacion-Docente-Inicial-7-1-1000x401.jpg 1000w, https:\/\/ensvillaguay-ers.infd.edu.ar\/sitio\/wp-content\/uploads\/2023\/08\/Propuestas-de-Formacion-Docente-Inicial-7-1-768x308.jpg 768w, https:\/\/ensvillaguay-ers.infd.edu.ar\/sitio\/wp-content\/uploads\/2023\/08\/Propuestas-de-Formacion-Docente-Inicial-7-1-1536x616.jpg 1536w, https:\/\/ensvillaguay-ers.infd.edu.ar\/sitio\/wp-content\/uploads\/2023\/08\/Propuestas-de-Formacion-Docente-Inicial-7-1.jpg 1911w\" sizes=\"(max-width: 1900px) 100vw, 1900px\" \/><\/figure>\n\n\n\n<p>Compartimos listado de pel\u00edculas recomendadas por los docentes para que puedan acompa\u00f1ar sus propuestas did\u00e1cticas pedag\u00f3gicas, mediante una colecci\u00f3n de obras abiertas en formato audiovisual. La funci\u00f3n de la videoteca, es la preservaci\u00f3n, catalogaci\u00f3n y difusi\u00f3n de documentos audiovisuales.<\/p>\n\n\n\n<figure class=\"wp-block-table is-style-stripes\"><table><tbody><tr><td class=\"has-text-align-center\" data-align=\"center\"><strong>Listado de Pel\u00edculas<\/strong><br><img decoding=\"async\" loading=\"lazy\" width=\"225\" height=\"225\" class=\"wp-image-8577\" style=\"width: 50px;\" src=\"https:\/\/ensvillaguay-ers.infd.edu.ar\/sitio\/wp-content\/uploads\/2023\/05\/descarga.png\" alt=\"\"><\/td><td class=\"has-text-align-center\" data-align=\"center\"><strong><a href=\"https:\/\/docs.google.com\/document\/d\/1Pvpd9ZL9K8dEPBeoPPp8vXpdoQSzafhy\/edit\" data-type=\"URL\" data-id=\"https:\/\/docs.google.com\/document\/d\/1Pvpd9ZL9K8dEPBeoPPp8vXpdoQSzafhy\/edit\" target=\"_blank\" rel=\"noreferrer noopener\">Descargar<\/a><\/strong><br><img decoding=\"async\" loading=\"lazy\" width=\"32\" height=\"32\" class=\"wp-image-8542\" style=\"width: 32px;\" src=\"https:\/\/ensvillaguay-ers.infd.edu.ar\/sitio\/wp-content\/uploads\/2023\/08\/tocar.png\" alt=\"\"><\/td><\/tr><\/tbody><\/table><\/figure>\n","protected":false},"excerpt":{"rendered":"<p>Compartimos listado de pel\u00edculas recomendadas por los docentes para que puedan acompa\u00f1ar sus propuestas did\u00e1cticas pedag\u00f3gicas, mediante una colecci\u00f3n de obras abiertas en formato audiovisual. La funci\u00f3n de la videoteca, es la preservaci\u00f3n, catalogaci\u00f3n y difusi\u00f3n de documentos audiovisuales. Listado de Pel\u00edculas Descargar<\/p>\n","protected":false},"author":1427,"featured_media":0,"parent":0,"menu_order":0,"comment_status":"closed","ping_status":"closed","template":"","meta":[],"acf":[],"_links":{"self":[{"href":"https:\/\/ensvillaguay-ers.infd.edu.ar\/sitio\/wp-json\/wp\/v2\/pages\/8579"}],"collection":[{"href":"https:\/\/ensvillaguay-ers.infd.edu.ar\/sitio\/wp-json\/wp\/v2\/pages"}],"about":[{"href":"https:\/\/ensvillaguay-ers.infd.edu.ar\/sitio\/wp-json\/wp\/v2\/types\/page"}],"author":[{"embeddable":true,"href":"https:\/\/ensvillaguay-ers.infd.edu.ar\/sitio\/wp-json\/wp\/v2\/users\/1427"}],"replies":[{"embeddable":true,"href":"https:\/\/ensvillaguay-ers.infd.edu.ar\/sitio\/wp-json\/wp\/v2\/comments?post=8579"}],"version-history":[{"count":1,"href":"https:\/\/ensvillaguay-ers.infd.edu.ar\/sitio\/wp-json\/wp\/v2\/pages\/8579\/revisions"}],"predecessor-version":[{"id":8582,"href":"https:\/\/ensvillaguay-ers.infd.edu.ar\/sitio\/wp-json\/wp\/v2\/pages\/8579\/revisions\/8582"}],"wp:attachment":[{"href":"https:\/\/ensvillaguay-ers.infd.edu.ar\/sitio\/wp-json\/wp\/v2\/media?parent=8579"}],"curies":[{"name":"wp","href":"https:\/\/api.w.org\/{rel}","templated":true}]}}