{"id":8584,"date":"2023-08-28T19:03:23","date_gmt":"2023-08-28T22:03:23","guid":{"rendered":"https:\/\/ensvillaguay-ers.infd.edu.ar\/sitio\/?page_id=8584"},"modified":"2023-08-28T19:03:25","modified_gmt":"2023-08-28T22:03:25","slug":"disenos-curriculares-y-nucleos-de-aprendizaje-prioritarios","status":"publish","type":"page","link":"https:\/\/ensvillaguay-ers.infd.edu.ar\/sitio\/disenos-curriculares-y-nucleos-de-aprendizaje-prioritarios\/","title":{"rendered":"Dise\u00f1os Curriculares y N\u00facleos de Aprendizaje Prioritarios"},"content":{"rendered":"\n<figure class=\"wp-block-image size-large\"><img decoding=\"async\" loading=\"lazy\" width=\"1900\" height=\"781\" src=\"https:\/\/ensvillaguay-ers.infd.edu.ar\/sitio\/wp-content\/uploads\/2023\/08\/Propuestas-de-Formacion-Docente-Inicial-8-1900x781.jpg\" alt=\"\" class=\"wp-image-8585\" srcset=\"https:\/\/ensvillaguay-ers.infd.edu.ar\/sitio\/wp-content\/uploads\/2023\/08\/Propuestas-de-Formacion-Docente-Inicial-8-1900x781.jpg 1900w, https:\/\/ensvillaguay-ers.infd.edu.ar\/sitio\/wp-content\/uploads\/2023\/08\/Propuestas-de-Formacion-Docente-Inicial-8-1000x411.jpg 1000w, https:\/\/ensvillaguay-ers.infd.edu.ar\/sitio\/wp-content\/uploads\/2023\/08\/Propuestas-de-Formacion-Docente-Inicial-8-768x316.jpg 768w, https:\/\/ensvillaguay-ers.infd.edu.ar\/sitio\/wp-content\/uploads\/2023\/08\/Propuestas-de-Formacion-Docente-Inicial-8-1536x632.jpg 1536w, https:\/\/ensvillaguay-ers.infd.edu.ar\/sitio\/wp-content\/uploads\/2023\/08\/Propuestas-de-Formacion-Docente-Inicial-8.jpg 1919w\" sizes=\"(max-width: 1900px) 100vw, 1900px\" \/><\/figure>\n\n\n\n<p>La sociedad demanda una nueva escuela secundaria, m\u00e1s formativa, con mayores exigencias y mejores resultados. Por ello, cada escuela o grupos de escuelas elaborar\u00e1n, en el marco del <strong>Dise\u00f1o Curricular Provincial<\/strong>, su Dise\u00f1o curricular institucional y cada docente planificar\u00e1 sus proyectos de c\u00e1tedras, itinerarios, recorridos pedag\u00f3gicos, talleres, en funci\u00f3n de sus realidades, contextos, sujetos de aprendizajes, perfiles profesionales, todo ello con el fin de mejorar la calidad educativa e incluir a todos y todas los\/as adolescentes y j\u00f3venes.<\/p>\n\n\n\n<p>Los <strong>N\u00facleos de Aprendizajes Prioritarios<\/strong> forman parte de una pol\u00edtica educativa que busca garantizar una base com\u00fan de saberes para todos los chicos del pa\u00eds. Detr\u00e1s de esta decisi\u00f3n, existe una selecci\u00f3n deliberada de conocimientos fundada en apreciaciones acerca de cu\u00e1les son las herramientas conceptuales que mejor condensan aquello que consideramos valioso transmitir en la escuela. Tambi\u00e9n, una intenci\u00f3n de colocar la ense\u00f1anza en el centro de la deliberaci\u00f3n p\u00fablica sobre el futuro que deseamos y el proyecto social de pa\u00eds que buscamos.<\/p>\n\n\n\n<figure class=\"wp-block-table is-style-stripes\"><table><tbody><tr><td class=\"has-text-align-center\" data-align=\"center\"><strong>Nivel Secundario<\/strong><\/td><td class=\"has-text-align-center\" data-align=\"center\"><strong><a href=\"https:\/\/drive.google.com\/drive\/u\/2\/folders\/11THZL6Yy_TKVls195l4LzzV8n3qEUx9b\" data-type=\"URL\" data-id=\"https:\/\/drive.google.com\/drive\/u\/2\/folders\/11THZL6Yy_TKVls195l4LzzV8n3qEUx9b\" target=\"_blank\" rel=\"noreferrer noopener\">Descargar<\/a><\/strong><br><img decoding=\"async\" loading=\"lazy\" width=\"32\" height=\"32\" class=\"wp-image-8542\" style=\"width: 32px;\" src=\"https:\/\/ensvillaguay-ers.infd.edu.ar\/sitio\/wp-content\/uploads\/2023\/08\/tocar.png\" alt=\"\"><\/td><\/tr><tr><td class=\"has-text-align-center\" data-align=\"center\"><strong>Nivel Primario<\/strong><\/td><td class=\"has-text-align-center\" data-align=\"center\"><strong><a href=\"https:\/\/drive.google.com\/drive\/u\/2\/folders\/11THZL6Yy_TKVls195l4LzzV8n3qEUx9b\" data-type=\"URL\" data-id=\"https:\/\/drive.google.com\/drive\/u\/2\/folders\/11THZL6Yy_TKVls195l4LzzV8n3qEUx9b\" target=\"_blank\" rel=\"noreferrer noopener\">Descargar<\/a><\/strong><br><img decoding=\"async\" loading=\"lazy\" width=\"32\" height=\"32\" class=\"wp-image-8542\" style=\"width: 32px;\" src=\"https:\/\/ensvillaguay-ers.infd.edu.ar\/sitio\/wp-content\/uploads\/2023\/08\/tocar.png\" alt=\"\"><\/td><\/tr><tr><td class=\"has-text-align-center\" data-align=\"center\"><strong>Nivel Inicial<\/strong><\/td><td class=\"has-text-align-center\" data-align=\"center\"><strong><a href=\"https:\/\/drive.google.com\/drive\/u\/2\/folders\/11THZL6Yy_TKVls195l4LzzV8n3qEUx9b\" data-type=\"URL\" data-id=\"https:\/\/drive.google.com\/drive\/u\/2\/folders\/11THZL6Yy_TKVls195l4LzzV8n3qEUx9b\" target=\"_blank\" rel=\"noreferrer noopener\">Descargar<\/a><\/strong><br><img decoding=\"async\" loading=\"lazy\" width=\"32\" height=\"32\" class=\"wp-image-8542\" style=\"width: 32px;\" src=\"https:\/\/ensvillaguay-ers.infd.edu.ar\/sitio\/wp-content\/uploads\/2023\/08\/tocar.png\" alt=\"\"><\/td><\/tr><\/tbody><\/table><\/figure>\n","protected":false},"excerpt":{"rendered":"<p>La sociedad demanda una nueva escuela secundaria, m\u00e1s formativa, con mayores exigencias y mejores resultados. Por ello, cada escuela o grupos de escuelas elaborar\u00e1n, en el marco del Dise\u00f1o Curricular Provincial, su Dise\u00f1o curricular institucional y cada docente planificar\u00e1 sus proyectos de c\u00e1tedras, itinerarios, recorridos pedag\u00f3gicos, talleres, en funci\u00f3n de sus realidades, contextos, sujetos de &#8230; <a title=\"Dise\u00f1os Curriculares y N\u00facleos de Aprendizaje Prioritarios\" class=\"read-more\" href=\"https:\/\/ensvillaguay-ers.infd.edu.ar\/sitio\/disenos-curriculares-y-nucleos-de-aprendizaje-prioritarios\/\" aria-label=\"More on Dise\u00f1os Curriculares y N\u00facleos de Aprendizaje Prioritarios\">[+]<\/a><\/p>\n","protected":false},"author":1427,"featured_media":0,"parent":0,"menu_order":0,"comment_status":"closed","ping_status":"closed","template":"","meta":[],"acf":[],"_links":{"self":[{"href":"https:\/\/ensvillaguay-ers.infd.edu.ar\/sitio\/wp-json\/wp\/v2\/pages\/8584"}],"collection":[{"href":"https:\/\/ensvillaguay-ers.infd.edu.ar\/sitio\/wp-json\/wp\/v2\/pages"}],"about":[{"href":"https:\/\/ensvillaguay-ers.infd.edu.ar\/sitio\/wp-json\/wp\/v2\/types\/page"}],"author":[{"embeddable":true,"href":"https:\/\/ensvillaguay-ers.infd.edu.ar\/sitio\/wp-json\/wp\/v2\/users\/1427"}],"replies":[{"embeddable":true,"href":"https:\/\/ensvillaguay-ers.infd.edu.ar\/sitio\/wp-json\/wp\/v2\/comments?post=8584"}],"version-history":[{"count":1,"href":"https:\/\/ensvillaguay-ers.infd.edu.ar\/sitio\/wp-json\/wp\/v2\/pages\/8584\/revisions"}],"predecessor-version":[{"id":8587,"href":"https:\/\/ensvillaguay-ers.infd.edu.ar\/sitio\/wp-json\/wp\/v2\/pages\/8584\/revisions\/8587"}],"wp:attachment":[{"href":"https:\/\/ensvillaguay-ers.infd.edu.ar\/sitio\/wp-json\/wp\/v2\/media?parent=8584"}],"curies":[{"name":"wp","href":"https:\/\/api.w.org\/{rel}","templated":true}]}}