{"id":8617,"date":"2023-09-04T15:55:18","date_gmt":"2023-09-04T18:55:18","guid":{"rendered":"https:\/\/ensvillaguay-ers.infd.edu.ar\/sitio\/?page_id=8617"},"modified":"2025-06-19T20:20:57","modified_gmt":"2025-06-19T23:20:57","slug":"centro-de-estudiantes-del-nivel-superior","status":"publish","type":"page","link":"https:\/\/ensvillaguay-ers.infd.edu.ar\/sitio\/centro-de-estudiantes-del-nivel-superior\/","title":{"rendered":"Centro de Estudiantes del Nivel Superior"},"content":{"rendered":"\n<figure class=\"wp-block-image size-large\"><img decoding=\"async\" loading=\"lazy\" width=\"1900\" height=\"829\" src=\"https:\/\/ensvillaguay-ers.infd.edu.ar\/sitio\/wp-content\/uploads\/2023\/09\/Propuestas-de-Formacion-Docente-Inicial-1900x829.jpg\" alt=\"\" class=\"wp-image-8618\" srcset=\"https:\/\/ensvillaguay-ers.infd.edu.ar\/sitio\/wp-content\/uploads\/2023\/09\/Propuestas-de-Formacion-Docente-Inicial-1900x829.jpg 1900w, https:\/\/ensvillaguay-ers.infd.edu.ar\/sitio\/wp-content\/uploads\/2023\/09\/Propuestas-de-Formacion-Docente-Inicial-1000x436.jpg 1000w, https:\/\/ensvillaguay-ers.infd.edu.ar\/sitio\/wp-content\/uploads\/2023\/09\/Propuestas-de-Formacion-Docente-Inicial-768x335.jpg 768w, https:\/\/ensvillaguay-ers.infd.edu.ar\/sitio\/wp-content\/uploads\/2023\/09\/Propuestas-de-Formacion-Docente-Inicial-1536x670.jpg 1536w, https:\/\/ensvillaguay-ers.infd.edu.ar\/sitio\/wp-content\/uploads\/2023\/09\/Propuestas-de-Formacion-Docente-Inicial.jpg 1919w\" sizes=\"(max-width: 1900px) 100vw, 1900px\" \/><\/figure>\n\n\n\n<p>Un Centro de Estudiantes es una organizaci\u00f3n conformada por y para los estudiantes de un establecimiento educativo. Es legitimado por el voto de sus compa\u00f1eros, poseen objetivos, actividades y propuestas, consta de una estructura organizacional, con derechos y responsabilidades.<\/p>\n\n\n\n<p>El centro de estudiantes del Nivel Superior se propone trabajar articuladamente con todos los agentes institucionales, en pos de sostener y mejorar la calidad de la formaci\u00f3n en el ingreso, permanencia y egreso de los y las estudiantes del instituto; defender los derechos estudiantiles; contribuir al desarrollo de una cultura de la participaci\u00f3n pol\u00edtica y el debate de ideas en torno a lo com\u00fan, siendo una responsabilidad como futuros educadores fomentarla y desarrollarla en nuestro campo de trabajo.<\/p>\n\n\n\n<figure class=\"wp-block-table is-style-stripes\"><table><tbody><tr><td class=\"has-text-align-center\" data-align=\"center\"><strong>Ley Nacional N\u00b0 26.877 Representaci\u00f3n Estudiantil <br>Creaci\u00f3n y funcionamiento de los Centros de Estudiantes<\/strong> <\/td><td class=\"has-text-align-center\" data-align=\"center\">                                          <a href=\"https:\/\/drive.google.com\/file\/d\/1K43JlHZB6UWhEXD6vpk4Nkb71GW2ogwn\/view?usp=sharing\" data-type=\"URL\" data-id=\"https:\/\/drive.google.com\/file\/d\/1K43JlHZB6UWhEXD6vpk4Nkb71GW2ogwn\/view?usp=sharing\" target=\"_blank\" rel=\"noreferrer noopener\"> <strong>Descargar<\/strong><\/a><strong> <\/strong>                                              <\/td><\/tr><tr><td class=\"has-text-align-center\" data-align=\"center\"><strong>Resoluci\u00f3n N\u00b0 3960 CGE Marco Operativo Organizacional <br>para el funcionamiento de los Centros de Estudiantes<\/strong><\/td><td class=\"has-text-align-center\" data-align=\"center\"><strong><a href=\"https:\/\/drive.google.com\/file\/d\/1bMkUxrL2M5nuAD7WvMtAGvs-MVCfmhmU\/view?usp=sharing\" data-type=\"URL\" data-id=\"https:\/\/drive.google.com\/file\/d\/1bMkUxrL2M5nuAD7WvMtAGvs-MVCfmhmU\/view?usp=sharing\" target=\"_blank\" rel=\"noreferrer noopener\">Descargar<\/a><\/strong><\/td><\/tr><tr><td class=\"has-text-align-center\" data-align=\"center\"><strong>Estatuto del Centro de Estudiantes<br>ENS Martiniano Leguizam\u00f3n<\/strong><\/td><td class=\"has-text-align-center\" data-align=\"center\"><strong><a href=\"https:\/\/drive.google.com\/file\/d\/1EfKqi8dx-5fkg7Qp57iixEjo-Z8U_3Td\/view?usp=sharing\" data-type=\"URL\" data-id=\"https:\/\/drive.google.com\/file\/d\/1EfKqi8dx-5fkg7Qp57iixEjo-Z8U_3Td\/view?usp=sharing\" target=\"_blank\" rel=\"noreferrer noopener\">Descargar<\/a><\/strong><\/td><\/tr><\/tbody><\/table><\/figure>\n\n\n<h4 style=\"text-align: center;\"><span style=\"color: #ff6600;\"><strong data-rich-text-format-boundary=\"true\">Integrantes <\/strong><\/span><\/h4>\n\n\n<figure class=\"wp-block-table is-style-stripes\"><table><tbody><tr><td class=\"has-text-align-center\" data-align=\"center\">                        <strong>       Presidencia<\/strong>                                <\/td><td class=\"has-text-align-center\" data-align=\"center\"><strong>Gerardo Hern\u00e1n Barrios<br><\/strong>Profesorado de Educaci\u00f3n Secundaria en Geograf\u00eda<\/td><\/tr><tr><td class=\"has-text-align-center\" data-align=\"center\"><strong>Vicepresidencia<\/strong><\/td><td class=\"has-text-align-center\" data-align=\"center\"><strong>Ver\u00f3nica Vanesa Rodr\u00edguez<\/strong><br>Tecnicatura Superior en Seguridad, Higiene y Ambiente en el trabajo<\/td><\/tr><tr><td class=\"has-text-align-center\" data-align=\"center\"><strong>Secretario de Finanzas<\/strong><\/td><td class=\"has-text-align-center\" data-align=\"center\"><strong>Secretario Juan Cruz Alzamendi<\/strong><br>Profesorado de Educaci\u00f3n Primaria<br><strong>Mauricio Racigh<br><\/strong>Profesorado de Educaci\u00f3n Primaria<\/td><\/tr><tr><td class=\"has-text-align-center\" data-align=\"center\"><strong>Secretario de Asuntos Estudiantiles y Cuerpo de Delegados<\/strong><\/td><td class=\"has-text-align-center\" data-align=\"center\"><strong>Secretaria Macarena Valentina Vera P\u00e9rez<br><\/strong>Tecnicatura Superior en Seguridad, Higiene y Ambiente en el trabajo<br><strong>Prosecretario Luis Ariel Arellano<\/strong><br>Profesorado de Educaci\u00f3n Primaria<\/td><\/tr><tr><td class=\"has-text-align-center\" data-align=\"center\"><strong>Secretar\u00eda de Prensa y Comunicaci\u00f3n<\/strong><\/td><td class=\"has-text-align-center\" data-align=\"center\"><strong>Secretaria Natacha Salom\u00e9 Maciel<\/strong><br>Profesorado de Educaci\u00f3n Secundaria en Geograf\u00eda<br><strong>Prosecretaria Nancy Ramona Giebel<\/strong><br>Profesorado de Educaci\u00f3n Secundaria en Geograf\u00eda<\/td><\/tr><tr><td class=\"has-text-align-center\" data-align=\"center\"><strong>Secretar\u00eda de DDHH, G\u00e9nero y Diversidad<\/strong><\/td><td class=\"has-text-align-center\" data-align=\"center\"><strong>Secretaria Mariangeles Bentos<\/strong><br>Tecnicatura Superior en Seguridad, Higiene y Ambiente en el trabajo<br><strong>Prosecretaria Mar\u00eda Vanina Mart\u00ednez<\/strong><br>Profesorado de Educaci\u00f3n Inicial <\/td><\/tr><tr><td class=\"has-text-align-center\" data-align=\"center\"><strong>Secretar\u00eda de Deportes y Recreaci\u00f3n<\/strong><\/td><td class=\"has-text-align-center\" data-align=\"center\"><strong>Secretario Ceferino Mendiz\u00e1bal<br><\/strong>Profesorado de Educaci\u00f3n Primaria<br><strong>Prosecretario Pedro \u00c1ngel L\u00f3pez<\/strong><br>Profesorado de Educaci\u00f3n Primaria  <br><\/td><\/tr><tr><td class=\"has-text-align-center\" data-align=\"center\"><strong>Apoderado<\/strong><\/td><td class=\"has-text-align-center\" data-align=\"center\"><strong>Pablo B\u00e1ez Aquino<\/strong><br>Profesorado de Educaci\u00f3n Secundaria en Geograf\u00eda<\/td><\/tr><\/tbody><\/table><\/figure>\n","protected":false},"excerpt":{"rendered":"<p>Un Centro de Estudiantes es una organizaci\u00f3n conformada por y para los estudiantes de un establecimiento educativo. Es legitimado por el voto de sus compa\u00f1eros, poseen objetivos, actividades y propuestas, consta de una estructura organizacional, con derechos y responsabilidades. El centro de estudiantes del Nivel Superior se propone trabajar articuladamente con todos los agentes institucionales, &#8230; <a title=\"Centro de Estudiantes del Nivel Superior\" class=\"read-more\" href=\"https:\/\/ensvillaguay-ers.infd.edu.ar\/sitio\/centro-de-estudiantes-del-nivel-superior\/\" aria-label=\"More on Centro de Estudiantes del Nivel Superior\">[+]<\/a><\/p>\n","protected":false},"author":1427,"featured_media":0,"parent":0,"menu_order":0,"comment_status":"closed","ping_status":"closed","template":"","meta":[],"acf":[],"_links":{"self":[{"href":"https:\/\/ensvillaguay-ers.infd.edu.ar\/sitio\/wp-json\/wp\/v2\/pages\/8617"}],"collection":[{"href":"https:\/\/ensvillaguay-ers.infd.edu.ar\/sitio\/wp-json\/wp\/v2\/pages"}],"about":[{"href":"https:\/\/ensvillaguay-ers.infd.edu.ar\/sitio\/wp-json\/wp\/v2\/types\/page"}],"author":[{"embeddable":true,"href":"https:\/\/ensvillaguay-ers.infd.edu.ar\/sitio\/wp-json\/wp\/v2\/users\/1427"}],"replies":[{"embeddable":true,"href":"https:\/\/ensvillaguay-ers.infd.edu.ar\/sitio\/wp-json\/wp\/v2\/comments?post=8617"}],"version-history":[{"count":5,"href":"https:\/\/ensvillaguay-ers.infd.edu.ar\/sitio\/wp-json\/wp\/v2\/pages\/8617\/revisions"}],"predecessor-version":[{"id":11716,"href":"https:\/\/ensvillaguay-ers.infd.edu.ar\/sitio\/wp-json\/wp\/v2\/pages\/8617\/revisions\/11716"}],"wp:attachment":[{"href":"https:\/\/ensvillaguay-ers.infd.edu.ar\/sitio\/wp-json\/wp\/v2\/media?parent=8617"}],"curies":[{"name":"wp","href":"https:\/\/api.w.org\/{rel}","templated":true}]}}