{"id":8672,"date":"2023-09-12T10:17:23","date_gmt":"2023-09-12T13:17:23","guid":{"rendered":"https:\/\/ensvillaguay-ers.infd.edu.ar\/sitio\/?page_id=8672"},"modified":"2023-10-23T21:50:10","modified_gmt":"2023-10-24T00:50:10","slug":"i-congreso-integrado-de-practicas-docentes-y-derechos-humanos","status":"publish","type":"page","link":"https:\/\/ensvillaguay-ers.infd.edu.ar\/sitio\/i-congreso-integrado-de-practicas-docentes-y-derechos-humanos\/","title":{"rendered":"I Congreso Integrado de Pr\u00e1cticas Docentes y Derechos Humanos"},"content":{"rendered":"\n<figure class=\"wp-block-image size-full\"><img decoding=\"async\" loading=\"lazy\" width=\"1584\" height=\"396\" src=\"https:\/\/ensvillaguay-ers.infd.edu.ar\/sitio\/wp-content\/uploads\/2023\/09\/WhatsApp-Image-2023-09-12-at-09.57.20-1-1.jpeg\" alt=\"\" class=\"wp-image-8673\" srcset=\"https:\/\/ensvillaguay-ers.infd.edu.ar\/sitio\/wp-content\/uploads\/2023\/09\/WhatsApp-Image-2023-09-12-at-09.57.20-1-1.jpeg 1584w, https:\/\/ensvillaguay-ers.infd.edu.ar\/sitio\/wp-content\/uploads\/2023\/09\/WhatsApp-Image-2023-09-12-at-09.57.20-1-1-1000x250.jpeg 1000w, https:\/\/ensvillaguay-ers.infd.edu.ar\/sitio\/wp-content\/uploads\/2023\/09\/WhatsApp-Image-2023-09-12-at-09.57.20-1-1-768x192.jpeg 768w, https:\/\/ensvillaguay-ers.infd.edu.ar\/sitio\/wp-content\/uploads\/2023\/09\/WhatsApp-Image-2023-09-12-at-09.57.20-1-1-1536x384.jpeg 1536w\" sizes=\"(max-width: 1584px) 100vw, 1584px\" \/><\/figure>\n\n\n\n<p>La Escuela Normal Superior Martiniano Leguizam\u00f3n de la ciudad de Villaguay Entre R\u00edos invita al<strong>&nbsp;I Congreso Integrado de Pr\u00e1cticas Docentes y Derechos Humanos:&nbsp;<em>\u201cFormaci\u00f3n y Pr\u00e1cticas Docentes desde la perspectiva de los Derechos Humanos. A cuarenta a\u00f1os de la Recuperaci\u00f3n Democr\u00e1tica en Argentina\u201d.<\/em><\/strong><\/p>\n\n\n\n<p>Los 40 a\u00f1os de democracia han permitido cuestionar, problematizar y movilizar sentidos, generando pr\u00e1cticas transformadoras en la formaci\u00f3n docente. Pr\u00e1cticas comprometidas social y pol\u00edticamente en la ampliaci\u00f3n de derechos, reafirmando el compromiso pedag\u00f3gico e institucional de construcci\u00f3n colectiva.<\/p>\n\n\n\n<p>Esta primera edici\u00f3n del Congreso, profundiza el papel de la formaci\u00f3n y las pr\u00e1cticas docentes desde la perspectiva de los DDHH, pensadas a la luz de distintos marcos te\u00f3ricos y cient\u00edficos. Este espacio recupera e integra las once ediciones de las Jornadas de Reflexi\u00f3n del Campo de la Pr\u00e1ctica Docente y las Jornadas de Debate Estudiantil respecto de los Derechos Humanos que han tenido lugar desde el a\u00f1o 2017 en la Escuela Normal Superior Martiniano Leguizam\u00f3n.<\/p>\n\n\n\n<p>La configuraci\u00f3n del Congreso se propone ofrecer m\u00faltiples espacios de reflexi\u00f3n, di\u00e1logo, debate y participaci\u00f3n de destacados especialistas nacionales, provinciales y locales. Este evento, en modalidad presencial, se llevar\u00e1 a cabo los d\u00edas 26 y 27 de octubre de 2023 y est\u00e1 dirigido a Estudiantes, Docentes, Directivos, Supervisores, T\u00e9cnicos, Investigadores, Profesionales e interesados afines al \u00e1mbito educativo.<\/p>\n\n\n\n<p><img decoding=\"async\" loading=\"lazy\" width=\"16\" height=\"16\" src=\"https:\/\/ensvillaguay-ers.infd.edu.ar\/sitio\/wp-content\/uploads\/2023\/09\/siguiente-boton-2.png\" alt=\"\">&nbsp;<strong>Comit\u00e9 Honorario, Acad\u00e9mico y Organizador:&nbsp;<\/strong><a href=\"https:\/\/ensvillaguay-ers.infd.edu.ar\/sitio\/comite-honorario-academico-y-organizador\/\">https:\/\/ensvillaguay-ers.infd.edu.ar\/sitio\/comite-honorario-academico-y-organizador\/<\/a><\/p>\n\n\n\n<p><img decoding=\"async\" loading=\"lazy\" width=\"16\" height=\"16\" src=\"https:\/\/ensvillaguay-ers.infd.edu.ar\/sitio\/wp-content\/uploads\/2023\/09\/siguiente-boton-2.png\" alt=\"\">&nbsp;<strong>Ejes Tem\u00e1ticos:&nbsp;<\/strong><a href=\"https:\/\/ensvillaguay-ers.infd.edu.ar\/sitio\/ejes-tematicos\/\">https:\/\/ensvillaguay-ers.infd.edu.ar\/sitio\/ejes-tematicos\/<\/a><\/p>\n\n\n\n<p><img decoding=\"async\" loading=\"lazy\" width=\"16\" height=\"16\" src=\"https:\/\/ensvillaguay-ers.infd.edu.ar\/sitio\/wp-content\/uploads\/2023\/09\/siguiente-boton-2.png\" alt=\"\">&nbsp;<strong>Aranceles de inscripci\u00f3n<\/strong>:&nbsp;<a href=\"https:\/\/ensvillaguay-ers.infd.edu.ar\/sitio\/aranceles-de-inscripcion\/\">https:\/\/ensvillaguay-ers.infd.edu.ar\/sitio\/aranceles-de-inscripcion\/<\/a><\/p>\n\n\n\n<p><img decoding=\"async\" loading=\"lazy\" width=\"16\" height=\"16\" src=\"https:\/\/ensvillaguay-ers.infd.edu.ar\/sitio\/wp-content\/uploads\/2023\/09\/siguiente-boton-2.png\" alt=\"\">&nbsp;<strong>1\u00b0 Circular:&nbsp;<\/strong><a href=\"https:\/\/ensvillaguay-ers.infd.edu.ar\/sitio\/1o-circular\/\">https:\/\/ensvillaguay-ers.infd.edu.ar\/sitio\/1o-circular\/<\/a><\/p>\n\n\n\n<p><img decoding=\"async\" loading=\"lazy\" width=\"16\" height=\"16\" src=\"https:\/\/ensvillaguay-ers.infd.edu.ar\/sitio\/wp-content\/uploads\/2023\/09\/siguiente-boton-2.png\" alt=\"\">&nbsp;<strong>2\u00b0 Circular:<\/strong>&nbsp;<a rel=\"noreferrer noopener\" href=\"https:\/\/ensvillaguay-ers.infd.edu.ar\/sitio\/2-circular\/\" target=\"_blank\">https:\/\/ensvillaguay-ers.infd.edu.ar\/sitio\/2-circular\/<\/a><\/p>\n\n\n\n<p><img decoding=\"async\" loading=\"lazy\" width=\"16\" height=\"16\" src=\"https:\/\/ensvillaguay-ers.infd.edu.ar\/sitio\/wp-content\/uploads\/2023\/09\/siguiente-boton-2.png\" alt=\"\">&nbsp;<strong>3\u00b0 Circular:<\/strong>&nbsp;<a href=\"https:\/\/ensvillaguay-ers.infd.edu.ar\/sitio\/3-circular\/\" target=\"_blank\" rel=\"noreferrer noopener\">https:\/\/ensvillaguay-ers.infd.edu.ar\/sitio\/3-circular\/<\/a><\/p>\n\n\n\n<p><img decoding=\"async\" loading=\"lazy\" width=\"16\" height=\"16\" src=\"https:\/\/ensvillaguay-ers.infd.edu.ar\/sitio\/wp-content\/uploads\/2023\/09\/siguiente-boton-2.png\" alt=\"\"> <strong>Reconocimiento: <\/strong><a href=\"https:\/\/ensvillaguay-ers.infd.edu.ar\/sitio\/reconocimiento\/\" target=\"_blank\" rel=\"noreferrer noopener\">https:\/\/ensvillaguay-ers.infd.edu.ar\/sitio\/reconocimiento\/<\/a><\/p>\n\n\n\n<p><img decoding=\"async\" loading=\"lazy\" width=\"16\" height=\"16\" src=\"https:\/\/ensvillaguay-ers.infd.edu.ar\/sitio\/wp-content\/uploads\/2023\/09\/siguiente-boton-2.png\" alt=\"\"> <strong>Conferencistas<\/strong>: <a rel=\"noreferrer noopener\" href=\"https:\/\/ensvillaguay-ers.infd.edu.ar\/sitio\/conferencistas\/\" target=\"_blank\">https:\/\/ensvillaguay-ers.infd.edu.ar\/sitio\/conferencistas\/<\/a><\/p>\n\n\n\n<p> <strong><img decoding=\"async\" loading=\"lazy\" width=\"16\" height=\"16\" class=\"wp-image-8991\" style=\"width: 16px;\" src=\"https:\/\/ensvillaguay-ers.infd.edu.ar\/sitio\/wp-content\/uploads\/2023\/10\/siguiente-boton.png\" alt=\"\"> Formulario de inscripci\u00f3n:<\/strong> <a rel=\"noreferrer noopener\" href=\"https:\/\/forms.gle\/4uw5rUNEmz2XqZkQ8\" target=\"_blank\">https:\/\/forms.gle\/4uw5rUNEmz2XqZkQ8<\/a><\/p>\n\n\n\n<p><img decoding=\"async\" loading=\"lazy\" width=\"16\" height=\"16\" class=\"wp-image-8991\" style=\"width: 16px;\" src=\"https:\/\/ensvillaguay-ers.infd.edu.ar\/sitio\/wp-content\/uploads\/2023\/10\/siguiente-boton.png\" alt=\"\"> <strong>Programa:<\/strong> <a href=\"https:\/\/ensvillaguay-ers.infd.edu.ar\/sitio\/programa\/\" target=\"_blank\" rel=\"noreferrer noopener\">https:\/\/ensvillaguay-ers.infd.edu.ar\/sitio\/programa\/<\/a><\/p>\n\n\n\n<p><\/p>\n\n\n\n<p><\/p>\n","protected":false},"excerpt":{"rendered":"<p>La Escuela Normal Superior Martiniano Leguizam\u00f3n de la ciudad de Villaguay Entre R\u00edos invita al&nbsp;I Congreso Integrado de Pr\u00e1cticas Docentes y Derechos Humanos:&nbsp;\u201cFormaci\u00f3n y Pr\u00e1cticas Docentes desde la perspectiva de los Derechos Humanos. A cuarenta a\u00f1os de la Recuperaci\u00f3n Democr\u00e1tica en Argentina\u201d. Los 40 a\u00f1os de democracia han permitido cuestionar, problematizar y movilizar sentidos, generando &#8230; <a title=\"I Congreso Integrado de Pr\u00e1cticas Docentes y Derechos Humanos\" class=\"read-more\" href=\"https:\/\/ensvillaguay-ers.infd.edu.ar\/sitio\/i-congreso-integrado-de-practicas-docentes-y-derechos-humanos\/\" aria-label=\"More on I Congreso Integrado de Pr\u00e1cticas Docentes y Derechos Humanos\">[+]<\/a><\/p>\n","protected":false},"author":1427,"featured_media":0,"parent":0,"menu_order":0,"comment_status":"closed","ping_status":"closed","template":"","meta":[],"acf":[],"_links":{"self":[{"href":"https:\/\/ensvillaguay-ers.infd.edu.ar\/sitio\/wp-json\/wp\/v2\/pages\/8672"}],"collection":[{"href":"https:\/\/ensvillaguay-ers.infd.edu.ar\/sitio\/wp-json\/wp\/v2\/pages"}],"about":[{"href":"https:\/\/ensvillaguay-ers.infd.edu.ar\/sitio\/wp-json\/wp\/v2\/types\/page"}],"author":[{"embeddable":true,"href":"https:\/\/ensvillaguay-ers.infd.edu.ar\/sitio\/wp-json\/wp\/v2\/users\/1427"}],"replies":[{"embeddable":true,"href":"https:\/\/ensvillaguay-ers.infd.edu.ar\/sitio\/wp-json\/wp\/v2\/comments?post=8672"}],"version-history":[{"count":14,"href":"https:\/\/ensvillaguay-ers.infd.edu.ar\/sitio\/wp-json\/wp\/v2\/pages\/8672\/revisions"}],"predecessor-version":[{"id":9120,"href":"https:\/\/ensvillaguay-ers.infd.edu.ar\/sitio\/wp-json\/wp\/v2\/pages\/8672\/revisions\/9120"}],"wp:attachment":[{"href":"https:\/\/ensvillaguay-ers.infd.edu.ar\/sitio\/wp-json\/wp\/v2\/media?parent=8672"}],"curies":[{"name":"wp","href":"https:\/\/api.w.org\/{rel}","templated":true}]}}