{"id":8721,"date":"2023-09-12T17:48:00","date_gmt":"2023-09-12T20:48:00","guid":{"rendered":"https:\/\/ensvillaguay-ers.infd.edu.ar\/sitio\/?page_id=8721"},"modified":"2023-09-15T19:28:58","modified_gmt":"2023-09-15T22:28:58","slug":"comite-honorario-academico-y-organizador","status":"publish","type":"page","link":"https:\/\/ensvillaguay-ers.infd.edu.ar\/sitio\/comite-honorario-academico-y-organizador\/","title":{"rendered":"Comit\u00e9 Honorario, Acad\u00e9mico y Organizador"},"content":{"rendered":"\n<figure class=\"wp-block-image size-full\"><img decoding=\"async\" loading=\"lazy\" width=\"1584\" height=\"396\" src=\"https:\/\/ensvillaguay-ers.infd.edu.ar\/sitio\/wp-content\/uploads\/2023\/09\/WhatsApp-Image-2023-09-12-at-09.57.20.jpeg\" alt=\"\" class=\"wp-image-8722\" srcset=\"https:\/\/ensvillaguay-ers.infd.edu.ar\/sitio\/wp-content\/uploads\/2023\/09\/WhatsApp-Image-2023-09-12-at-09.57.20.jpeg 1584w, https:\/\/ensvillaguay-ers.infd.edu.ar\/sitio\/wp-content\/uploads\/2023\/09\/WhatsApp-Image-2023-09-12-at-09.57.20-1000x250.jpeg 1000w, https:\/\/ensvillaguay-ers.infd.edu.ar\/sitio\/wp-content\/uploads\/2023\/09\/WhatsApp-Image-2023-09-12-at-09.57.20-768x192.jpeg 768w, https:\/\/ensvillaguay-ers.infd.edu.ar\/sitio\/wp-content\/uploads\/2023\/09\/WhatsApp-Image-2023-09-12-at-09.57.20-1536x384.jpeg 1536w\" sizes=\"(max-width: 1584px) 100vw, 1584px\" \/><\/figure>\n\n\n<h4><img decoding=\"async\" loading=\"lazy\" width=\"16\" height=\"16\" class=\"wp-image-8684\" src=\"https:\/\/ensvillaguay-ers.infd.edu.ar\/sitio\/wp-content\/uploads\/2023\/09\/siguiente-boton-2.png\" alt=\"\"> <strong>Comit\u00e9 Honorario<\/strong><\/h4>\n\n\n<p>Rector | Dr. Ra\u00fal Piazzentino&nbsp;<\/p>\n\n\n\n<p>Vicerrectora | Dra. Mar\u00eda Alejandra Barbar<\/p>\n\n\n\n<p>Secretaria | Prof. Anal\u00eda Kranevitter<\/p>\n\n\n\n<p>Secretaria Acad\u00e9mica | Mg. Luciana Tourn<\/p>\n\n\n\n<p>Vicerrector | Prof. Miguel Fern\u00e1ndez<\/p>\n\n\n\n<p>Directora | Lic. Cecilia Poqu\u00e9<\/p>\n\n\n\n<p>Vicedirectora | Prof. Natalia L\u00f3pez<\/p>\n\n\n\n<p>Vicedirectora | Prof. Mara Brufau<\/p>\n\n\n\n<p>Secretaria | Prof. Sonia Mathey Doret<\/p>\n\n\n\n<p>Directora | Lic. Alejandra Zalazar<\/p>\n\n\n<h4><strong><img decoding=\"async\" loading=\"lazy\" class=\"alignnone size-full wp-image-8684\" src=\"https:\/\/ensvillaguay-ers.infd.edu.ar\/sitio\/wp-content\/uploads\/2023\/09\/siguiente-boton-2.png\" alt=\"\" width=\"16\" height=\"16\" \/>Coordinaci\u00f3n General<\/strong><\/h4>\n<p>Prof. Anal\u00eda D\u00edaz<\/p>\n<h4><strong><img decoding=\"async\" loading=\"lazy\" class=\"alignnone size-full wp-image-8684\" src=\"https:\/\/ensvillaguay-ers.infd.edu.ar\/sitio\/wp-content\/uploads\/2023\/09\/siguiente-boton-2.png\" alt=\"\" width=\"16\" height=\"16\" \/>Coordinaci\u00f3n del Campo de la Pr\u00e1ctica Docente<\/strong><\/h4>\n<p>Prof. Ivana Le\u00f3n<\/p>\n<h4><strong><img decoding=\"async\" loading=\"lazy\" class=\"alignnone size-full wp-image-8684\" src=\"https:\/\/ensvillaguay-ers.infd.edu.ar\/sitio\/wp-content\/uploads\/2023\/09\/siguiente-boton-2.png\" alt=\"\" width=\"16\" height=\"16\" \/>Comit\u00e9 Acad\u00e9mico Externo<\/strong><\/h4>\n<p>Dra. Laura Raffo | UADER FHAYCS<\/p>\n<p>Dra. Janet Cian | UNER<\/p>\n<p>Dra. Mariela Moreno | UNER<\/p>\n<p>Mg. Andrea Hern\u00e1n |UNLU\/UNER<\/p>\n<h4><strong><img decoding=\"async\" loading=\"lazy\" class=\"alignnone size-full wp-image-8684\" src=\"https:\/\/ensvillaguay-ers.infd.edu.ar\/sitio\/wp-content\/uploads\/2023\/09\/siguiente-boton-2.png\" alt=\"\" width=\"16\" height=\"16\" \/>Comit\u00e9 Acad\u00e9mico Interno<\/strong><\/h4>\n<p>Lic. Anabela Flores<\/p>\n<p>Prof. Diana Pizzini<\/p>\n<p>Prof. Mara Godoy<\/p>\n<p>Lic. Mar\u00eda Rosa Demonte<\/p>\n<p>Biol. Rosa Beltrame<\/p>\n<p>Prof. Sandra Figueroa<\/p>\n<p>Prof. Silvana Echeverria<\/p>\n<p>Prof. Valeria Schierloh<\/p>\n<p>Lic. Ver\u00f3nica Barcos<\/p>\n<p>Dr. Carlos Mendoza<\/p>\n<p>Lic. Ren\u00e9 Escudero<\/p>\n<p>Prof. Jos\u00e9 Carlos Garc\u00eda Marnetto<\/p>\n<p>Lic. Yamil Barrios<\/p>\n<p>Prof. Pedro Mi\u00f1o<\/p>\n<p>Prof. Leticia Perrouchoud<\/p>\n<p>Prof. Luciana Verbauwede<\/p>\n<p>Prof. Jos\u00e9 Sack<\/p>\n<h4><strong><img decoding=\"async\" loading=\"lazy\" class=\"alignnone size-full wp-image-8684\" src=\"https:\/\/ensvillaguay-ers.infd.edu.ar\/sitio\/wp-content\/uploads\/2023\/09\/siguiente-boton-2.png\" alt=\"\" width=\"16\" height=\"16\" \/>Comit\u00e9 Organizador<\/strong><\/h4>\n<p>Coordinaci\u00f3n Institucional de Pol\u00edticas Estudiantiles<\/p>\n<p>Equipo Docente<\/p>\n<p>\u00c1rea de Estudiantes<\/p>\n<p>Referentes T\u00e9cnicos Institucionales<\/p>\n<p>Centro de Estudiantes<\/p>\n<p>Estudiantes del Nivel Superior<\/p>\n<p>Equipo no Docente<\/p>","protected":false},"excerpt":{"rendered":"<p>Comit\u00e9 Honorario Rector | Dr. Ra\u00fal Piazzentino&nbsp; Vicerrectora | Dra. Mar\u00eda Alejandra Barbar Secretaria | Prof. Anal\u00eda Kranevitter Secretaria Acad\u00e9mica | Mg. Luciana Tourn Vicerrector | Prof. Miguel Fern\u00e1ndez Directora | Lic. Cecilia Poqu\u00e9 Vicedirectora | Prof. Natalia L\u00f3pez Vicedirectora | Prof. Mara Brufau Secretaria | Prof. Sonia Mathey Doret Directora | Lic. Alejandra Zalazar &#8230; <a title=\"Comit\u00e9 Honorario, Acad\u00e9mico y Organizador\" class=\"read-more\" href=\"https:\/\/ensvillaguay-ers.infd.edu.ar\/sitio\/comite-honorario-academico-y-organizador\/\" aria-label=\"More on Comit\u00e9 Honorario, Acad\u00e9mico y Organizador\">[+]<\/a><\/p>\n","protected":false},"author":1427,"featured_media":0,"parent":0,"menu_order":0,"comment_status":"closed","ping_status":"closed","template":"","meta":[],"acf":[],"_links":{"self":[{"href":"https:\/\/ensvillaguay-ers.infd.edu.ar\/sitio\/wp-json\/wp\/v2\/pages\/8721"}],"collection":[{"href":"https:\/\/ensvillaguay-ers.infd.edu.ar\/sitio\/wp-json\/wp\/v2\/pages"}],"about":[{"href":"https:\/\/ensvillaguay-ers.infd.edu.ar\/sitio\/wp-json\/wp\/v2\/types\/page"}],"author":[{"embeddable":true,"href":"https:\/\/ensvillaguay-ers.infd.edu.ar\/sitio\/wp-json\/wp\/v2\/users\/1427"}],"replies":[{"embeddable":true,"href":"https:\/\/ensvillaguay-ers.infd.edu.ar\/sitio\/wp-json\/wp\/v2\/comments?post=8721"}],"version-history":[{"count":8,"href":"https:\/\/ensvillaguay-ers.infd.edu.ar\/sitio\/wp-json\/wp\/v2\/pages\/8721\/revisions"}],"predecessor-version":[{"id":8779,"href":"https:\/\/ensvillaguay-ers.infd.edu.ar\/sitio\/wp-json\/wp\/v2\/pages\/8721\/revisions\/8779"}],"wp:attachment":[{"href":"https:\/\/ensvillaguay-ers.infd.edu.ar\/sitio\/wp-json\/wp\/v2\/media?parent=8721"}],"curies":[{"name":"wp","href":"https:\/\/api.w.org\/{rel}","templated":true}]}}