{"id":8729,"date":"2023-09-12T17:57:15","date_gmt":"2023-09-12T20:57:15","guid":{"rendered":"https:\/\/ensvillaguay-ers.infd.edu.ar\/sitio\/?page_id=8729"},"modified":"2023-10-19T10:49:53","modified_gmt":"2023-10-19T13:49:53","slug":"ejes-tematicos","status":"publish","type":"page","link":"https:\/\/ensvillaguay-ers.infd.edu.ar\/sitio\/ejes-tematicos\/","title":{"rendered":"<strong>Ejes Tem\u00e1ticos<\/strong>"},"content":{"rendered":"\n<p><\/p>\n\n\n\n<figure class=\"wp-block-image size-full\"><img decoding=\"async\" loading=\"lazy\" width=\"1584\" height=\"396\" src=\"https:\/\/ensvillaguay-ers.infd.edu.ar\/sitio\/wp-content\/uploads\/2023\/09\/WhatsApp-Image-2023-09-12-at-09.57.20-2.jpeg\" alt=\"\" class=\"wp-image-8730\" srcset=\"https:\/\/ensvillaguay-ers.infd.edu.ar\/sitio\/wp-content\/uploads\/2023\/09\/WhatsApp-Image-2023-09-12-at-09.57.20-2.jpeg 1584w, https:\/\/ensvillaguay-ers.infd.edu.ar\/sitio\/wp-content\/uploads\/2023\/09\/WhatsApp-Image-2023-09-12-at-09.57.20-2-1000x250.jpeg 1000w, https:\/\/ensvillaguay-ers.infd.edu.ar\/sitio\/wp-content\/uploads\/2023\/09\/WhatsApp-Image-2023-09-12-at-09.57.20-2-768x192.jpeg 768w, https:\/\/ensvillaguay-ers.infd.edu.ar\/sitio\/wp-content\/uploads\/2023\/09\/WhatsApp-Image-2023-09-12-at-09.57.20-2-1536x384.jpeg 1536w\" sizes=\"(max-width: 1584px) 100vw, 1584px\" \/><\/figure>\n\n\n<p>La Escuela Normal Superior Martiniano Leguizam\u00f3n de la ciudad de Villaguay Entre R\u00edos organiza el <strong><em>I Congreso Integrado de Pr\u00e1cticas Docentes y Derechos Humanos. A cuarenta a\u00f1os de la recuperaci\u00f3n democr\u00e1tica<\/em><\/strong> <strong><em>en Argentina.\u00a0<\/em><\/strong><\/p>\n<h4><strong> <img decoding=\"async\" loading=\"lazy\" class=\"alignnone size-full wp-image-8684\" src=\"https:\/\/ensvillaguay-ers.infd.edu.ar\/sitio\/wp-content\/uploads\/2023\/09\/siguiente-boton-2.png\" alt=\"\" width=\"16\" height=\"16\" \/>Ejes Tem\u00e1ticos de mesas de trabajo\u00a0\u00a0\u00a0\u00a0\u00a0\u00a0\u00a0\u00a0\u00a0\u00a0\u00a0\u00a0\u00a0\u00a0\u00a0\u00a0\u00a0\u00a0\u00a0\u00a0\u00a0\u00a0\u00a0\u00a0\u00a0\u00a0\u00a0\u00a0 \u00a0\u00a0\u00a0\u00a0\u00a0\u00a0\u00a0\u00a0\u00a0\u00a0\u00a0\u00a0\u00a0\u00a0\u00a0\u00a0\u00a0\u00a0\u00a0\u00a0\u00a0\u00a0\u00a0\u00a0\u00a0\u00a0\u00a0\u00a0\u00a0\u00a0\u00a0\u00a0\u00a0<\/strong><\/h4>\n<ul>\n<li><strong><em>Formaci\u00f3n docente y autoridad pedag\u00f3gica para escenarios democr\u00e1ticos<\/em><\/strong><\/li>\n<\/ul>\n<p><strong>Subl\u00edneas:<\/strong> Autoridad, \u00c9tica y Pedagog\u00eda. Pr\u00e1cticas Educativas y construcci\u00f3n colectiva. Trabajo cooperativo. Educaci\u00f3n Popular. Integraci\u00f3n Did\u00e1ctica para la pr\u00e1ctica democr\u00e1tica. Formaci\u00f3n docente inicial y continua para la educaci\u00f3n en las distintas modalidades educativas. Grupos de trabajo para el aprendizaje cooperativo. Evaluaci\u00f3n: experiencias formativas.<\/p>\n<ul>\n<li><strong><em>Problem\u00e1ticas contempor\u00e1neas y Derechos Humanos<\/em><\/strong><\/li>\n<\/ul>\n<p><strong>Subl\u00edneas:<\/strong> Educaci\u00f3n Sexual Integral. Educaci\u00f3n Ambiental. Derecho a la Educaci\u00f3n. Derechos del ni\u00f1o, ni\u00f1a y adolescente. Educaci\u00f3n Inclusiva y DDHH. Ciudadan\u00eda y Alfabetizaci\u00f3n Digital. Participaci\u00f3n y pol\u00edticas estudiantiles.<\/p>\n<ul>\n<li><strong><em>Interdisciplinariedad, construcci\u00f3n del saber y democracia<\/em><\/strong><\/li>\n<\/ul>\n<p><strong>Subl\u00edneas:<\/strong> Proyecto pol\u00edtico y pedag\u00f3gico institucional. Programa Acontecer: propuestas institucionales. La transdisciplinariedad en la ense\u00f1anza y el aprendizaje. Propuestas curriculares y extracurriculares. Experiencias de aprendizaje para las trayectorias educativas heterog\u00e9neas. Saberes en di\u00e1logo e investigaci\u00f3n formativa. Propuestas para la reconfiguraci\u00f3n y mejora de la ense\u00f1anza.\u00a0<\/p>\n<ul>\n<li><strong><em>Propuestas y expresiones art\u00edsticas en la educaci\u00f3n democr\u00e1tica<\/em><\/strong><\/li>\n<\/ul>\n<p><strong>Subl\u00edneas: <\/strong>Pedagog\u00edas y did\u00e1cticas para la diversidad cultural. Arte, saberes y cosmovisiones en la diversidad educativa. Pedagog\u00eda de las Artes y Humanidades. Proyectos art\u00edsticos y problem\u00e1ticas sociales. Experiencias de Educaci\u00f3n No Formal. Corporeidad y lenguajes art\u00edsticos.<\/p>\n<ul>\n<li><strong><em>Proyectos educativos para el fortalecimiento democr\u00e1tico de la sociedad<\/em><\/strong><\/li>\n<\/ul>\n<p><strong>Subl\u00edneas: <\/strong>Estrategias curriculares y did\u00e1cticas para la atenci\u00f3n a la diversidad. Praxis profesional en la formaci\u00f3n docente. Acompa\u00f1amiento a las trayectorias y sentidos socioafectivos. Contenidos complejos y saberes emergentes. Inclusi\u00f3n digital en los procesos formativos docentes. Apoyo Pedag\u00f3gico a Escuelas (APE). Formando Docentes, ampliando la participaci\u00f3n estudiantil. Tutor\u00edas de pares.<\/p>\n<p style=\"text-align: center;\">\u00a0<\/p>","protected":false},"excerpt":{"rendered":"<p>La Escuela Normal Superior Martiniano Leguizam\u00f3n de la ciudad de Villaguay Entre R\u00edos organiza el I Congreso Integrado de Pr\u00e1cticas Docentes y Derechos Humanos. A cuarenta a\u00f1os de la recuperaci\u00f3n democr\u00e1tica en Argentina.\u00a0 Ejes Tem\u00e1ticos de mesas de trabajo\u00a0\u00a0\u00a0\u00a0\u00a0\u00a0\u00a0\u00a0\u00a0\u00a0\u00a0\u00a0\u00a0\u00a0\u00a0\u00a0\u00a0\u00a0\u00a0\u00a0\u00a0\u00a0\u00a0\u00a0\u00a0\u00a0\u00a0\u00a0 \u00a0\u00a0\u00a0\u00a0\u00a0\u00a0\u00a0\u00a0\u00a0\u00a0\u00a0\u00a0\u00a0\u00a0\u00a0\u00a0\u00a0\u00a0\u00a0\u00a0\u00a0\u00a0\u00a0\u00a0\u00a0\u00a0\u00a0\u00a0\u00a0\u00a0\u00a0\u00a0\u00a0 Formaci\u00f3n docente y autoridad pedag\u00f3gica para escenarios democr\u00e1ticos Subl\u00edneas: Autoridad, \u00c9tica y Pedagog\u00eda. Pr\u00e1cticas Educativas &#8230; <a title=\"Ejes Tem\u00e1ticos\" class=\"read-more\" href=\"https:\/\/ensvillaguay-ers.infd.edu.ar\/sitio\/ejes-tematicos\/\" aria-label=\"More on Ejes Tem\u00e1ticos\">[+]<\/a><\/p>\n","protected":false},"author":1427,"featured_media":0,"parent":0,"menu_order":0,"comment_status":"closed","ping_status":"closed","template":"","meta":[],"acf":[],"_links":{"self":[{"href":"https:\/\/ensvillaguay-ers.infd.edu.ar\/sitio\/wp-json\/wp\/v2\/pages\/8729"}],"collection":[{"href":"https:\/\/ensvillaguay-ers.infd.edu.ar\/sitio\/wp-json\/wp\/v2\/pages"}],"about":[{"href":"https:\/\/ensvillaguay-ers.infd.edu.ar\/sitio\/wp-json\/wp\/v2\/types\/page"}],"author":[{"embeddable":true,"href":"https:\/\/ensvillaguay-ers.infd.edu.ar\/sitio\/wp-json\/wp\/v2\/users\/1427"}],"replies":[{"embeddable":true,"href":"https:\/\/ensvillaguay-ers.infd.edu.ar\/sitio\/wp-json\/wp\/v2\/comments?post=8729"}],"version-history":[{"count":3,"href":"https:\/\/ensvillaguay-ers.infd.edu.ar\/sitio\/wp-json\/wp\/v2\/pages\/8729\/revisions"}],"predecessor-version":[{"id":9097,"href":"https:\/\/ensvillaguay-ers.infd.edu.ar\/sitio\/wp-json\/wp\/v2\/pages\/8729\/revisions\/9097"}],"wp:attachment":[{"href":"https:\/\/ensvillaguay-ers.infd.edu.ar\/sitio\/wp-json\/wp\/v2\/media?parent=8729"}],"curies":[{"name":"wp","href":"https:\/\/api.w.org\/{rel}","templated":true}]}}