{"id":8810,"date":"2023-09-19T19:41:41","date_gmt":"2023-09-19T22:41:41","guid":{"rendered":"https:\/\/ensvillaguay-ers.infd.edu.ar\/sitio\/?page_id=8810"},"modified":"2023-09-19T21:02:46","modified_gmt":"2023-09-20T00:02:46","slug":"coleccion-formando-docentes","status":"publish","type":"page","link":"https:\/\/ensvillaguay-ers.infd.edu.ar\/sitio\/coleccion-formando-docentes\/","title":{"rendered":"Colecci\u00f3n \u201cFormando Docentes\u201d"},"content":{"rendered":"\n<figure class=\"wp-block-image size-large\"><img decoding=\"async\" loading=\"lazy\" width=\"1900\" height=\"880\" src=\"https:\/\/ensvillaguay-ers.infd.edu.ar\/sitio\/wp-content\/uploads\/2023\/09\/Propuestas-de-Formacion-Docente-Inicial-1-1900x880.jpg\" alt=\"\" class=\"wp-image-8811\" srcset=\"https:\/\/ensvillaguay-ers.infd.edu.ar\/sitio\/wp-content\/uploads\/2023\/09\/Propuestas-de-Formacion-Docente-Inicial-1-1900x880.jpg 1900w, https:\/\/ensvillaguay-ers.infd.edu.ar\/sitio\/wp-content\/uploads\/2023\/09\/Propuestas-de-Formacion-Docente-Inicial-1-1000x463.jpg 1000w, https:\/\/ensvillaguay-ers.infd.edu.ar\/sitio\/wp-content\/uploads\/2023\/09\/Propuestas-de-Formacion-Docente-Inicial-1-768x356.jpg 768w, https:\/\/ensvillaguay-ers.infd.edu.ar\/sitio\/wp-content\/uploads\/2023\/09\/Propuestas-de-Formacion-Docente-Inicial-1-1536x711.jpg 1536w, https:\/\/ensvillaguay-ers.infd.edu.ar\/sitio\/wp-content\/uploads\/2023\/09\/Propuestas-de-Formacion-Docente-Inicial-1.jpg 1915w\" sizes=\"(max-width: 1900px) 100vw, 1900px\" \/><\/figure>\n\n\n\n<p>La Biblioteca Hebe Morosini &nbsp;de la Escuela Normal Superior Martiniano Leguizam\u00f3n, presenta la colecci\u00f3n bibliogr\u00e1fica <em>\u201cFormando Docentes\u201d, <\/em>enviado por el &nbsp;Ministerio de Educaci\u00f3n, a trav\u00e9s del Instituto Nacional de Formaci\u00f3n Docente. La misma comprende 42 t\u00edtulos de 17 editoriales.<\/p>\n\n\n\n<p>Entre las tem\u00e1ticas que podr\u00e1n encontrarse en la colecci\u00f3n se destacan trabajo docente, an\u00e1lisis de las pr\u00e1cticas educativas, did\u00e1ctica general, gesti\u00f3n y gobierno de las instituciones, re-vinculaci\u00f3n pedag\u00f3gica, educaci\u00f3n intercultural, uso de las tecnolog\u00edas y medios digitales con sentido pedag\u00f3gico, educaci\u00f3n ambiental, educaci\u00f3n sexual integral, educaci\u00f3n en derechos humanos, entre otras.<\/p>\n\n\n\n<figure class=\"wp-block-table is-style-stripes\"><table><tbody><tr><td class=\"has-text-align-center\" data-align=\"center\"><strong>Listado de la colecci\u00f3n bibliogr\u00e1fica <em>\u201cFormando Docentes\u201d<\/em><\/strong><\/td><td class=\"has-text-align-center\" data-align=\"center\"><a href=\"https:\/\/drive.google.com\/file\/d\/1rr0ASI6TB9evQaJRRB8T-2FYDBMKffj6\/view?usp=sharing\" data-type=\"URL\" data-id=\"https:\/\/drive.google.com\/file\/d\/1rr0ASI6TB9evQaJRRB8T-2FYDBMKffj6\/view?usp=sharing\" target=\"_blank\" rel=\"noreferrer noopener\"> <strong>Descargar  <\/strong><\/a><strong> <\/strong>                                                 <\/td><\/tr><\/tbody><\/table><\/figure>\n\n\n\n<figure class=\"wp-block-gallery has-nested-images columns-default is-cropped wp-block-gallery-1 is-layout-flex\">\n<figure class=\"wp-block-image size-large\"><img decoding=\"async\" loading=\"lazy\" width=\"1280\" height=\"720\" data-id=\"8815\"  src=\"https:\/\/ensvillaguay-ers.infd.edu.ar\/sitio\/wp-content\/uploads\/2023\/09\/WhatsApp-Image-2023-09-15-at-21.04.50-3.jpeg\" alt=\"\" class=\"wp-image-8815\" srcset=\"https:\/\/ensvillaguay-ers.infd.edu.ar\/sitio\/wp-content\/uploads\/2023\/09\/WhatsApp-Image-2023-09-15-at-21.04.50-3.jpeg 1280w, https:\/\/ensvillaguay-ers.infd.edu.ar\/sitio\/wp-content\/uploads\/2023\/09\/WhatsApp-Image-2023-09-15-at-21.04.50-3-1000x563.jpeg 1000w, https:\/\/ensvillaguay-ers.infd.edu.ar\/sitio\/wp-content\/uploads\/2023\/09\/WhatsApp-Image-2023-09-15-at-21.04.50-3-768x432.jpeg 768w\" sizes=\"(max-width: 1280px) 100vw, 1280px\" \/><\/figure>\n\n\n\n<figure class=\"wp-block-image size-large\"><img decoding=\"async\" loading=\"lazy\" width=\"1280\" height=\"720\" data-id=\"8817\"  src=\"https:\/\/ensvillaguay-ers.infd.edu.ar\/sitio\/wp-content\/uploads\/2023\/09\/WhatsApp-Image-2023-09-15-at-21.04.50-2.jpeg\" alt=\"\" class=\"wp-image-8817\" srcset=\"https:\/\/ensvillaguay-ers.infd.edu.ar\/sitio\/wp-content\/uploads\/2023\/09\/WhatsApp-Image-2023-09-15-at-21.04.50-2.jpeg 1280w, https:\/\/ensvillaguay-ers.infd.edu.ar\/sitio\/wp-content\/uploads\/2023\/09\/WhatsApp-Image-2023-09-15-at-21.04.50-2-1000x563.jpeg 1000w, https:\/\/ensvillaguay-ers.infd.edu.ar\/sitio\/wp-content\/uploads\/2023\/09\/WhatsApp-Image-2023-09-15-at-21.04.50-2-768x432.jpeg 768w\" sizes=\"(max-width: 1280px) 100vw, 1280px\" \/><\/figure>\n\n\n\n<figure class=\"wp-block-image size-large\"><img decoding=\"async\" loading=\"lazy\" width=\"1280\" height=\"720\" data-id=\"8813\"  src=\"https:\/\/ensvillaguay-ers.infd.edu.ar\/sitio\/wp-content\/uploads\/2023\/09\/WhatsApp-Image-2023-09-15-at-21.04.50-1.jpeg\" alt=\"\" class=\"wp-image-8813\" srcset=\"https:\/\/ensvillaguay-ers.infd.edu.ar\/sitio\/wp-content\/uploads\/2023\/09\/WhatsApp-Image-2023-09-15-at-21.04.50-1.jpeg 1280w, https:\/\/ensvillaguay-ers.infd.edu.ar\/sitio\/wp-content\/uploads\/2023\/09\/WhatsApp-Image-2023-09-15-at-21.04.50-1-1000x563.jpeg 1000w, https:\/\/ensvillaguay-ers.infd.edu.ar\/sitio\/wp-content\/uploads\/2023\/09\/WhatsApp-Image-2023-09-15-at-21.04.50-1-768x432.jpeg 768w\" sizes=\"(max-width: 1280px) 100vw, 1280px\" \/><\/figure>\n\n\n\n<figure class=\"wp-block-image size-large\"><img decoding=\"async\" loading=\"lazy\" width=\"1280\" height=\"720\" data-id=\"8816\"  src=\"https:\/\/ensvillaguay-ers.infd.edu.ar\/sitio\/wp-content\/uploads\/2023\/09\/WhatsApp-Image-2023-09-15-at-21.04.50.jpeg\" alt=\"\" class=\"wp-image-8816\" srcset=\"https:\/\/ensvillaguay-ers.infd.edu.ar\/sitio\/wp-content\/uploads\/2023\/09\/WhatsApp-Image-2023-09-15-at-21.04.50.jpeg 1280w, https:\/\/ensvillaguay-ers.infd.edu.ar\/sitio\/wp-content\/uploads\/2023\/09\/WhatsApp-Image-2023-09-15-at-21.04.50-1000x563.jpeg 1000w, https:\/\/ensvillaguay-ers.infd.edu.ar\/sitio\/wp-content\/uploads\/2023\/09\/WhatsApp-Image-2023-09-15-at-21.04.50-768x432.jpeg 768w\" sizes=\"(max-width: 1280px) 100vw, 1280px\" \/><\/figure>\n\n\n\n<figure class=\"wp-block-image size-large\"><img decoding=\"async\" loading=\"lazy\" width=\"1280\" height=\"720\" data-id=\"8814\"  src=\"https:\/\/ensvillaguay-ers.infd.edu.ar\/sitio\/wp-content\/uploads\/2023\/09\/WhatsApp-Image-2023-09-15-at-21.04.49-2.jpeg\" alt=\"\" class=\"wp-image-8814\" srcset=\"https:\/\/ensvillaguay-ers.infd.edu.ar\/sitio\/wp-content\/uploads\/2023\/09\/WhatsApp-Image-2023-09-15-at-21.04.49-2.jpeg 1280w, https:\/\/ensvillaguay-ers.infd.edu.ar\/sitio\/wp-content\/uploads\/2023\/09\/WhatsApp-Image-2023-09-15-at-21.04.49-2-1000x563.jpeg 1000w, https:\/\/ensvillaguay-ers.infd.edu.ar\/sitio\/wp-content\/uploads\/2023\/09\/WhatsApp-Image-2023-09-15-at-21.04.49-2-768x432.jpeg 768w\" sizes=\"(max-width: 1280px) 100vw, 1280px\" \/><\/figure>\n\n\n\n<figure class=\"wp-block-image size-large\"><img decoding=\"async\" loading=\"lazy\" width=\"1280\" height=\"720\" data-id=\"8812\"  src=\"https:\/\/ensvillaguay-ers.infd.edu.ar\/sitio\/wp-content\/uploads\/2023\/09\/WhatsApp-Image-2023-09-15-at-21.04.49-1.jpeg\" alt=\"\" class=\"wp-image-8812\" srcset=\"https:\/\/ensvillaguay-ers.infd.edu.ar\/sitio\/wp-content\/uploads\/2023\/09\/WhatsApp-Image-2023-09-15-at-21.04.49-1.jpeg 1280w, https:\/\/ensvillaguay-ers.infd.edu.ar\/sitio\/wp-content\/uploads\/2023\/09\/WhatsApp-Image-2023-09-15-at-21.04.49-1-1000x563.jpeg 1000w, https:\/\/ensvillaguay-ers.infd.edu.ar\/sitio\/wp-content\/uploads\/2023\/09\/WhatsApp-Image-2023-09-15-at-21.04.49-1-768x432.jpeg 768w\" sizes=\"(max-width: 1280px) 100vw, 1280px\" \/><\/figure>\n<\/figure>\n","protected":false},"excerpt":{"rendered":"<p>La Biblioteca Hebe Morosini &nbsp;de la Escuela Normal Superior Martiniano Leguizam\u00f3n, presenta la colecci\u00f3n bibliogr\u00e1fica \u201cFormando Docentes\u201d, enviado por el &nbsp;Ministerio de Educaci\u00f3n, a trav\u00e9s del Instituto Nacional de Formaci\u00f3n Docente. La misma comprende 42 t\u00edtulos de 17 editoriales. Entre las tem\u00e1ticas que podr\u00e1n encontrarse en la colecci\u00f3n se destacan trabajo docente, an\u00e1lisis de las &#8230; <a title=\"Colecci\u00f3n \u201cFormando Docentes\u201d\" class=\"read-more\" href=\"https:\/\/ensvillaguay-ers.infd.edu.ar\/sitio\/coleccion-formando-docentes\/\" aria-label=\"More on Colecci\u00f3n \u201cFormando Docentes\u201d\">[+]<\/a><\/p>\n","protected":false},"author":1427,"featured_media":0,"parent":0,"menu_order":0,"comment_status":"closed","ping_status":"closed","template":"","meta":[],"acf":[],"_links":{"self":[{"href":"https:\/\/ensvillaguay-ers.infd.edu.ar\/sitio\/wp-json\/wp\/v2\/pages\/8810"}],"collection":[{"href":"https:\/\/ensvillaguay-ers.infd.edu.ar\/sitio\/wp-json\/wp\/v2\/pages"}],"about":[{"href":"https:\/\/ensvillaguay-ers.infd.edu.ar\/sitio\/wp-json\/wp\/v2\/types\/page"}],"author":[{"embeddable":true,"href":"https:\/\/ensvillaguay-ers.infd.edu.ar\/sitio\/wp-json\/wp\/v2\/users\/1427"}],"replies":[{"embeddable":true,"href":"https:\/\/ensvillaguay-ers.infd.edu.ar\/sitio\/wp-json\/wp\/v2\/comments?post=8810"}],"version-history":[{"count":2,"href":"https:\/\/ensvillaguay-ers.infd.edu.ar\/sitio\/wp-json\/wp\/v2\/pages\/8810\/revisions"}],"predecessor-version":[{"id":8821,"href":"https:\/\/ensvillaguay-ers.infd.edu.ar\/sitio\/wp-json\/wp\/v2\/pages\/8810\/revisions\/8821"}],"wp:attachment":[{"href":"https:\/\/ensvillaguay-ers.infd.edu.ar\/sitio\/wp-json\/wp\/v2\/media?parent=8810"}],"curies":[{"name":"wp","href":"https:\/\/api.w.org\/{rel}","templated":true}]}}