{"id":8823,"date":"2023-09-19T20:20:09","date_gmt":"2023-09-19T23:20:09","guid":{"rendered":"https:\/\/ensvillaguay-ers.infd.edu.ar\/sitio\/?page_id=8823"},"modified":"2023-09-20T14:56:22","modified_gmt":"2023-09-20T17:56:22","slug":"coleccion-salas-davila","status":"publish","type":"page","link":"https:\/\/ensvillaguay-ers.infd.edu.ar\/sitio\/coleccion-salas-davila\/","title":{"rendered":"Colecci\u00f3n Salas D\u00e1vila"},"content":{"rendered":"\n<figure class=\"wp-block-image size-full\"><img decoding=\"async\" loading=\"lazy\" width=\"1897\" height=\"949\" src=\"https:\/\/ensvillaguay-ers.infd.edu.ar\/sitio\/wp-content\/uploads\/2023\/09\/Propuestas-de-Formacion-Docente-Inicial-1-1.jpg\" alt=\"\" class=\"wp-image-8824\" srcset=\"https:\/\/ensvillaguay-ers.infd.edu.ar\/sitio\/wp-content\/uploads\/2023\/09\/Propuestas-de-Formacion-Docente-Inicial-1-1.jpg 1897w, https:\/\/ensvillaguay-ers.infd.edu.ar\/sitio\/wp-content\/uploads\/2023\/09\/Propuestas-de-Formacion-Docente-Inicial-1-1-1000x500.jpg 1000w, https:\/\/ensvillaguay-ers.infd.edu.ar\/sitio\/wp-content\/uploads\/2023\/09\/Propuestas-de-Formacion-Docente-Inicial-1-1-768x384.jpg 768w, https:\/\/ensvillaguay-ers.infd.edu.ar\/sitio\/wp-content\/uploads\/2023\/09\/Propuestas-de-Formacion-Docente-Inicial-1-1-1536x768.jpg 1536w\" sizes=\"(max-width: 1897px) 100vw, 1897px\" \/><\/figure>\n\n\n\n<p>El d\u00eda jueves 07 de septiembre del corriente a\u00f1o se llev\u00f3 a cabo el Acto de presentaci\u00f3n de las obras donadas a la Escuela Normal Superior Martiniano Leguizam\u00f3n, \u00a0por parte del reconocido internacionalmente artista pl\u00e1stico <strong>Luis Alfonso Salas D\u00e1vila<\/strong>, colecci\u00f3n de su esposa Prof. Elena Wouterlooud, en el marco del cierre de su carrera art\u00edstica, tras sesenta a\u00f1os de trayectoria, las cuales pasar\u00e1n a formar parte del patrimonio Institucional y de la comunidad de Villaguay en su conjunto. <\/p>\n\n\n\n<p>El artista pl\u00e1stico, es oriundo de la ciudad de&nbsp;Tovar, capital del&nbsp;municipio&nbsp;hom\u00f3nimo, ubicada al sur oeste del estado&nbsp;M\u00e9rida en la Rep\u00fablica Bolivariana de Venezuela. Los Tovare\u00f1os(as), como se le conoce a su gentilicio, son considerados como personas cordiales llenas de amabilidad y calidez humana t\u00edpica de los Andes Venezolanos,&nbsp;tierra de hombres ilustres que han conquistado la gloria en varias \u00e1reas como el deporte, las artes, las humanidades, la ciencia y tecnolog\u00eda, la pol\u00edtica, el espect\u00e1culo, entre otras. En el Barrio El A\u00f1il de la ciudad de Tovar, promediando la primera parte del siglo XX, nace Luis Alfonso SALAS D\u00c1VILA.<\/p>\n\n\n\n<p>Muy peque\u00f1o dej\u00f3 los predios de su barrio El A\u00f1il para&nbsp; establecerse con su familia&nbsp; en Maracaibo. Culmin\u00f3&nbsp; la educaci\u00f3n primaria en el Colegio Pichincha y se inclin\u00f3 por el arte de la m\u00fasica, culminando un curso&nbsp; de cuatro&nbsp; a\u00f1os en la Academia Musical del estado de Zulia.&nbsp; Se residenci\u00f3 en M\u00e9rida para cursar estudios&nbsp; de magisterio en la Escuela Normal Alberto Carnevali.<\/p>\n\n\n\n<p>A trav\u00e9s de la obtenci\u00f3n de una beca del Ministerio de Educaci\u00f3n Venezolano, realiza Estudios de Arte puro en la academia \u00abBellas Artes de San Fernando\u00bb; Circulo de Bellas Artes y Academia Atrium, Madrid, Espa\u00f1a.<\/p>\n\n\n\n<p>Posteriormente, se radica en Florencia, Italia, donde tambi\u00e9n realiza Estudios en la \u00abAccademia di San Marcos\u00bb bajo la direcci\u00f3n del gran Maestro Primo Conti.<\/p>\n\n\n\n<p>Finalmente, egresa con el t\u00edtulo de Licenciado en Artes por la Academia de \u00abBella Arte di Roma\u00bb con el Maestro Renato Cuttosso, Roma, Italia.<\/p>\n\n\n\n<p>Los perfeccionamientos posteriores sobre arte en Paris, Londres y M\u00e9xico, as\u00ed como un largo peregrinaje por toda Centro Am\u00e9rica y otros pa\u00edses, indudablemente han constituido experiencias y dificultades que afront\u00f3 con la tenacidad de la Sierra Nevada de los Andes Venezolanos. A este respecto la influencia de sus maestros fue determinante en el proceso de b\u00fasqueda. El artista, sin embargo, hizo un recorrido a pulso, con fe de carbonero, hasta lograr un estilo propio; una s\u00f3lida personalidad art\u00edstica, inconfundible, y en el camino se convirti\u00f3 en un maestro del color. Desde aquel Barrio El A\u00f1il de su Tovar natal, discurri\u00f3 su vida desde y por el arte, transitando por Maracaibo, M\u00e9rida, Caracas, Madrid, Florencia, Roma, Par\u00eds, Londres, M\u00e9xico, Centro Am\u00e9rica hasta Villaguay, coraz\u00f3n de la Selva del Montiel entrerriana, Argentina.<\/p>\n\n\n\n<figure class=\"wp-block-table\"><table><tbody><tr><td class=\"has-text-align-center\" data-align=\"center\"><img decoding=\"async\" loading=\"lazy\" width=\"16\" height=\"16\" class=\"wp-image-8684\" style=\"width: 16px;\" src=\"https:\/\/ensvillaguay-ers.infd.edu.ar\/sitio\/wp-content\/uploads\/2023\/09\/siguiente-boton-2.png\" alt=\"\"> <strong><a href=\"https:\/\/drive.google.com\/file\/d\/1JlRbGkHT4v-eHutVLV-zitUfpG2JC4co\/view?usp=sharing\" data-type=\"URL\" data-id=\"https:\/\/drive.google.com\/file\/d\/1JlRbGkHT4v-eHutVLV-zitUfpG2JC4co\/view?usp=sharing\" target=\"_blank\" rel=\"noreferrer noopener\">Acta entrega y recepci\u00f3n de cincuenta y tres obras pict\u00f3ricas Salas D\u00e1vila<\/a><\/strong><\/td><\/tr><\/tbody><\/table><\/figure>\n\n\n<h2 style=\"text-align: center;\"><span style=\"color: #ff6600;\">Galer\u00eda de Im\u00e1genes&nbsp;<\/span><\/h2>\n\n\n<figure class=\"wp-block-gallery has-nested-images columns-default is-cropped wp-block-gallery-1 is-layout-flex\">\n<figure class=\"wp-block-image size-large\"><img decoding=\"async\" loading=\"lazy\" width=\"1900\" height=\"1265\" data-id=\"8826\"  src=\"https:\/\/ensvillaguay-ers.infd.edu.ar\/sitio\/wp-content\/uploads\/2023\/09\/IMG_0227-1900x1265.jpg\" alt=\"\" class=\"wp-image-8826\" srcset=\"https:\/\/ensvillaguay-ers.infd.edu.ar\/sitio\/wp-content\/uploads\/2023\/09\/IMG_0227-1900x1265.jpg 1900w, https:\/\/ensvillaguay-ers.infd.edu.ar\/sitio\/wp-content\/uploads\/2023\/09\/IMG_0227-1000x666.jpg 1000w, https:\/\/ensvillaguay-ers.infd.edu.ar\/sitio\/wp-content\/uploads\/2023\/09\/IMG_0227-768x511.jpg 768w, https:\/\/ensvillaguay-ers.infd.edu.ar\/sitio\/wp-content\/uploads\/2023\/09\/IMG_0227-1536x1023.jpg 1536w, https:\/\/ensvillaguay-ers.infd.edu.ar\/sitio\/wp-content\/uploads\/2023\/09\/IMG_0227-2048x1364.jpg 2048w\" sizes=\"(max-width: 1900px) 100vw, 1900px\" \/><\/figure>\n\n\n\n<figure class=\"wp-block-image size-large\"><img decoding=\"async\" loading=\"lazy\" width=\"1900\" height=\"1265\" data-id=\"8827\"  src=\"https:\/\/ensvillaguay-ers.infd.edu.ar\/sitio\/wp-content\/uploads\/2023\/09\/IMG_0228-1900x1265.jpg\" alt=\"\" class=\"wp-image-8827\" srcset=\"https:\/\/ensvillaguay-ers.infd.edu.ar\/sitio\/wp-content\/uploads\/2023\/09\/IMG_0228-1900x1265.jpg 1900w, https:\/\/ensvillaguay-ers.infd.edu.ar\/sitio\/wp-content\/uploads\/2023\/09\/IMG_0228-1000x666.jpg 1000w, https:\/\/ensvillaguay-ers.infd.edu.ar\/sitio\/wp-content\/uploads\/2023\/09\/IMG_0228-768x511.jpg 768w, https:\/\/ensvillaguay-ers.infd.edu.ar\/sitio\/wp-content\/uploads\/2023\/09\/IMG_0228-1536x1023.jpg 1536w, https:\/\/ensvillaguay-ers.infd.edu.ar\/sitio\/wp-content\/uploads\/2023\/09\/IMG_0228-2048x1364.jpg 2048w\" sizes=\"(max-width: 1900px) 100vw, 1900px\" \/><\/figure>\n\n\n\n<figure class=\"wp-block-image size-large\"><img decoding=\"async\" loading=\"lazy\" width=\"1900\" height=\"1265\" data-id=\"8828\"  src=\"https:\/\/ensvillaguay-ers.infd.edu.ar\/sitio\/wp-content\/uploads\/2023\/09\/IMG_0232-1900x1265.jpg\" alt=\"\" class=\"wp-image-8828\" srcset=\"https:\/\/ensvillaguay-ers.infd.edu.ar\/sitio\/wp-content\/uploads\/2023\/09\/IMG_0232-1900x1265.jpg 1900w, https:\/\/ensvillaguay-ers.infd.edu.ar\/sitio\/wp-content\/uploads\/2023\/09\/IMG_0232-1000x666.jpg 1000w, https:\/\/ensvillaguay-ers.infd.edu.ar\/sitio\/wp-content\/uploads\/2023\/09\/IMG_0232-768x511.jpg 768w, https:\/\/ensvillaguay-ers.infd.edu.ar\/sitio\/wp-content\/uploads\/2023\/09\/IMG_0232-1536x1023.jpg 1536w, https:\/\/ensvillaguay-ers.infd.edu.ar\/sitio\/wp-content\/uploads\/2023\/09\/IMG_0232-2048x1364.jpg 2048w\" sizes=\"(max-width: 1900px) 100vw, 1900px\" \/><\/figure>\n\n\n\n<figure class=\"wp-block-image size-large\"><img decoding=\"async\" loading=\"lazy\" width=\"1900\" height=\"1265\" data-id=\"8825\"  src=\"https:\/\/ensvillaguay-ers.infd.edu.ar\/sitio\/wp-content\/uploads\/2023\/09\/IMG_0237-1900x1265.jpg\" alt=\"\" class=\"wp-image-8825\" srcset=\"https:\/\/ensvillaguay-ers.infd.edu.ar\/sitio\/wp-content\/uploads\/2023\/09\/IMG_0237-1900x1265.jpg 1900w, https:\/\/ensvillaguay-ers.infd.edu.ar\/sitio\/wp-content\/uploads\/2023\/09\/IMG_0237-1000x666.jpg 1000w, https:\/\/ensvillaguay-ers.infd.edu.ar\/sitio\/wp-content\/uploads\/2023\/09\/IMG_0237-768x511.jpg 768w, https:\/\/ensvillaguay-ers.infd.edu.ar\/sitio\/wp-content\/uploads\/2023\/09\/IMG_0237-1536x1023.jpg 1536w, https:\/\/ensvillaguay-ers.infd.edu.ar\/sitio\/wp-content\/uploads\/2023\/09\/IMG_0237-2048x1364.jpg 2048w\" sizes=\"(max-width: 1900px) 100vw, 1900px\" \/><\/figure>\n\n\n\n<figure class=\"wp-block-image size-large\"><img decoding=\"async\" loading=\"lazy\" width=\"1900\" height=\"1265\" data-id=\"8830\"  src=\"https:\/\/ensvillaguay-ers.infd.edu.ar\/sitio\/wp-content\/uploads\/2023\/09\/IMG_0238-1900x1265.jpg\" alt=\"\" class=\"wp-image-8830\" srcset=\"https:\/\/ensvillaguay-ers.infd.edu.ar\/sitio\/wp-content\/uploads\/2023\/09\/IMG_0238-1900x1265.jpg 1900w, https:\/\/ensvillaguay-ers.infd.edu.ar\/sitio\/wp-content\/uploads\/2023\/09\/IMG_0238-1000x666.jpg 1000w, https:\/\/ensvillaguay-ers.infd.edu.ar\/sitio\/wp-content\/uploads\/2023\/09\/IMG_0238-768x511.jpg 768w, https:\/\/ensvillaguay-ers.infd.edu.ar\/sitio\/wp-content\/uploads\/2023\/09\/IMG_0238-1536x1023.jpg 1536w, https:\/\/ensvillaguay-ers.infd.edu.ar\/sitio\/wp-content\/uploads\/2023\/09\/IMG_0238-2048x1364.jpg 2048w\" sizes=\"(max-width: 1900px) 100vw, 1900px\" \/><\/figure>\n\n\n\n<figure class=\"wp-block-image size-large\"><img decoding=\"async\" loading=\"lazy\" width=\"1900\" height=\"1265\" data-id=\"8829\"  src=\"https:\/\/ensvillaguay-ers.infd.edu.ar\/sitio\/wp-content\/uploads\/2023\/09\/IMG_0239-1900x1265.jpg\" alt=\"\" class=\"wp-image-8829\" srcset=\"https:\/\/ensvillaguay-ers.infd.edu.ar\/sitio\/wp-content\/uploads\/2023\/09\/IMG_0239-1900x1265.jpg 1900w, https:\/\/ensvillaguay-ers.infd.edu.ar\/sitio\/wp-content\/uploads\/2023\/09\/IMG_0239-1000x666.jpg 1000w, https:\/\/ensvillaguay-ers.infd.edu.ar\/sitio\/wp-content\/uploads\/2023\/09\/IMG_0239-768x511.jpg 768w, https:\/\/ensvillaguay-ers.infd.edu.ar\/sitio\/wp-content\/uploads\/2023\/09\/IMG_0239-1536x1023.jpg 1536w, https:\/\/ensvillaguay-ers.infd.edu.ar\/sitio\/wp-content\/uploads\/2023\/09\/IMG_0239-2048x1364.jpg 2048w\" sizes=\"(max-width: 1900px) 100vw, 1900px\" \/><\/figure>\n\n\n\n<figure class=\"wp-block-image size-large\"><img decoding=\"async\" loading=\"lazy\" width=\"1900\" height=\"1265\" data-id=\"8831\"  src=\"https:\/\/ensvillaguay-ers.infd.edu.ar\/sitio\/wp-content\/uploads\/2023\/09\/IMG_0241-1900x1265.jpg\" alt=\"\" class=\"wp-image-8831\" srcset=\"https:\/\/ensvillaguay-ers.infd.edu.ar\/sitio\/wp-content\/uploads\/2023\/09\/IMG_0241-1900x1265.jpg 1900w, https:\/\/ensvillaguay-ers.infd.edu.ar\/sitio\/wp-content\/uploads\/2023\/09\/IMG_0241-1000x666.jpg 1000w, https:\/\/ensvillaguay-ers.infd.edu.ar\/sitio\/wp-content\/uploads\/2023\/09\/IMG_0241-768x511.jpg 768w, https:\/\/ensvillaguay-ers.infd.edu.ar\/sitio\/wp-content\/uploads\/2023\/09\/IMG_0241-1536x1023.jpg 1536w, https:\/\/ensvillaguay-ers.infd.edu.ar\/sitio\/wp-content\/uploads\/2023\/09\/IMG_0241-2048x1364.jpg 2048w\" sizes=\"(max-width: 1900px) 100vw, 1900px\" \/><\/figure>\n\n\n\n<figure class=\"wp-block-image size-large\"><img decoding=\"async\" loading=\"lazy\" width=\"1900\" height=\"1265\" data-id=\"8832\"  src=\"https:\/\/ensvillaguay-ers.infd.edu.ar\/sitio\/wp-content\/uploads\/2023\/09\/IMG_0244-1900x1265.jpg\" alt=\"\" class=\"wp-image-8832\" srcset=\"https:\/\/ensvillaguay-ers.infd.edu.ar\/sitio\/wp-content\/uploads\/2023\/09\/IMG_0244-1900x1265.jpg 1900w, https:\/\/ensvillaguay-ers.infd.edu.ar\/sitio\/wp-content\/uploads\/2023\/09\/IMG_0244-1000x666.jpg 1000w, https:\/\/ensvillaguay-ers.infd.edu.ar\/sitio\/wp-content\/uploads\/2023\/09\/IMG_0244-768x511.jpg 768w, https:\/\/ensvillaguay-ers.infd.edu.ar\/sitio\/wp-content\/uploads\/2023\/09\/IMG_0244-1536x1023.jpg 1536w, https:\/\/ensvillaguay-ers.infd.edu.ar\/sitio\/wp-content\/uploads\/2023\/09\/IMG_0244-2048x1364.jpg 2048w\" sizes=\"(max-width: 1900px) 100vw, 1900px\" \/><\/figure>\n\n\n\n<figure class=\"wp-block-image size-large\"><img decoding=\"async\" loading=\"lazy\" width=\"1900\" height=\"1265\" data-id=\"8833\"  src=\"https:\/\/ensvillaguay-ers.infd.edu.ar\/sitio\/wp-content\/uploads\/2023\/09\/IMG_0255-1900x1265.jpg\" alt=\"\" class=\"wp-image-8833\" srcset=\"https:\/\/ensvillaguay-ers.infd.edu.ar\/sitio\/wp-content\/uploads\/2023\/09\/IMG_0255-1900x1265.jpg 1900w, https:\/\/ensvillaguay-ers.infd.edu.ar\/sitio\/wp-content\/uploads\/2023\/09\/IMG_0255-1000x666.jpg 1000w, https:\/\/ensvillaguay-ers.infd.edu.ar\/sitio\/wp-content\/uploads\/2023\/09\/IMG_0255-768x511.jpg 768w, https:\/\/ensvillaguay-ers.infd.edu.ar\/sitio\/wp-content\/uploads\/2023\/09\/IMG_0255-1536x1023.jpg 1536w, https:\/\/ensvillaguay-ers.infd.edu.ar\/sitio\/wp-content\/uploads\/2023\/09\/IMG_0255-2048x1364.jpg 2048w\" sizes=\"(max-width: 1900px) 100vw, 1900px\" \/><\/figure>\n\n\n\n<figure class=\"wp-block-image size-large\"><img decoding=\"async\" loading=\"lazy\" width=\"1900\" height=\"1265\" data-id=\"8835\"  src=\"https:\/\/ensvillaguay-ers.infd.edu.ar\/sitio\/wp-content\/uploads\/2023\/09\/IMG_0257-1900x1265.jpg\" alt=\"\" class=\"wp-image-8835\" srcset=\"https:\/\/ensvillaguay-ers.infd.edu.ar\/sitio\/wp-content\/uploads\/2023\/09\/IMG_0257-1900x1265.jpg 1900w, https:\/\/ensvillaguay-ers.infd.edu.ar\/sitio\/wp-content\/uploads\/2023\/09\/IMG_0257-1000x666.jpg 1000w, https:\/\/ensvillaguay-ers.infd.edu.ar\/sitio\/wp-content\/uploads\/2023\/09\/IMG_0257-768x511.jpg 768w, https:\/\/ensvillaguay-ers.infd.edu.ar\/sitio\/wp-content\/uploads\/2023\/09\/IMG_0257-1536x1023.jpg 1536w, https:\/\/ensvillaguay-ers.infd.edu.ar\/sitio\/wp-content\/uploads\/2023\/09\/IMG_0257-2048x1364.jpg 2048w\" sizes=\"(max-width: 1900px) 100vw, 1900px\" \/><\/figure>\n\n\n\n<figure class=\"wp-block-image size-large\"><img decoding=\"async\" loading=\"lazy\" width=\"1900\" height=\"1265\" data-id=\"8834\"  src=\"https:\/\/ensvillaguay-ers.infd.edu.ar\/sitio\/wp-content\/uploads\/2023\/09\/IMG_0259-1900x1265.jpg\" alt=\"\" class=\"wp-image-8834\" srcset=\"https:\/\/ensvillaguay-ers.infd.edu.ar\/sitio\/wp-content\/uploads\/2023\/09\/IMG_0259-1900x1265.jpg 1900w, https:\/\/ensvillaguay-ers.infd.edu.ar\/sitio\/wp-content\/uploads\/2023\/09\/IMG_0259-1000x666.jpg 1000w, https:\/\/ensvillaguay-ers.infd.edu.ar\/sitio\/wp-content\/uploads\/2023\/09\/IMG_0259-768x511.jpg 768w, https:\/\/ensvillaguay-ers.infd.edu.ar\/sitio\/wp-content\/uploads\/2023\/09\/IMG_0259-1536x1023.jpg 1536w, https:\/\/ensvillaguay-ers.infd.edu.ar\/sitio\/wp-content\/uploads\/2023\/09\/IMG_0259-2048x1364.jpg 2048w\" sizes=\"(max-width: 1900px) 100vw, 1900px\" \/><\/figure>\n\n\n\n<figure class=\"wp-block-image size-large\"><img decoding=\"async\" loading=\"lazy\" width=\"1900\" height=\"1265\" data-id=\"8836\"  src=\"https:\/\/ensvillaguay-ers.infd.edu.ar\/sitio\/wp-content\/uploads\/2023\/09\/IMG_0268-1900x1265.jpg\" alt=\"\" class=\"wp-image-8836\" srcset=\"https:\/\/ensvillaguay-ers.infd.edu.ar\/sitio\/wp-content\/uploads\/2023\/09\/IMG_0268-1900x1265.jpg 1900w, https:\/\/ensvillaguay-ers.infd.edu.ar\/sitio\/wp-content\/uploads\/2023\/09\/IMG_0268-1000x666.jpg 1000w, https:\/\/ensvillaguay-ers.infd.edu.ar\/sitio\/wp-content\/uploads\/2023\/09\/IMG_0268-768x511.jpg 768w, https:\/\/ensvillaguay-ers.infd.edu.ar\/sitio\/wp-content\/uploads\/2023\/09\/IMG_0268-1536x1023.jpg 1536w, https:\/\/ensvillaguay-ers.infd.edu.ar\/sitio\/wp-content\/uploads\/2023\/09\/IMG_0268-2048x1364.jpg 2048w\" sizes=\"(max-width: 1900px) 100vw, 1900px\" \/><\/figure>\n\n\n\n<figure class=\"wp-block-image size-large\"><img decoding=\"async\" loading=\"lazy\" width=\"1900\" height=\"1265\" data-id=\"8838\"  src=\"https:\/\/ensvillaguay-ers.infd.edu.ar\/sitio\/wp-content\/uploads\/2023\/09\/IMG_0270-1900x1265.jpg\" alt=\"\" class=\"wp-image-8838\" srcset=\"https:\/\/ensvillaguay-ers.infd.edu.ar\/sitio\/wp-content\/uploads\/2023\/09\/IMG_0270-1900x1265.jpg 1900w, https:\/\/ensvillaguay-ers.infd.edu.ar\/sitio\/wp-content\/uploads\/2023\/09\/IMG_0270-1000x666.jpg 1000w, https:\/\/ensvillaguay-ers.infd.edu.ar\/sitio\/wp-content\/uploads\/2023\/09\/IMG_0270-768x511.jpg 768w, https:\/\/ensvillaguay-ers.infd.edu.ar\/sitio\/wp-content\/uploads\/2023\/09\/IMG_0270-1536x1023.jpg 1536w, https:\/\/ensvillaguay-ers.infd.edu.ar\/sitio\/wp-content\/uploads\/2023\/09\/IMG_0270-2048x1364.jpg 2048w\" sizes=\"(max-width: 1900px) 100vw, 1900px\" \/><\/figure>\n\n\n\n<figure class=\"wp-block-image size-large\"><img decoding=\"async\" loading=\"lazy\" width=\"1900\" height=\"1265\" data-id=\"8837\"  src=\"https:\/\/ensvillaguay-ers.infd.edu.ar\/sitio\/wp-content\/uploads\/2023\/09\/IMG_0272-1900x1265.jpg\" alt=\"\" class=\"wp-image-8837\" srcset=\"https:\/\/ensvillaguay-ers.infd.edu.ar\/sitio\/wp-content\/uploads\/2023\/09\/IMG_0272-1900x1265.jpg 1900w, https:\/\/ensvillaguay-ers.infd.edu.ar\/sitio\/wp-content\/uploads\/2023\/09\/IMG_0272-1000x666.jpg 1000w, https:\/\/ensvillaguay-ers.infd.edu.ar\/sitio\/wp-content\/uploads\/2023\/09\/IMG_0272-768x511.jpg 768w, https:\/\/ensvillaguay-ers.infd.edu.ar\/sitio\/wp-content\/uploads\/2023\/09\/IMG_0272-1536x1023.jpg 1536w, https:\/\/ensvillaguay-ers.infd.edu.ar\/sitio\/wp-content\/uploads\/2023\/09\/IMG_0272-2048x1364.jpg 2048w\" sizes=\"(max-width: 1900px) 100vw, 1900px\" \/><\/figure>\n\n\n\n<figure class=\"wp-block-image size-large\"><img decoding=\"async\" loading=\"lazy\" width=\"1900\" height=\"1265\" data-id=\"8840\"  src=\"https:\/\/ensvillaguay-ers.infd.edu.ar\/sitio\/wp-content\/uploads\/2023\/09\/IMG_0275-1900x1265.jpg\" alt=\"\" class=\"wp-image-8840\" srcset=\"https:\/\/ensvillaguay-ers.infd.edu.ar\/sitio\/wp-content\/uploads\/2023\/09\/IMG_0275-1900x1265.jpg 1900w, https:\/\/ensvillaguay-ers.infd.edu.ar\/sitio\/wp-content\/uploads\/2023\/09\/IMG_0275-1000x666.jpg 1000w, https:\/\/ensvillaguay-ers.infd.edu.ar\/sitio\/wp-content\/uploads\/2023\/09\/IMG_0275-768x511.jpg 768w, https:\/\/ensvillaguay-ers.infd.edu.ar\/sitio\/wp-content\/uploads\/2023\/09\/IMG_0275-1536x1023.jpg 1536w, https:\/\/ensvillaguay-ers.infd.edu.ar\/sitio\/wp-content\/uploads\/2023\/09\/IMG_0275-2048x1364.jpg 2048w\" sizes=\"(max-width: 1900px) 100vw, 1900px\" \/><\/figure>\n\n\n\n<figure class=\"wp-block-image size-large\"><img decoding=\"async\" loading=\"lazy\" width=\"1900\" height=\"1265\" data-id=\"8839\"  src=\"https:\/\/ensvillaguay-ers.infd.edu.ar\/sitio\/wp-content\/uploads\/2023\/09\/IMG_0280-1900x1265.jpg\" alt=\"\" class=\"wp-image-8839\" srcset=\"https:\/\/ensvillaguay-ers.infd.edu.ar\/sitio\/wp-content\/uploads\/2023\/09\/IMG_0280-1900x1265.jpg 1900w, https:\/\/ensvillaguay-ers.infd.edu.ar\/sitio\/wp-content\/uploads\/2023\/09\/IMG_0280-1000x666.jpg 1000w, https:\/\/ensvillaguay-ers.infd.edu.ar\/sitio\/wp-content\/uploads\/2023\/09\/IMG_0280-768x511.jpg 768w, https:\/\/ensvillaguay-ers.infd.edu.ar\/sitio\/wp-content\/uploads\/2023\/09\/IMG_0280-1536x1023.jpg 1536w, https:\/\/ensvillaguay-ers.infd.edu.ar\/sitio\/wp-content\/uploads\/2023\/09\/IMG_0280-2048x1364.jpg 2048w\" sizes=\"(max-width: 1900px) 100vw, 1900px\" \/><\/figure>\n\n\n\n<figure class=\"wp-block-image size-large\"><img decoding=\"async\" loading=\"lazy\" width=\"1900\" height=\"1265\" data-id=\"8841\"  src=\"https:\/\/ensvillaguay-ers.infd.edu.ar\/sitio\/wp-content\/uploads\/2023\/09\/IMG_0295-1900x1265.jpg\" alt=\"\" class=\"wp-image-8841\" srcset=\"https:\/\/ensvillaguay-ers.infd.edu.ar\/sitio\/wp-content\/uploads\/2023\/09\/IMG_0295-1900x1265.jpg 1900w, https:\/\/ensvillaguay-ers.infd.edu.ar\/sitio\/wp-content\/uploads\/2023\/09\/IMG_0295-1000x666.jpg 1000w, https:\/\/ensvillaguay-ers.infd.edu.ar\/sitio\/wp-content\/uploads\/2023\/09\/IMG_0295-768x511.jpg 768w, https:\/\/ensvillaguay-ers.infd.edu.ar\/sitio\/wp-content\/uploads\/2023\/09\/IMG_0295-1536x1023.jpg 1536w, https:\/\/ensvillaguay-ers.infd.edu.ar\/sitio\/wp-content\/uploads\/2023\/09\/IMG_0295-2048x1364.jpg 2048w\" sizes=\"(max-width: 1900px) 100vw, 1900px\" \/><\/figure>\n\n\n\n<figure class=\"wp-block-image size-large\"><img decoding=\"async\" loading=\"lazy\" width=\"1900\" height=\"1265\" data-id=\"8842\"  src=\"https:\/\/ensvillaguay-ers.infd.edu.ar\/sitio\/wp-content\/uploads\/2023\/09\/IMG_0313-1900x1265.jpg\" alt=\"\" class=\"wp-image-8842\" srcset=\"https:\/\/ensvillaguay-ers.infd.edu.ar\/sitio\/wp-content\/uploads\/2023\/09\/IMG_0313-1900x1265.jpg 1900w, https:\/\/ensvillaguay-ers.infd.edu.ar\/sitio\/wp-content\/uploads\/2023\/09\/IMG_0313-1000x666.jpg 1000w, https:\/\/ensvillaguay-ers.infd.edu.ar\/sitio\/wp-content\/uploads\/2023\/09\/IMG_0313-768x511.jpg 768w, https:\/\/ensvillaguay-ers.infd.edu.ar\/sitio\/wp-content\/uploads\/2023\/09\/IMG_0313-1536x1023.jpg 1536w, https:\/\/ensvillaguay-ers.infd.edu.ar\/sitio\/wp-content\/uploads\/2023\/09\/IMG_0313-2048x1364.jpg 2048w\" sizes=\"(max-width: 1900px) 100vw, 1900px\" \/><\/figure>\n\n\n\n<figure class=\"wp-block-image size-large\"><img decoding=\"async\" loading=\"lazy\" width=\"1900\" height=\"1265\" data-id=\"8845\"  src=\"https:\/\/ensvillaguay-ers.infd.edu.ar\/sitio\/wp-content\/uploads\/2023\/09\/IMG_0313-1-1900x1265.jpg\" alt=\"\" class=\"wp-image-8845\" srcset=\"https:\/\/ensvillaguay-ers.infd.edu.ar\/sitio\/wp-content\/uploads\/2023\/09\/IMG_0313-1-1900x1265.jpg 1900w, https:\/\/ensvillaguay-ers.infd.edu.ar\/sitio\/wp-content\/uploads\/2023\/09\/IMG_0313-1-1000x666.jpg 1000w, https:\/\/ensvillaguay-ers.infd.edu.ar\/sitio\/wp-content\/uploads\/2023\/09\/IMG_0313-1-768x511.jpg 768w, https:\/\/ensvillaguay-ers.infd.edu.ar\/sitio\/wp-content\/uploads\/2023\/09\/IMG_0313-1-1536x1023.jpg 1536w, https:\/\/ensvillaguay-ers.infd.edu.ar\/sitio\/wp-content\/uploads\/2023\/09\/IMG_0313-1-2048x1364.jpg 2048w\" sizes=\"(max-width: 1900px) 100vw, 1900px\" \/><\/figure>\n\n\n\n<figure class=\"wp-block-image size-large\"><img decoding=\"async\" loading=\"lazy\" width=\"1900\" height=\"1265\" data-id=\"8846\"  src=\"https:\/\/ensvillaguay-ers.infd.edu.ar\/sitio\/wp-content\/uploads\/2023\/09\/IMG_0294-1900x1265.jpg\" alt=\"\" class=\"wp-image-8846\" srcset=\"https:\/\/ensvillaguay-ers.infd.edu.ar\/sitio\/wp-content\/uploads\/2023\/09\/IMG_0294-1900x1265.jpg 1900w, https:\/\/ensvillaguay-ers.infd.edu.ar\/sitio\/wp-content\/uploads\/2023\/09\/IMG_0294-1000x666.jpg 1000w, https:\/\/ensvillaguay-ers.infd.edu.ar\/sitio\/wp-content\/uploads\/2023\/09\/IMG_0294-768x511.jpg 768w, https:\/\/ensvillaguay-ers.infd.edu.ar\/sitio\/wp-content\/uploads\/2023\/09\/IMG_0294-1536x1023.jpg 1536w, https:\/\/ensvillaguay-ers.infd.edu.ar\/sitio\/wp-content\/uploads\/2023\/09\/IMG_0294-2048x1364.jpg 2048w\" sizes=\"(max-width: 1900px) 100vw, 1900px\" \/><\/figure>\n\n\n\n<figure class=\"wp-block-image size-large\"><img decoding=\"async\" loading=\"lazy\" width=\"1900\" height=\"1265\" data-id=\"8847\"  src=\"https:\/\/ensvillaguay-ers.infd.edu.ar\/sitio\/wp-content\/uploads\/2023\/09\/IMG_0300-1900x1265.jpg\" alt=\"\" class=\"wp-image-8847\" srcset=\"https:\/\/ensvillaguay-ers.infd.edu.ar\/sitio\/wp-content\/uploads\/2023\/09\/IMG_0300-1900x1265.jpg 1900w, https:\/\/ensvillaguay-ers.infd.edu.ar\/sitio\/wp-content\/uploads\/2023\/09\/IMG_0300-1000x666.jpg 1000w, https:\/\/ensvillaguay-ers.infd.edu.ar\/sitio\/wp-content\/uploads\/2023\/09\/IMG_0300-768x511.jpg 768w, https:\/\/ensvillaguay-ers.infd.edu.ar\/sitio\/wp-content\/uploads\/2023\/09\/IMG_0300-1536x1023.jpg 1536w, https:\/\/ensvillaguay-ers.infd.edu.ar\/sitio\/wp-content\/uploads\/2023\/09\/IMG_0300-2048x1364.jpg 2048w\" sizes=\"(max-width: 1900px) 100vw, 1900px\" \/><\/figure>\n<\/figure>\n","protected":false},"excerpt":{"rendered":"<p>El d\u00eda jueves 07 de septiembre del corriente a\u00f1o se llev\u00f3 a cabo el Acto de presentaci\u00f3n de las obras donadas a la Escuela Normal Superior Martiniano Leguizam\u00f3n, \u00a0por parte del reconocido internacionalmente artista pl\u00e1stico Luis Alfonso Salas D\u00e1vila, colecci\u00f3n de su esposa Prof. Elena Wouterlooud, en el marco del cierre de su carrera art\u00edstica, &#8230; <a title=\"Colecci\u00f3n Salas D\u00e1vila\" class=\"read-more\" href=\"https:\/\/ensvillaguay-ers.infd.edu.ar\/sitio\/coleccion-salas-davila\/\" aria-label=\"More on Colecci\u00f3n Salas D\u00e1vila\">[+]<\/a><\/p>\n","protected":false},"author":1427,"featured_media":0,"parent":0,"menu_order":0,"comment_status":"closed","ping_status":"closed","template":"","meta":[],"acf":[],"_links":{"self":[{"href":"https:\/\/ensvillaguay-ers.infd.edu.ar\/sitio\/wp-json\/wp\/v2\/pages\/8823"}],"collection":[{"href":"https:\/\/ensvillaguay-ers.infd.edu.ar\/sitio\/wp-json\/wp\/v2\/pages"}],"about":[{"href":"https:\/\/ensvillaguay-ers.infd.edu.ar\/sitio\/wp-json\/wp\/v2\/types\/page"}],"author":[{"embeddable":true,"href":"https:\/\/ensvillaguay-ers.infd.edu.ar\/sitio\/wp-json\/wp\/v2\/users\/1427"}],"replies":[{"embeddable":true,"href":"https:\/\/ensvillaguay-ers.infd.edu.ar\/sitio\/wp-json\/wp\/v2\/comments?post=8823"}],"version-history":[{"count":4,"href":"https:\/\/ensvillaguay-ers.infd.edu.ar\/sitio\/wp-json\/wp\/v2\/pages\/8823\/revisions"}],"predecessor-version":[{"id":8858,"href":"https:\/\/ensvillaguay-ers.infd.edu.ar\/sitio\/wp-json\/wp\/v2\/pages\/8823\/revisions\/8858"}],"wp:attachment":[{"href":"https:\/\/ensvillaguay-ers.infd.edu.ar\/sitio\/wp-json\/wp\/v2\/media?parent=8823"}],"curies":[{"name":"wp","href":"https:\/\/api.w.org\/{rel}","templated":true}]}}