{"id":8878,"date":"2023-10-03T13:34:44","date_gmt":"2023-10-03T16:34:44","guid":{"rendered":"https:\/\/ensvillaguay-ers.infd.edu.ar\/sitio\/?page_id=8878"},"modified":"2023-10-17T18:26:13","modified_gmt":"2023-10-17T21:26:13","slug":"3-circular","status":"publish","type":"page","link":"https:\/\/ensvillaguay-ers.infd.edu.ar\/sitio\/3-circular\/","title":{"rendered":"3\u00b0 Circular"},"content":{"rendered":"\n<figure class=\"wp-block-image size-full\"><img decoding=\"async\" loading=\"lazy\" width=\"1584\" height=\"396\" src=\"https:\/\/ensvillaguay-ers.infd.edu.ar\/sitio\/wp-content\/uploads\/2023\/10\/WhatsApp-Image-2023-09-12-at-09.57.20.jpeg\" alt=\"\" class=\"wp-image-8879\" srcset=\"https:\/\/ensvillaguay-ers.infd.edu.ar\/sitio\/wp-content\/uploads\/2023\/10\/WhatsApp-Image-2023-09-12-at-09.57.20.jpeg 1584w, https:\/\/ensvillaguay-ers.infd.edu.ar\/sitio\/wp-content\/uploads\/2023\/10\/WhatsApp-Image-2023-09-12-at-09.57.20-1000x250.jpeg 1000w, https:\/\/ensvillaguay-ers.infd.edu.ar\/sitio\/wp-content\/uploads\/2023\/10\/WhatsApp-Image-2023-09-12-at-09.57.20-768x192.jpeg 768w, https:\/\/ensvillaguay-ers.infd.edu.ar\/sitio\/wp-content\/uploads\/2023\/10\/WhatsApp-Image-2023-09-12-at-09.57.20-1536x384.jpeg 1536w\" sizes=\"(max-width: 1584px) 100vw, 1584px\" \/><\/figure>\n\n\n\n<p class=\"has-text-align-center\"><strong>EXTENSI\u00d3N DE PLAZOS PARA LA PRESENTACI\u00d3N DE RES\u00daMENES Y PONENCIAS COMPLETAS<\/strong><\/p>\n\n\n\n<p>La Escuela Normal Superior Martiniano Leguizam\u00f3n de la ciudad de Villaguay Entre R\u00edos organiza el&nbsp;<strong>I Congreso Integrado de Pr\u00e1cticas Docentes y Derechos&nbsp;<\/strong>Humanos, bajo el lema&nbsp;<strong>Formaci\u00f3n y Pr\u00e1cticas Docentes desde la perspectiva de los Derechos Humanos. A cuarenta a\u00f1os de la recuperaci\u00f3n democr\u00e1tica en Argentina<\/strong>.<\/p>\n\n\n\n<p><img decoding=\"async\" loading=\"lazy\" width=\"16\" height=\"16\" src=\"https:\/\/ensvillaguay-ers.infd.edu.ar\/sitio\/wp-content\/uploads\/2023\/09\/siguiente-boton-2.png\" alt=\"\">&nbsp;<strong>Fecha y modalidad de realizaci\u00f3n&nbsp;&nbsp;&nbsp;&nbsp;&nbsp;&nbsp;&nbsp;&nbsp;&nbsp;&nbsp;&nbsp;&nbsp;&nbsp;&nbsp;&nbsp;&nbsp;&nbsp;&nbsp;&nbsp;&nbsp;&nbsp;&nbsp;&nbsp;&nbsp;&nbsp;&nbsp;&nbsp;&nbsp;&nbsp;&nbsp;&nbsp;&nbsp;&nbsp;&nbsp;&nbsp;&nbsp;&nbsp;&nbsp;&nbsp;&nbsp;&nbsp;&nbsp;&nbsp;&nbsp;&nbsp;&nbsp;&nbsp;&nbsp;&nbsp;&nbsp;&nbsp;&nbsp;&nbsp;&nbsp;&nbsp;&nbsp;&nbsp;&nbsp;&nbsp;&nbsp;&nbsp;&nbsp;&nbsp;&nbsp;&nbsp;&nbsp;&nbsp;&nbsp;&nbsp;&nbsp;&nbsp;&nbsp;&nbsp;&nbsp;&nbsp;&nbsp;&nbsp;&nbsp;&nbsp;&nbsp;&nbsp;&nbsp;&nbsp;&nbsp;&nbsp;&nbsp;&nbsp;&nbsp;&nbsp;&nbsp;&nbsp;&nbsp;&nbsp;&nbsp;&nbsp;&nbsp;&nbsp;&nbsp;&nbsp;&nbsp;&nbsp;&nbsp;&nbsp;&nbsp;&nbsp;&nbsp;&nbsp;<\/strong><\/p>\n\n\n\n<p>El I Congreso Integrado de Pr\u00e1cticas Docentes y Derechos Humanos, en el marco de los 40 a\u00f1os de la recuperaci\u00f3n democr\u00e1tica en Argentina, se realizar\u00e1 los d\u00edas&nbsp;<strong>26 y 27 de octubre de 2023<\/strong>.<\/p>\n\n\n\n<p>La presente edici\u00f3n se desarrollar\u00e1 en&nbsp;<strong>modalidad presencial<\/strong>.<\/p>\n\n\n\n<p><img decoding=\"async\" loading=\"lazy\" width=\"16\" height=\"16\" src=\"https:\/\/ensvillaguay-ers.infd.edu.ar\/sitio\/wp-content\/uploads\/2023\/09\/siguiente-boton-2.png\" alt=\"\">&nbsp;<strong>Conferencistas confirmados &nbsp;&nbsp;&nbsp;&nbsp;&nbsp;&nbsp;&nbsp;&nbsp;&nbsp;&nbsp;&nbsp;&nbsp;&nbsp;&nbsp;&nbsp;&nbsp;&nbsp;&nbsp;&nbsp;&nbsp;&nbsp;&nbsp;&nbsp;&nbsp;&nbsp;&nbsp;&nbsp;&nbsp;&nbsp;&nbsp;&nbsp;&nbsp;&nbsp;&nbsp;&nbsp;&nbsp;&nbsp;&nbsp;&nbsp;&nbsp;&nbsp;&nbsp;&nbsp;&nbsp;&nbsp;&nbsp;&nbsp;&nbsp;&nbsp;&nbsp;&nbsp;&nbsp;&nbsp;&nbsp;&nbsp;&nbsp;&nbsp;&nbsp;&nbsp;&nbsp;&nbsp;&nbsp;&nbsp;&nbsp;&nbsp;&nbsp;&nbsp;&nbsp;&nbsp;&nbsp;&nbsp;&nbsp;&nbsp;&nbsp;&nbsp;&nbsp;&nbsp;&nbsp;&nbsp;&nbsp;&nbsp;&nbsp;&nbsp;&nbsp;&nbsp;&nbsp;&nbsp;&nbsp;&nbsp;&nbsp;&nbsp;&nbsp;&nbsp;&nbsp;&nbsp;&nbsp;&nbsp;&nbsp;&nbsp;&nbsp;&nbsp;&nbsp;&nbsp;&nbsp;&nbsp;&nbsp;&nbsp;&nbsp;&nbsp;&nbsp;&nbsp;&nbsp;&nbsp;&nbsp;&nbsp;&nbsp;<\/strong><\/p>\n\n\n\n<p><strong>Mg. Mar\u00eda Rosario Badano \u2013 UADER.<\/strong><\/p>\n\n\n\n<p><strong>Dra. Victoria Baraldi \u2013 UNER, UNL.<\/strong><\/p>\n\n\n\n<p><strong>Mg. Alba Gamarra \u2013 UNL.<\/strong><\/p>\n\n\n\n<p><strong>Mg. Sandra Bembo \u2013 IES 28 \u201cOlga Cossettini\u201d.<\/strong><\/p>\n\n\n\n<p><strong>Prof. Susana Reyes y Prof. Lila Wolman \u2013 Centro Educativo \u201cIsauro Arancibia\u201d.<\/strong><\/p>\n\n\n\n<p><strong>Dra. Mar\u00eda Rosa Wetzel \u2013 UNER.<\/strong><\/p>\n\n\n\n<p><img decoding=\"async\" loading=\"lazy\" width=\"16\" height=\"16\" src=\"https:\/\/ensvillaguay-ers.infd.edu.ar\/sitio\/wp-content\/uploads\/2023\/09\/siguiente-boton-2.png\" alt=\"\">&nbsp;<strong>Fundamentos&nbsp;&nbsp;&nbsp;&nbsp;&nbsp;&nbsp;&nbsp;&nbsp;&nbsp;&nbsp;&nbsp;&nbsp;&nbsp;&nbsp;&nbsp;&nbsp;&nbsp;&nbsp;&nbsp;&nbsp;&nbsp;&nbsp;&nbsp;&nbsp;&nbsp;&nbsp;&nbsp;&nbsp;&nbsp;&nbsp;&nbsp;&nbsp;&nbsp;&nbsp;&nbsp;&nbsp;&nbsp;&nbsp;&nbsp;&nbsp;&nbsp;&nbsp;&nbsp;&nbsp;&nbsp;&nbsp;&nbsp;&nbsp;&nbsp;&nbsp;&nbsp;&nbsp;&nbsp;&nbsp;&nbsp;&nbsp;&nbsp;&nbsp;&nbsp;&nbsp;&nbsp;&nbsp;&nbsp;&nbsp;&nbsp;&nbsp;&nbsp;&nbsp;&nbsp;&nbsp;&nbsp;&nbsp;&nbsp;&nbsp;&nbsp;&nbsp;&nbsp;&nbsp;&nbsp; &nbsp;&nbsp;&nbsp;&nbsp;&nbsp;&nbsp;&nbsp;&nbsp;&nbsp;&nbsp;&nbsp;&nbsp;&nbsp;&nbsp;&nbsp;&nbsp;&nbsp;&nbsp;&nbsp;&nbsp;&nbsp;&nbsp;&nbsp;&nbsp;&nbsp;&nbsp;&nbsp;&nbsp;&nbsp;&nbsp;&nbsp;&nbsp;&nbsp;&nbsp;&nbsp;&nbsp;&nbsp;&nbsp;&nbsp;&nbsp;&nbsp;&nbsp;&nbsp;&nbsp;&nbsp;&nbsp;&nbsp;&nbsp;&nbsp;&nbsp;&nbsp;&nbsp;&nbsp;&nbsp;&nbsp;&nbsp;&nbsp;&nbsp;&nbsp;&nbsp;&nbsp;&nbsp;&nbsp;&nbsp;&nbsp;&nbsp;<\/strong><\/p>\n\n\n\n<p>Los 40 a\u00f1os de democracia han permitido cuestionar, problematizar y movilizar sentidos, generando pr\u00e1cticas transformadoras en la formaci\u00f3n docente. Pr\u00e1cticas comprometidas social y pol\u00edticamente en la ampliaci\u00f3n de derechos, reafirmando el compromiso pedag\u00f3gico e institucional de construcci\u00f3n colectiva.<\/p>\n\n\n\n<p>Esta primera edici\u00f3n del Congreso, profundiza el papel de la formaci\u00f3n y las pr\u00e1cticas docentes desde la perspectiva de los DDHH, pensados a la luz de distintos marcos te\u00f3ricos y cient\u00edficos. Este espacio recupera e integra las once ediciones de las Jornadas de Reflexi\u00f3n del Campo de la Pr\u00e1ctica Docente y las Jornadas de Debate Estudiantil respecto de los Derechos Humanos que han tenido lugar desde el a\u00f1o 2017 en la Escuela Normal Superior Martiniano Leguizam\u00f3n.<\/p>\n\n\n\n<p>La configuraci\u00f3n del&nbsp;Congreso&nbsp;se propone ofrecer m\u00faltiples espacios de reflexi\u00f3n, di\u00e1logo, debate y participaci\u00f3n de destacados especialistas nacionales, provinciales y locales.<\/p>\n\n\n\n<p><img decoding=\"async\" loading=\"lazy\" width=\"16\" height=\"16\" src=\"https:\/\/ensvillaguay-ers.infd.edu.ar\/sitio\/wp-content\/uploads\/2023\/09\/siguiente-boton-2.png\" alt=\"\">&nbsp;<strong>Destinatarios&nbsp;&nbsp;&nbsp;&nbsp;&nbsp;&nbsp;&nbsp;&nbsp;&nbsp;&nbsp;&nbsp;&nbsp;&nbsp;&nbsp;&nbsp;&nbsp;&nbsp;&nbsp;&nbsp;&nbsp;&nbsp;&nbsp;&nbsp;&nbsp;&nbsp;&nbsp;&nbsp;&nbsp;&nbsp;&nbsp;&nbsp;&nbsp;&nbsp;&nbsp;&nbsp;&nbsp;&nbsp;&nbsp;&nbsp;&nbsp;&nbsp;&nbsp;&nbsp;&nbsp;&nbsp;&nbsp;&nbsp;&nbsp;&nbsp;&nbsp;&nbsp;&nbsp;&nbsp;&nbsp;&nbsp;&nbsp;&nbsp;&nbsp;&nbsp;&nbsp;&nbsp;&nbsp;&nbsp;&nbsp;&nbsp;&nbsp;&nbsp;&nbsp;&nbsp;&nbsp;&nbsp;&nbsp;&nbsp;&nbsp;&nbsp;&nbsp;&nbsp;&nbsp;&nbsp;&nbsp;&nbsp;&nbsp;&nbsp;&nbsp;&nbsp;&nbsp;&nbsp;&nbsp;&nbsp;&nbsp;&nbsp;&nbsp;&nbsp;&nbsp;&nbsp;&nbsp;&nbsp;&nbsp;&nbsp;&nbsp;&nbsp;&nbsp;&nbsp;&nbsp;&nbsp;&nbsp;&nbsp;&nbsp;&nbsp;&nbsp;&nbsp;&nbsp;&nbsp;&nbsp;&nbsp;&nbsp;&nbsp;&nbsp;&nbsp;&nbsp;&nbsp;&nbsp;&nbsp;&nbsp;&nbsp;&nbsp;&nbsp;&nbsp;&nbsp;&nbsp;&nbsp;&nbsp;&nbsp;&nbsp;&nbsp;&nbsp;&nbsp;&nbsp;&nbsp;&nbsp;&nbsp;&nbsp;&nbsp;&nbsp;<\/strong><\/p>\n\n\n\n<p>Este evento, est\u00e1 dirigido a Estudiantes, Docentes, Directivos, Supervisores, T\u00e9cnicos, Investigadores, Profesionales e interesados afines al \u00e1mbito educativo.<\/p>\n\n\n\n<p><strong>Formulario de Inscripci\u00f3n<\/strong>:&nbsp;<a href=\"https:\/\/forms.gle\/9CXQYsmy3otYL9118\">https:\/\/forms.gle\/9CXQYsmy3otYL9118<\/a><\/p>\n\n\n\n<p><img decoding=\"async\" loading=\"lazy\" width=\"16\" height=\"16\" src=\"https:\/\/ensvillaguay-ers.infd.edu.ar\/sitio\/wp-content\/uploads\/2023\/09\/siguiente-boton-2.png\" alt=\"\">&nbsp;<strong>Modalidades de trabajo&nbsp;&nbsp;&nbsp;&nbsp;&nbsp;&nbsp;&nbsp;&nbsp;&nbsp;&nbsp;&nbsp;&nbsp;&nbsp;&nbsp;&nbsp;&nbsp;&nbsp;&nbsp;&nbsp;&nbsp;&nbsp;&nbsp;&nbsp;&nbsp;&nbsp;&nbsp;&nbsp;&nbsp;&nbsp;&nbsp;&nbsp;&nbsp;&nbsp;&nbsp;&nbsp;&nbsp;&nbsp;&nbsp;&nbsp;&nbsp;&nbsp;&nbsp;&nbsp;&nbsp;&nbsp;&nbsp;&nbsp;&nbsp;&nbsp;&nbsp;&nbsp;&nbsp;&nbsp; &nbsp;&nbsp;&nbsp;&nbsp;&nbsp;&nbsp;&nbsp;&nbsp;&nbsp;&nbsp;&nbsp;&nbsp;&nbsp;&nbsp;&nbsp;&nbsp;&nbsp;&nbsp;&nbsp;&nbsp;&nbsp;&nbsp;&nbsp;&nbsp;&nbsp;&nbsp;&nbsp;&nbsp;&nbsp;&nbsp;&nbsp;&nbsp;&nbsp;&nbsp;&nbsp;&nbsp;&nbsp;&nbsp;&nbsp;&nbsp;&nbsp;&nbsp;&nbsp;&nbsp;&nbsp;&nbsp;&nbsp;&nbsp;&nbsp;&nbsp;&nbsp;&nbsp;&nbsp;&nbsp;&nbsp;&nbsp;&nbsp;&nbsp;&nbsp;&nbsp;&nbsp;&nbsp;&nbsp;&nbsp;&nbsp;&nbsp;&nbsp;&nbsp;&nbsp;&nbsp;&nbsp;<\/strong><\/p>\n\n\n\n<p>Para ello se propone en cada una de las dos jornadas, una conferencia inicial y otra de cierre, en la que los expertos invitados disertar\u00e1n alrededor de las tem\u00e1ticas categorizadas y derivadas de los Ejes tem\u00e1ticos.<\/p>\n\n\n\n<p>Asimismo, la din\u00e1mica del Congreso prev\u00e9 la realizaci\u00f3n de mesas de trabajo que se desarrollar\u00e1n en simult\u00e1neo. Estos espacios se definen como una estrategia comunicativa que convoca a ponentes en un tema o asunto que interesa abordar de manera conversacional, dial\u00f3gica y argumentativa desde distintos puntos de vista. Este enfoque dial\u00f3gico de mesas de trabajo en el I Congreso, asume una din\u00e1mica acad\u00e9mica-investigativa de socializaci\u00f3n y apropiaci\u00f3n social del conocimiento de parte de quienes conversan con el p\u00fablico interesado.<\/p>\n\n\n\n<p><img decoding=\"async\" loading=\"lazy\" width=\"16\" height=\"16\" src=\"https:\/\/ensvillaguay-ers.infd.edu.ar\/sitio\/wp-content\/uploads\/2023\/09\/siguiente-boton-2.png\" alt=\"\">&nbsp;<strong>Ejes Tem\u00e1ticos&nbsp;&nbsp;&nbsp;&nbsp;&nbsp;&nbsp;&nbsp;&nbsp;&nbsp;&nbsp;&nbsp;&nbsp;&nbsp;&nbsp;&nbsp;&nbsp;&nbsp;&nbsp;&nbsp;&nbsp;&nbsp;&nbsp;&nbsp;&nbsp;&nbsp;&nbsp;&nbsp;&nbsp;&nbsp;&nbsp;&nbsp;&nbsp;&nbsp;&nbsp;&nbsp;&nbsp;&nbsp;&nbsp;&nbsp;&nbsp;&nbsp;&nbsp;&nbsp;&nbsp;&nbsp;&nbsp;&nbsp;&nbsp;&nbsp;&nbsp;&nbsp;&nbsp;&nbsp;&nbsp;&nbsp;&nbsp;&nbsp;&nbsp;&nbsp;&nbsp;&nbsp;&nbsp;&nbsp;&nbsp;&nbsp;&nbsp;&nbsp;&nbsp;&nbsp;&nbsp;&nbsp;&nbsp;&nbsp;&nbsp;&nbsp;&nbsp;&nbsp;&nbsp;&nbsp;&nbsp;&nbsp;&nbsp;&nbsp;&nbsp;&nbsp;&nbsp;&nbsp;&nbsp;&nbsp;&nbsp;&nbsp;&nbsp;&nbsp;&nbsp;&nbsp;&nbsp;&nbsp;&nbsp;&nbsp;&nbsp;&nbsp;&nbsp;&nbsp;&nbsp;&nbsp;&nbsp;&nbsp;&nbsp;&nbsp;&nbsp;&nbsp;&nbsp;&nbsp;&nbsp;&nbsp;&nbsp;&nbsp;&nbsp;&nbsp;&nbsp;&nbsp;&nbsp;&nbsp;&nbsp;&nbsp;&nbsp;&nbsp;&nbsp;&nbsp;&nbsp;&nbsp;&nbsp;&nbsp;&nbsp;&nbsp;&nbsp;&nbsp;&nbsp;&nbsp;&nbsp;&nbsp;&nbsp;<\/strong><\/p>\n\n\n\n<ul>\n<li><strong><em>Formaci\u00f3n docente y autoridad pedag\u00f3gica para escenarios democr\u00e1ticos<\/em><\/strong><\/li>\n<\/ul>\n\n\n\n<p><strong>Subl\u00edneas<\/strong>: Autoridad, \u00c9tica y Pedagog\u00eda. Pr\u00e1cticas Educativas y construcci\u00f3n colectiva. Trabajo cooperativo. Educaci\u00f3n Popular. Integraci\u00f3n Did\u00e1ctica para la pr\u00e1ctica democr\u00e1tica. Formaci\u00f3n docente inicial y continua para la educaci\u00f3n en las distintas modalidades educativas. Grupos de trabajo para el aprendizaje cooperativo. Evaluaci\u00f3n: experiencias formativas.<\/p>\n\n\n\n<ul>\n<li><strong><em>Problem\u00e1ticas contempor\u00e1neas y Derechos Humanos<\/em><\/strong><\/li>\n<\/ul>\n\n\n\n<p><strong>Subl\u00edneas<\/strong>: Educaci\u00f3n Sexual Integral. Educaci\u00f3n Ambiental. Derecho a la Educaci\u00f3n. Derechos del ni\u00f1o, ni\u00f1a y adolescente. Educaci\u00f3n Inclusiva y DDHH. Ciudadan\u00eda y Alfabetizaci\u00f3n Digital. Participaci\u00f3n y pol\u00edticas estudiantiles.<\/p>\n\n\n\n<ul>\n<li><strong><em>Interdisciplinariedad, construcci\u00f3n del saber y democracia<\/em><\/strong><\/li>\n<\/ul>\n\n\n\n<p><strong>Subl\u00edneas<\/strong>: Proyecto pol\u00edtico y pedag\u00f3gico institucional. Programa Acontecer: propuestas institucionales. La transdisciplinariedad en la ense\u00f1anza y el aprendizaje. Propuestas curriculares y extracurriculares. Experiencias de aprendizaje para las trayectorias educativas heterog\u00e9neas. Saberes en di\u00e1logo e investigaci\u00f3n formativa. Propuestas para la reconfiguraci\u00f3n y mejora de la ense\u00f1anza.<\/p>\n\n\n\n<ul>\n<li><strong><em>Propuestas y expresiones art\u00edsticas en la educaci\u00f3n democr\u00e1tica<\/em><\/strong><\/li>\n<\/ul>\n\n\n\n<p><strong>Subl\u00edneas<\/strong>: Pedagog\u00edas y did\u00e1cticas para la diversidad cultural. Arte, saberes y cosmovisiones en la diversidad educativa. Pedagog\u00eda de las Artes y Humanidades. Proyectos art\u00edsticos y problem\u00e1ticas sociales. Experiencias de Educaci\u00f3n No Formal. Corporeidad y lenguajes art\u00edsticos.<\/p>\n\n\n\n<ul>\n<li><strong><em>Proyectos educativos para el fortalecimiento democr\u00e1tico de la sociedad<\/em><\/strong><\/li>\n<\/ul>\n\n\n\n<p><strong>Subl\u00edneas<\/strong>: Estrategias curriculares y did\u00e1cticas para la atenci\u00f3n a la diversidad. Praxis profesional en la formaci\u00f3n docente. Acompa\u00f1amiento a las trayectorias y sentidos socioafectivos. Contenidos complejos y saberes emergentes. Inclusi\u00f3n digital en los procesos formativos docentes. Apoyo Pedag\u00f3gico a Escuelas (APE). Formando Docentes, ampliando la participaci\u00f3n estudiantil. Tutor\u00edas de pares.<\/p>\n\n\n\n<p><img decoding=\"async\" loading=\"lazy\" width=\"16\" height=\"16\" src=\"https:\/\/ensvillaguay-ers.infd.edu.ar\/sitio\/wp-content\/uploads\/2023\/09\/siguiente-boton-2.png\" alt=\"\">&nbsp;<strong>Env\u00edo de res\u00famenes&nbsp;&nbsp;&nbsp;&nbsp;&nbsp;&nbsp;&nbsp;&nbsp;&nbsp;&nbsp;&nbsp;&nbsp;&nbsp;&nbsp;&nbsp;&nbsp;&nbsp;&nbsp;&nbsp;&nbsp;&nbsp;&nbsp;&nbsp;&nbsp;&nbsp;&nbsp;&nbsp;&nbsp;&nbsp;&nbsp;&nbsp;&nbsp;&nbsp;&nbsp;&nbsp;&nbsp;&nbsp;&nbsp;&nbsp;&nbsp;&nbsp;&nbsp;&nbsp;&nbsp;&nbsp;&nbsp;&nbsp;&nbsp;&nbsp;&nbsp;&nbsp;&nbsp;&nbsp;&nbsp;&nbsp;&nbsp;&nbsp;&nbsp;&nbsp;&nbsp;&nbsp;&nbsp;&nbsp;&nbsp;&nbsp;&nbsp;&nbsp;&nbsp;&nbsp;&nbsp;&nbsp;&nbsp;&nbsp;&nbsp;&nbsp;&nbsp;&nbsp;&nbsp;&nbsp;&nbsp;&nbsp;&nbsp;&nbsp;&nbsp;&nbsp;&nbsp;&nbsp;&nbsp;&nbsp;&nbsp;&nbsp;&nbsp; &nbsp;&nbsp;&nbsp;&nbsp;&nbsp;&nbsp;&nbsp;&nbsp;&nbsp;&nbsp;&nbsp;&nbsp;&nbsp;&nbsp;&nbsp;&nbsp;&nbsp;&nbsp;&nbsp;&nbsp;&nbsp;&nbsp;&nbsp;&nbsp;&nbsp;&nbsp;&nbsp;&nbsp;&nbsp;&nbsp;&nbsp;&nbsp;&nbsp;&nbsp;<\/strong><\/p>\n\n\n\n<p><strong><u>Hasta el d\u00eda viernes 20 de octubre de 2023<\/u><\/strong><strong>:&nbsp;<\/strong>fecha l\u00edmite para el env\u00edo de res\u00famenes a trav\u00e9s del siguiente formulario en l\u00ednea por el autor o por uno de los autores:&nbsp;<a href=\"https:\/\/forms.gle\/wE2YfxWKLLkRa53k6\">https:\/\/forms.gle\/wE2YfxWKLLkRa53k6<\/a>.<\/p>\n\n\n\n<p><strong>Pautas de Res\u00famenes de ponencias<\/strong><\/p>\n\n\n\n<p>1) hasta 400 palabras.<\/p>\n\n\n\n<p>2) Incluirse en uno de los Ejes y subl\u00edneas tem\u00e1ticos informados.<\/p>\n\n\n\n<p>3) Los mismos podr\u00e1n estar referidos a proyectos de investigaci\u00f3n, avances de investigaciones, resultados de investigaciones concluidas; programas y proyectos; relatos de experiencias; an\u00e1lisis cr\u00edtico de documentaci\u00f3n y materiales de archivo; toda cuesti\u00f3n que ata\u00f1a a la producci\u00f3n y\/o comunicaci\u00f3n del conocimiento en el nivel superior.&nbsp;<\/p>\n\n\n\n<p>4) Fuente: Times New Roman 12; interlineado 1.5; justificado y sin sangr\u00eda; hoja tama\u00f1o A4; m\u00e1rgenes superior, inferior, izquierdo y derecho de 2,5 cm; n\u00famero de p\u00e1gina.<\/p>\n\n\n\n<p>5) Deber\u00e1n estar encabezados por: a) T\u00edtulo del trabajo: centrado, negrita, may\u00fascula inicial, fuente Times New Roman 12. b) Nombre\/s y apellido\/s del\/de los autor\/es: alineaci\u00f3n derecha, fuente Times New Roman 12. c) Instituci\u00f3n de pertenencia, localidad, provincia, pa\u00eds: alineaci\u00f3n derecha, fuente Times New Roman 12. d) Direcci\u00f3n de correo electr\u00f3nico: alineaci\u00f3n derecha, fuente Times New Roman 12. e) Eje tem\u00e1tico, subl\u00ednea: alineaci\u00f3n derecha, fuente Times New Roman 12.&nbsp;<\/p>\n\n\n\n<p>6) Cada autor podr\u00e1 presentar dos trabajos. Las exposiciones ser\u00e1n de 15 minutos y contar\u00e1n, adem\u00e1s, con 10 minutos para responder preguntas.<\/p>\n\n\n\n<p><img decoding=\"async\" loading=\"lazy\" width=\"16\" height=\"16\" src=\"https:\/\/ensvillaguay-ers.infd.edu.ar\/sitio\/wp-content\/uploads\/2023\/09\/siguiente-boton-2.png\" alt=\"\">&nbsp;<strong>Env\u00edo de ponencias completas&nbsp;&nbsp;&nbsp;&nbsp;&nbsp;&nbsp;&nbsp;&nbsp;&nbsp;&nbsp;&nbsp;&nbsp;&nbsp;&nbsp;&nbsp;&nbsp;&nbsp;&nbsp;&nbsp;&nbsp;&nbsp;&nbsp;&nbsp;&nbsp;&nbsp;&nbsp;&nbsp;&nbsp;&nbsp;&nbsp;&nbsp;&nbsp;&nbsp;&nbsp;&nbsp;&nbsp;&nbsp;&nbsp;&nbsp;&nbsp;&nbsp;&nbsp;&nbsp;&nbsp;&nbsp;&nbsp;&nbsp;&nbsp;&nbsp;&nbsp;&nbsp;&nbsp;&nbsp;&nbsp;&nbsp;&nbsp;&nbsp;&nbsp;&nbsp;&nbsp;&nbsp;&nbsp;&nbsp;&nbsp;&nbsp;&nbsp;&nbsp;&nbsp;&nbsp;&nbsp;&nbsp;&nbsp;&nbsp;&nbsp;&nbsp;&nbsp;<\/strong><\/p>\n\n\n\n<p><strong><u>Hasta el d\u00eda martes 24 de octubre de 2023 inclusive<\/u><\/strong><strong><u>:<\/u><\/strong><strong>&nbsp;<\/strong>fecha l\u00edmite -SIN EXCEPCION \u2013 para la presentaci\u00f3n de los trabajos completos a fin de ser publicados en las actas del Congreso.<\/p>\n\n\n\n<p><strong>Estructura de presentaci\u00f3n de Trabajos Completos<\/strong><\/p>\n\n\n\n<p><strong>Encabezado<\/strong><\/p>\n\n\n\n<p><strong>1) T\u00edtulo<\/strong>: fuente Times New Roman tama\u00f1o 12, en negrita y centrado. Debe ser representativo del contenido, con extensi\u00f3n de hasta 10 palabras. Si es necesario, puede agregarse un subt\u00edtulo de longitud similar. El t\u00edtulo debe ser coincidente con el presentado en el resumen.<\/p>\n\n\n\n<p><strong>2) Eje tem\u00e1tico y subl\u00ednea&nbsp;<\/strong>en la que se inscribe el trabajo: alineaci\u00f3n derecha, fuente Times New Roman 12.<\/p>\n\n\n\n<p><strong>3) Ponente\/s<\/strong>: apellido y nombres, pertenencia institucional y direcci\u00f3n de correo electr\u00f3nico de quien\/es escribe\/n el trabajo (Times New Roman 12, alineado a la izquierda, separaci\u00f3n por comas). Los autores deben ser coincidentes con los presentados en el resumen.<\/p>\n\n\n\n<p><strong>4) Resumen<\/strong>: incluir Resumen de hasta 400 palabras.<\/p>\n\n\n\n<p><strong>5) Palabras claves<\/strong>: incluir no menos de tres y no m\u00e1s de cinco palabras clave, separadas por un punto y coma, alineaci\u00f3n derecha, fuente Times New Roman 12.<\/p>\n\n\n\n<p><strong>Cuerpo del texto de la ponencia<\/strong><\/p>\n\n\n\n<p>a) El documento debe ser enviado en formato PDF, nombr\u00e1ndolo de la siguiente manera: CI_ApellidoNombre_Instituci\u00f3n de pertenencia.<\/p>\n\n\n\n<p>b) Podr\u00e1 tener una extensi\u00f3n m\u00e1xima de 14.000 caracteres con espacios, incluyendo las referencias bibliogr\u00e1ficas, sin contabilizar im\u00e1genes, tablas o gr\u00e1ficos.<\/p>\n\n\n\n<p>c) Fuente: Times New Roman 12; interlineado 1.5; justificado y sin sangr\u00eda; hoja tama\u00f1o A4; m\u00e1rgenes superior, inferior, izquierdo y derecho de 2,5 cm; insertar n\u00fameros de p\u00e1gina.<\/p>\n\n\n\n<p>d) Las citas en el texto y las referencias bibliogr\u00e1ficas ubicadas al final del texto y ordenadas alfab\u00e9ticamente, deben ajustarse al estilo de la Asociaci\u00f3n Americana de Psicolog\u00eda (APA), edici\u00f3n vigente.<\/p>\n\n\n\n<p>e) El documento debe cargarse en un formulario por un s\u00f3lo integrante, si se tratara de una producci\u00f3n grupal.<\/p>\n\n\n\n<p>f) Cargar el archivo en el siguiente formulario en l\u00ednea:&nbsp;<a href=\"https:\/\/forms.gle\/ZapGRJiYcTfi5ZaEA\">https:\/\/forms.gle\/ZapGRJiYcTfi5ZaEA<\/a><\/p>\n\n\n\n<p><img decoding=\"async\" loading=\"lazy\" width=\"16\" height=\"16\" src=\"https:\/\/ensvillaguay-ers.infd.edu.ar\/sitio\/wp-content\/uploads\/2023\/09\/siguiente-boton-2.png\" alt=\"\">&nbsp;<strong>Aranceles&nbsp;&nbsp;&nbsp;&nbsp;&nbsp;&nbsp;&nbsp;&nbsp;&nbsp;&nbsp;&nbsp;&nbsp;&nbsp;&nbsp;&nbsp;&nbsp;&nbsp;&nbsp;&nbsp;&nbsp;&nbsp;&nbsp;&nbsp;&nbsp;&nbsp;&nbsp;&nbsp;&nbsp;&nbsp;&nbsp;&nbsp;&nbsp;&nbsp;&nbsp;&nbsp;&nbsp;&nbsp;&nbsp;&nbsp;&nbsp;&nbsp;&nbsp;&nbsp;&nbsp;&nbsp;&nbsp;&nbsp;&nbsp;&nbsp;&nbsp;&nbsp;&nbsp;&nbsp;&nbsp;&nbsp;&nbsp;&nbsp;&nbsp;&nbsp;&nbsp;&nbsp;&nbsp;&nbsp;&nbsp;&nbsp;&nbsp;&nbsp;&nbsp;&nbsp;&nbsp;&nbsp;&nbsp;&nbsp;&nbsp;&nbsp;&nbsp;&nbsp;&nbsp;&nbsp;&nbsp;&nbsp;&nbsp;&nbsp;&nbsp;&nbsp;&nbsp;&nbsp;&nbsp;&nbsp;&nbsp;&nbsp;&nbsp;&nbsp;&nbsp;&nbsp;&nbsp;&nbsp;&nbsp;&nbsp;&nbsp;&nbsp;&nbsp;&nbsp;&nbsp;&nbsp;&nbsp;&nbsp;&nbsp;&nbsp;&nbsp;&nbsp;&nbsp;&nbsp; &nbsp;&nbsp;<\/strong><\/p>\n\n\n\n<p><strong>Hasta el 20 de octubre<\/strong><\/p>\n\n\n\n<p>Estudiantes de la Escuela Normal Superior Martiniano Leguizam\u00f3n: Sin arancel<\/p>\n\n\n\n<p>Estudiantes de Nivel Superior de otras instituciones: $1000<\/p>\n\n\n\n<p>Ponentes internos: $2000<\/p>\n\n\n\n<p>Ponentes externos: $3000<\/p>\n\n\n\n<p>Docentes de la instituci\u00f3n y Docentes de escuelas asociadas al Nivel Superior: $1000<\/p>\n\n\n\n<p>Asistentes\/P\u00fablico General: $3000<\/p>\n\n\n\n<p><strong>A partir del 21 de octubre y hasta el 25 de octubre<\/strong><\/p>\n\n\n\n<p>Estudiantes de Nivel Superior de otras instituciones: $1500<\/p>\n\n\n\n<p>Ponentes internos: $3000<\/p>\n\n\n\n<p>Ponentes externos: $4000<\/p>\n\n\n\n<p>Docentes de la instituci\u00f3n y Docentes de escuelas asociadas al Nivel Superior: $1500<\/p>\n\n\n\n<p>Asistentes\/P\u00fablico General: $4000<\/p>\n\n\n\n<p>El pago de aranceles para los interesados que residen en la localidad, se realiza en el \u00c1rea administrativa de la Escuela Normal Superior Martiniano Leguizam\u00f3n, en el horario de 08:00 a 22:00 horas.<\/p>\n\n\n\n<p>Al realizar el pago, la Asociaci\u00f3n Cooperadora de la Instituci\u00f3n extender\u00e1 un comprobante, el cual deber\u00e1 ser presentado en la acreditaci\u00f3n.<\/p>\n\n\n\n<p><strong>Los interesados que no residan en la localidad, abonar\u00e1n el arancel correspondiente en la siguiente cuenta:<\/strong><\/p>\n\n\n\n<p>N\u00daMERO DE CUENTA: 445-004138\/0<\/p>\n\n\n\n<p>CBU: 0720445088000000413804<\/p>\n\n\n\n<p>ALIAS: CONGRESO.ENSML.23<\/p>\n\n\n\n<p>BANCO: Santander<\/p>\n\n\n\n<p>CUIL: 27-26436868-0<\/p>\n\n\n\n<p>NOMBRE DEL TITULAR: Analia Juliana Rita Diaz (Coordinadora General del evento)<\/p>\n\n\n\n<p>Cargar imagen del comprobante de la transferencia, reingresando y editando el formulario de inscripci\u00f3n:&nbsp;<a href=\"https:\/\/forms.gle\/9CXQYsmy3otYL9118\"><strong>https:\/\/forms.gle\/9CXQYsmy3otYL9118<\/strong><\/a><\/p>\n\n\n\n<p><img decoding=\"async\" loading=\"lazy\" width=\"16\" height=\"16\" src=\"https:\/\/ensvillaguay-ers.infd.edu.ar\/sitio\/wp-content\/uploads\/2023\/09\/siguiente-boton-2.png\" alt=\"\">&nbsp;<strong>Reconocimiento del I Congreso Integrado de Pr\u00e1cticas Docentes y Derechos Humanos&nbsp;&nbsp;&nbsp;&nbsp;&nbsp;&nbsp;&nbsp;&nbsp;&nbsp;&nbsp;&nbsp;&nbsp;&nbsp;&nbsp;&nbsp;&nbsp;&nbsp;&nbsp;&nbsp;&nbsp;&nbsp;&nbsp;&nbsp;&nbsp;&nbsp;&nbsp;&nbsp;&nbsp;&nbsp;&nbsp;&nbsp;&nbsp;&nbsp;&nbsp;&nbsp;&nbsp;&nbsp;&nbsp;&nbsp;&nbsp;&nbsp;&nbsp;&nbsp;&nbsp;&nbsp;&nbsp;&nbsp;&nbsp;&nbsp;&nbsp;&nbsp;&nbsp;&nbsp;&nbsp;&nbsp;&nbsp;&nbsp;&nbsp;&nbsp;&nbsp;&nbsp;&nbsp;&nbsp;&nbsp;&nbsp;&nbsp;&nbsp;&nbsp;&nbsp;&nbsp;&nbsp;&nbsp;&nbsp;&nbsp;&nbsp;&nbsp;&nbsp;&nbsp;&nbsp;&nbsp;&nbsp;&nbsp;&nbsp;&nbsp;&nbsp;&nbsp;&nbsp;&nbsp;&nbsp;&nbsp;&nbsp;&nbsp;&nbsp;&nbsp;&nbsp;&nbsp;<\/strong><\/p>\n\n\n\n<p>Reconocido por el Consejo General de Educaci\u00f3n, en el marco de la Resoluci\u00f3n n.\u00b0 3266\/11 (Art\u00edculo 8\u00b0), con una carga horaria de sesenta (60) horas reloj.<\/p>\n\n\n\n<p>Declaraci\u00f3n de Inter\u00e9s por la C\u00e1mara de Diputados de la Provincia de Entre R\u00edos (en tr\u00e1mite).<\/p>\n\n\n\n<p>Declaraci\u00f3n de Inter\u00e9s por el Concejo Deliberante de la Municipalidad de Santa Rosa de Villaguay (en tr\u00e1mite).<\/p>\n\n\n\n<p>Declaraci\u00f3n de Inter\u00e9s Educativo por la Direcci\u00f3n Departamental de Escuelas Villaguay (en tr\u00e1mite).<\/p>\n\n\n\n<p><img decoding=\"async\" loading=\"lazy\" width=\"16\" height=\"16\" src=\"https:\/\/ensvillaguay-ers.infd.edu.ar\/sitio\/wp-content\/uploads\/2023\/09\/siguiente-boton-2.png\" alt=\"\">&nbsp;<strong>Contacto<\/strong>:&nbsp;<a href=\"mailto:congresoeducacionensml@gmail.com\">congresoeducacionensml@gmail.com<\/a><\/p>\n\n\n\n<figure class=\"wp-block-table is-style-stripes\"><table><tbody><tr><td class=\"has-text-align-center\" data-align=\"center\"><strong>Tercera Circular<\/strong><\/td><td class=\"has-text-align-center\" data-align=\"center\"><strong><a href=\"https:\/\/drive.google.com\/file\/d\/1zlqDC0aweCSgZepLmoGIqtNsVcTJIrZq\/view?usp=sharing\" data-type=\"URL\" data-id=\"https:\/\/drive.google.com\/file\/d\/1zlqDC0aweCSgZepLmoGIqtNsVcTJIrZq\/view?usp=sharing\" target=\"_blank\" rel=\"noreferrer noopener\">Descargar<\/a><\/strong><\/td><\/tr><\/tbody><\/table><\/figure>\n","protected":false},"excerpt":{"rendered":"<p>EXTENSI\u00d3N DE PLAZOS PARA LA PRESENTACI\u00d3N DE RES\u00daMENES Y PONENCIAS COMPLETAS La Escuela Normal Superior Martiniano Leguizam\u00f3n de la ciudad de Villaguay Entre R\u00edos organiza el&nbsp;I Congreso Integrado de Pr\u00e1cticas Docentes y Derechos&nbsp;Humanos, bajo el lema&nbsp;Formaci\u00f3n y Pr\u00e1cticas Docentes desde la perspectiva de los Derechos Humanos. A cuarenta a\u00f1os de la recuperaci\u00f3n democr\u00e1tica en Argentina. &#8230; <a title=\"3\u00b0 Circular\" class=\"read-more\" href=\"https:\/\/ensvillaguay-ers.infd.edu.ar\/sitio\/3-circular\/\" aria-label=\"More on 3\u00b0 Circular\">[+]<\/a><\/p>\n","protected":false},"author":1427,"featured_media":0,"parent":0,"menu_order":0,"comment_status":"closed","ping_status":"closed","template":"","meta":[],"acf":[],"_links":{"self":[{"href":"https:\/\/ensvillaguay-ers.infd.edu.ar\/sitio\/wp-json\/wp\/v2\/pages\/8878"}],"collection":[{"href":"https:\/\/ensvillaguay-ers.infd.edu.ar\/sitio\/wp-json\/wp\/v2\/pages"}],"about":[{"href":"https:\/\/ensvillaguay-ers.infd.edu.ar\/sitio\/wp-json\/wp\/v2\/types\/page"}],"author":[{"embeddable":true,"href":"https:\/\/ensvillaguay-ers.infd.edu.ar\/sitio\/wp-json\/wp\/v2\/users\/1427"}],"replies":[{"embeddable":true,"href":"https:\/\/ensvillaguay-ers.infd.edu.ar\/sitio\/wp-json\/wp\/v2\/comments?post=8878"}],"version-history":[{"count":5,"href":"https:\/\/ensvillaguay-ers.infd.edu.ar\/sitio\/wp-json\/wp\/v2\/pages\/8878\/revisions"}],"predecessor-version":[{"id":9080,"href":"https:\/\/ensvillaguay-ers.infd.edu.ar\/sitio\/wp-json\/wp\/v2\/pages\/8878\/revisions\/9080"}],"wp:attachment":[{"href":"https:\/\/ensvillaguay-ers.infd.edu.ar\/sitio\/wp-json\/wp\/v2\/media?parent=8878"}],"curies":[{"name":"wp","href":"https:\/\/api.w.org\/{rel}","templated":true}]}}