{"id":8899,"date":"2023-10-05T12:16:20","date_gmt":"2023-10-05T15:16:20","guid":{"rendered":"https:\/\/ensvillaguay-ers.infd.edu.ar\/sitio\/?page_id=8899"},"modified":"2023-10-17T18:44:25","modified_gmt":"2023-10-17T21:44:25","slug":"conferencistas","status":"publish","type":"page","link":"https:\/\/ensvillaguay-ers.infd.edu.ar\/sitio\/conferencistas\/","title":{"rendered":"Conferencistas"},"content":{"rendered":"\n<figure class=\"wp-block-image size-full\"><img decoding=\"async\" loading=\"lazy\" width=\"1584\" height=\"396\" src=\"https:\/\/ensvillaguay-ers.infd.edu.ar\/sitio\/wp-content\/uploads\/2023\/10\/WhatsApp-Image-2023-09-12-at-09.57.20-1.jpeg\" alt=\"\" class=\"wp-image-8900\" srcset=\"https:\/\/ensvillaguay-ers.infd.edu.ar\/sitio\/wp-content\/uploads\/2023\/10\/WhatsApp-Image-2023-09-12-at-09.57.20-1.jpeg 1584w, https:\/\/ensvillaguay-ers.infd.edu.ar\/sitio\/wp-content\/uploads\/2023\/10\/WhatsApp-Image-2023-09-12-at-09.57.20-1-1000x250.jpeg 1000w, https:\/\/ensvillaguay-ers.infd.edu.ar\/sitio\/wp-content\/uploads\/2023\/10\/WhatsApp-Image-2023-09-12-at-09.57.20-1-768x192.jpeg 768w, https:\/\/ensvillaguay-ers.infd.edu.ar\/sitio\/wp-content\/uploads\/2023\/10\/WhatsApp-Image-2023-09-12-at-09.57.20-1-1536x384.jpeg 1536w\" sizes=\"(max-width: 1584px) 100vw, 1584px\" \/><\/figure>\n\n\n\n<p>La Escuela Normal Superior Martiniano Leguizam\u00f3n de la ciudad de Villaguay Entre R\u00edos invita al<strong>&nbsp;I Congreso Integrado de Pr\u00e1cticas Docentes y Derechos Humanos:&nbsp;<em>\u201cFormaci\u00f3n y Pr\u00e1cticas Docentes desde la perspectiva de los Derechos Humanos. A cuarenta a\u00f1os de la Recuperaci\u00f3n Democr\u00e1tica en Argentina\u201d.<\/em><\/strong><\/p>\n\n\n\n<p>Los 40 a\u00f1os de democracia han permitido cuestionar, problematizar y movilizar sentidos, generando pr\u00e1cticas transformadoras en la formaci\u00f3n docente. Pr\u00e1cticas comprometidas social y pol\u00edticamente en la ampliaci\u00f3n de derechos, reafirmando el compromiso pedag\u00f3gico e institucional de construcci\u00f3n colectiva.<\/p>\n\n\n<h4 style=\"text-align: center;\"><strong data-rich-text-format-boundary=\"true\">Conferencistas\u00a0<\/strong><\/h4>\n<p style=\"text-align: center;\"><div id=\"metaslider-id-8965\" style=\"width: 100%; margin: 0 auto;\" class=\"ml-slider-3-33-0 metaslider metaslider-flex metaslider-8965 ml-slider ms-theme-default\" role=\"region\" aria-roledescription=\"Slideshow\" aria-label=\"Nueva presentaci\u00f3n de diapositivas\">\n    <div id=\"metaslider_container_8965\">\n        <div id=\"metaslider_8965\" class=\"flexslider\">\n            <ul aria-live=\"polite\" class=\"slides\">\n                <li style=\"display: none; width: 100%;\" class=\"slide-9075 ms-image\" aria-roledescription=\"slide\" aria-label=\"slide-9075\"><img src=\"https:\/\/ensvillaguay-ers.infd.edu.ar\/sitio\/wp-content\/uploads\/2023\/10\/26-10-3-472x668.png\" height=\"668\" width=\"472\" alt=\"\" class=\"slider-8965 slide-9075\" title=\"26-10\" \/><\/li>\n                <li style=\"display: none; width: 100%;\" class=\"slide-9076 ms-image\" aria-roledescription=\"slide\" aria-label=\"slide-9076\"><img src=\"https:\/\/ensvillaguay-ers.infd.edu.ar\/sitio\/wp-content\/uploads\/2023\/10\/Baraldi-4-472x668.png\" height=\"668\" width=\"472\" alt=\"\" class=\"slider-8965 slide-9076\" title=\"Baraldi\" \/><\/li>\n                <li style=\"display: none; width: 100%;\" class=\"slide-9077 ms-image\" aria-roledescription=\"slide\" aria-label=\"slide-9077\"><img src=\"https:\/\/ensvillaguay-ers.infd.edu.ar\/sitio\/wp-content\/uploads\/2023\/10\/Gamarra-4-472x668.png\" height=\"668\" width=\"472\" alt=\"\" class=\"slider-8965 slide-9077\" title=\"Gamarra\" \/><\/li>\n                <li style=\"display: none; width: 100%;\" class=\"slide-8968 ms-image\" aria-roledescription=\"slide\" aria-label=\"slide-8968\"><img src=\"https:\/\/ensvillaguay-ers.infd.edu.ar\/sitio\/wp-content\/uploads\/2023\/10\/Isauro-1-472x668.png\" height=\"668\" width=\"472\" alt=\"\" class=\"slider-8965 slide-8968\" title=\"Isauro-1\" \/><\/li>\n                <li style=\"display: none; width: 100%;\" class=\"slide-8969 ms-image\" aria-roledescription=\"slide\" aria-label=\"slide-8969\"><img src=\"https:\/\/ensvillaguay-ers.infd.edu.ar\/sitio\/wp-content\/uploads\/2023\/10\/Badano-2-472x668.png\" height=\"668\" width=\"472\" alt=\"\" class=\"slider-8965 slide-8969\" title=\"Badano-2\" \/><\/li>\n            <\/ul>\n        <\/div>\n        \n    <\/div>\n<\/div><\/p>\n<p style=\"text-align: center;\"><div id=\"metaslider-id-8972\" style=\"width: 100%; margin: 0 auto;\" class=\"ml-slider-3-33-0 metaslider metaslider-flex metaslider-8972 ml-slider ms-theme-default\" role=\"region\" aria-roledescription=\"Slideshow\" aria-label=\"Nueva presentaci\u00f3n de diapositivas\">\n    <div id=\"metaslider_container_8972\">\n        <div id=\"metaslider_8972\" class=\"flexslider\">\n            <ul aria-live=\"polite\" class=\"slides\">\n                <li style=\"display: none; width: 100%;\" class=\"slide-9070 ms-image\" aria-roledescription=\"slide\" aria-label=\"slide-9070\"><img src=\"https:\/\/ensvillaguay-ers.infd.edu.ar\/sitio\/wp-content\/uploads\/2023\/10\/Orange-white-Dark-Blue-Creative-Corporate-Business-Flyer-Template-1-472x668.png\" height=\"668\" width=\"472\" alt=\"\" class=\"slider-8972 slide-9070\" title=\"Orange &amp; white Dark Blue Creative Corporate Business Flyer Template\" \/><\/li>\n                <li style=\"display: none; width: 100%;\" class=\"slide-8981 ms-image\" aria-roledescription=\"slide\" aria-label=\"slide-8981\"><img src=\"https:\/\/ensvillaguay-ers.infd.edu.ar\/sitio\/wp-content\/uploads\/2023\/10\/Bembo-3-472x668.png\" height=\"668\" width=\"472\" alt=\"\" class=\"slider-8972 slide-8981\" title=\"Bembo\" \/><\/li>\n                <li style=\"display: none; width: 100%;\" class=\"slide-8983 ms-image\" aria-roledescription=\"slide\" aria-label=\"slide-8983\"><img src=\"https:\/\/ensvillaguay-ers.infd.edu.ar\/sitio\/wp-content\/uploads\/2023\/10\/Wetzel-3-472x668.png\" height=\"668\" width=\"472\" alt=\"\" class=\"slider-8972 slide-8983\" title=\"Wetzel\" \/><\/li>\n            <\/ul>\n        <\/div>\n        \n    <\/div>\n<\/div><\/p>\n<p style=\"text-align: center;\">\u00a0<\/p>\n\n\n<p><\/p>\n","protected":false},"excerpt":{"rendered":"<p>La Escuela Normal Superior Martiniano Leguizam\u00f3n de la ciudad de Villaguay Entre R\u00edos invita al&nbsp;I Congreso Integrado de Pr\u00e1cticas Docentes y Derechos Humanos:&nbsp;\u201cFormaci\u00f3n y Pr\u00e1cticas Docentes desde la perspectiva de los Derechos Humanos. A cuarenta a\u00f1os de la Recuperaci\u00f3n Democr\u00e1tica en Argentina\u201d. Los 40 a\u00f1os de democracia han permitido cuestionar, problematizar y movilizar sentidos, generando &#8230; <a title=\"Conferencistas\" class=\"read-more\" href=\"https:\/\/ensvillaguay-ers.infd.edu.ar\/sitio\/conferencistas\/\" aria-label=\"More on Conferencistas\">[+]<\/a><\/p>\n","protected":false},"author":1427,"featured_media":0,"parent":0,"menu_order":0,"comment_status":"closed","ping_status":"closed","template":"","meta":[],"acf":[],"_links":{"self":[{"href":"https:\/\/ensvillaguay-ers.infd.edu.ar\/sitio\/wp-json\/wp\/v2\/pages\/8899"}],"collection":[{"href":"https:\/\/ensvillaguay-ers.infd.edu.ar\/sitio\/wp-json\/wp\/v2\/pages"}],"about":[{"href":"https:\/\/ensvillaguay-ers.infd.edu.ar\/sitio\/wp-json\/wp\/v2\/types\/page"}],"author":[{"embeddable":true,"href":"https:\/\/ensvillaguay-ers.infd.edu.ar\/sitio\/wp-json\/wp\/v2\/users\/1427"}],"replies":[{"embeddable":true,"href":"https:\/\/ensvillaguay-ers.infd.edu.ar\/sitio\/wp-json\/wp\/v2\/comments?post=8899"}],"version-history":[{"count":12,"href":"https:\/\/ensvillaguay-ers.infd.edu.ar\/sitio\/wp-json\/wp\/v2\/pages\/8899\/revisions"}],"predecessor-version":[{"id":9090,"href":"https:\/\/ensvillaguay-ers.infd.edu.ar\/sitio\/wp-json\/wp\/v2\/pages\/8899\/revisions\/9090"}],"wp:attachment":[{"href":"https:\/\/ensvillaguay-ers.infd.edu.ar\/sitio\/wp-json\/wp\/v2\/media?parent=8899"}],"curies":[{"name":"wp","href":"https:\/\/api.w.org\/{rel}","templated":true}]}}